{"id":53,"date":"2013-01-15T12:53:50","date_gmt":"2013-01-15T12:53:50","guid":{"rendered":"http:\/\/www.mysaasplace.com\/?page_id=53"},"modified":"2013-03-11T07:53:53","modified_gmt":"2013-03-11T07:53:53","slug":"sobre-contabilidad","status":"publish","type":"page","link":"https:\/\/www.mysaasplace.com\/es\/funciones\/contabilidad\/sobre-contabilidad\/","title":{"rendered":"Primeros Pasos Contabilidad"},"content":{"rendered":"<h2>Contabilidad<\/h2>\r\n<p>Cuatro sencillos paso para disponer del <strong>Programa de Contabilidad <\/strong>de<a href=\"http:\/\/www.mysaasplace.com\" target=\"_blank\"><strong> MySaaSPlace<\/strong><\/a>\u00a0gratuito y para siempre, pru\u00e9balo y comprobar\u00e1s lo sencillo que resulta tener la <strong>contabilidad de tu empresa<\/strong> funcionando y accesible desde cualquier lugar en menos de 2 minutos.<br \/> <br \/>Solo si deseas m\u00e1s prestaciones o usuarios adicionales, tendr\u00e1s la opci\u00f3n de contratar alguno de nuestros servicios.<\/p>\r\n<table summary=\"primeros pasos\">\r\n<tbody>\r\n<tr>\r\n<td>\r\n<p><img alt=\"pasos\" src=\"\/images\/iconos\/paso1.png\" longdesc=\"paso primero\" \/><\/p><\/td>\r\n<td>\r\n<strong><a href=\"https:\/\/azure.mysaasplace.com\/Account\/Register.aspx\" target=\"_blank\">Date de Alta GRATIS en MySaaSPlace<\/a>:<\/strong> Date de alta gratis en <strong>MySaaSPlace<\/strong>. Rellena los datos de tu empresa, y tu <strong>Programa de Contabilidad<\/strong> estar\u00e1 listo para usarlo.<\/td>\r\n<\/tr>\r\n<tr>\r\n<td><img alt=\"pasos\" src=\"\/images\/iconos\/paso2.png\" longdesc=\"paso segundo\" \/><\/td>\r\n<td><strong>Visualiza el Plan General Contable:<\/strong> Revisa el <strong>Plan Contable<\/strong> que le hemos insertado por defecto y a\u00f1ade o modifiqua aquellas cuentas que te sean m\u00e1s \u00fatiles para la gesti\u00f3n de tu <strong>contabilidad<\/strong>. Por defecto cargamos el <strong>Plan General Contable<\/strong> de tu Pa\u00eds.<\/td>\r\n<\/tr>\r\n<tr>\r\n<td><img alt=\"pasos\" src=\"\/images\/iconos\/paso3.png\" longdesc=\"paso tercero\" \/><\/td>\r\n<td>\r\n<strong>Comienza con la inserci\u00f3n de asientos contables:<\/strong> Inserta los asientos contables en tu <strong>contabilidad<\/strong> y\u00a0comprobar\u00e1s lo sencillo que es. Si tienes pensado utilizar nuestro <strong>Programa de Facturaci\u00f3n<\/strong>, te ser\u00e1 \u00e1un mas sencillo, ya que ventas y compras se contabilizan de forma autom\u00e1tica.<\/td>\r\n<\/tr>\r\n<tr>\r\n<td><img alt=\"pasos\" src=\"\/images\/iconos\/paso4.png\" longdesc=\"paso cuarto\" \/><\/td>\r\n<td><strong>Explota la informaci\u00f3n contable:<\/strong> Una vez que comienzas la inserci\u00f3n de asientos, podr\u00e1s empezar a visualizar el resultado en los informes previamente definidos, P\u00e9rdidas y Ganancias (PyG), Balance de Situaci\u00f3n, Diario, Sumas y Saldos, etc.<\/td>\r\n<\/tr>\r\n<\/tbody><\/table>\r\n<p><br \/>El <strong>Programa de Contabilidad\u00a0 de MySaaSPlace<\/strong> es una potente herramienta On Line que se comercializa en la modalidad de Software como Servicio (Saas \u2013 Software as a Service). <br \/>Hasta ahora el <strong>software de contabilidad<\/strong> existente en el mercado consist\u00eda en programas que requieren de una instalaci\u00f3n (en ocasiones compleja) en tus servidores u ordenador personal y que te obligaba a:<\/p>\r\n<ul>\r\n\t<li>Disponer de equipos dedicados para la <strong>contabilidad<\/strong>.<\/li>\r\n\t<li>Suscribir soporte y actualizaciones.<\/li>\r\n\t<li>Realizar actualizaciones que no siempre pueden tener un resultado acertado.<\/li>\r\n<\/ul>\r\n<p>Con <strong>MySaaSPlace,\u00a0<\/strong>\u00a0tu <strong>Programa de Contabilidad<\/strong> ser\u00e1 accesible a trav\u00e9s de su navegador de Internet, por lo que ya no necesitar\u00e1s comprar caros programas ni realizar complejas instalaciones en tu PC o servidor.<\/p>\r\n<p>Tampoco necesitar\u00e1s pagar servicios de mantenimiento para obtener nuevas actualizaciones\u00a0 o para que te atiendan al tel\u00e9fono frente a las dudas o consultas que te surjan en el uso del programa.<\/p>\r\n<p>En <strong>MySaaSPlace<\/strong> podr\u00e1s contratar un completo <strong>Programa de Contabilidad<\/strong> mediante el pago de una cuota mensual, sin instalar programas, ni mantener servidores, todo a trav\u00e9s de Internet, con tu PC u otro, siempre que estes contectado a Internet.<\/p>\r\n<p>Debido a que tu <strong>Programa de Contabilidad<\/strong> estar\u00e1 en los sistemas de <strong>MySaaSPlace<\/strong> podr\u00e1s acceder, desde tu puesto de trabajo, desde tu casa o desde donde desees, a toda la informaci\u00f3n de tu empresa en tiempo real, sin costosos sistemas de conexi\u00f3n a tus servidores, como VPN, o caras l\u00edneas de acceso.<\/p>\r\n<p>Adem\u00e1s, con el\u00a0<strong>Programa de Contabilidad de MySaaSPlace<\/strong>, te despreocupas de las copias de seguridad de tus datos y del almacenamiento de los mismos, porque <strong>MySaaSPlace<\/strong> hace todo esto por ti., sabiendo que tus datos estar\u00e1n siempre en tu poder, para poder llev\u00e1rselos a donde\u00a0quieras, cuando quieras.<\/p>\r\n<p>El coste del <strong>Programa de Contabilidad de MySaaSPlace<\/strong> es m\u00e1s competitivo que cualquier otra alternativa de software instalado\u00a0ya que s\u00f3lo pagas por el servicio mediante reducidas cuotas mensuales o anuales. Consulta nuestros <a href=\"http:\/\/www.mysaasplace.com\/es\/planes-y-precios\/\" target=\"_blank\"><strong>Planes y Precios<\/strong><\/a> y te convencer\u00e1s.<\/p>\r\n<p>Nuestro <strong>Programa de Contabilidad<\/strong> dispone de los planes contables que se adaptan a tu empresa, pudiendo tambi\u00e9n configurarte el plan contable a tu medida, dise\u00f1ar listados, balances e informes.<\/p>\r\n<p>La <strong>factura electr\u00f3nica<\/strong> es otra de las claves a exigir en un <strong>Programa de Gesti\u00f3n<\/strong>, por ello <strong>MySaaSPlace<\/strong> dispone de total compatibilidad como la mayor\u00eda de los sistemas de factura electr\u00f3nica del mercado.<\/p>\r\n","protected":false},"excerpt":{"rendered":"<p>Contabilidad Cuatro sencillos paso para disponer del Programa de Contabilidad de MySaaSPlace\u00a0gratuito y para siempre, pru\u00e9balo y comprobar\u00e1s lo sencillo que resulta tener la contabilidad de tu empresa funcionando y accesible desde cualquier lugar en menos de 2 minutos. Solo si deseas m\u00e1s prestaciones o usuarios adicionales, tendr\u00e1s la opci\u00f3n de contratar alguno de nuestros [&hellip;]<\/p>\n","protected":false},"author":1,"featured_media":156,"parent":47,"menu_order":1,"comment_status":"closed","ping_status":"closed","template":"","meta":[],"_links":{"self":[{"href":"https:\/\/www.mysaasplace.com\/es\/wp-json\/wp\/v2\/pages\/53"}],"collection":[{"href":"https:\/\/www.mysaasplace.com\/es\/wp-json\/wp\/v2\/pages"}],"about":[{"href":"https:\/\/www.mysaasplace.com\/es\/wp-json\/wp\/v2\/types\/page"}],"author":[{"embeddable":true,"href":"https:\/\/www.mysaasplace.com\/es\/wp-json\/wp\/v2\/users\/1"}],"replies":[{"embeddable":true,"href":"https:\/\/www.mysaasplace.com\/es\/wp-json\/wp\/v2\/comments?post=53"}],"version-history":[{"count":20,"href":"https:\/\/www.mysaasplace.com\/es\/wp-json\/wp\/v2\/pages\/53\/revisions"}],"predecessor-version":[{"id":1386,"href":"https:\/\/www.mysaasplace.com\/es\/wp-json\/wp\/v2\/pages\/53\/revisions\/1386"}],"up":[{"embeddable":true,"href":"https:\/\/www.mysaasplace.com\/es\/wp-json\/wp\/v2\/pages\/47"}],"wp:featuredmedia":[{"embeddable":true,"href":"https:\/\/www.mysaasplace.com\/es\/wp-json\/wp\/v2\/media\/156"}],"wp:attachment":[{"href":"https:\/\/www.mysaasplace.com\/es\/wp-json\/wp\/v2\/media?parent=53"}],"curies":[{"name":"wp","href":"https:\/\/api.w.org\/{rel}","templated":true}]}}