{"id":490,"date":"2013-01-21T11:44:43","date_gmt":"2013-01-21T11:44:43","guid":{"rendered":"http:\/\/www.mysaasplace.com\/?page_id=490"},"modified":"2021-01-21T04:59:20","modified_gmt":"2021-01-21T04:59:20","slug":"smartphones","status":"publish","type":"page","link":"https:\/\/www.mysaasplace.com\/es\/smartphones\/","title":{"rendered":"SmartPhones"},"content":{"rendered":"<h2>SmartPhones<\/h2><p>Ya est\u00e1 disponible <a href=\"http:\/\/www.mysaasplace.com\"><strong>MySaaSPlace<\/strong><\/a> para SmartPhones.<\/p><p>Desc\u00e1rgate <strong>GRATIS<\/strong> tu\u00a0APP de <strong>MySaaSPlace<\/strong> para SmartPhone aqu\u00ed. Tambi\u00e9n podr\u00e1s instalar el APP desde tu Smart Phone, si buscas en el la Tienda de Tu Smartphone \u00abMySaaSPlace\u00bb.<\/p><p><a href=\"https:\/\/www.microsoft.com\/store\/apps\/9N19CWHG7WCF\"><img loading=\"lazy\" class=\"alignnone size-medium\" src=\"http:\/\/www.mysaasplace.com\/images\/promos\/es\/es_Microsoftx50.png\" width=\"138\" height=\"50\" \/><\/a> <a href=\"https:\/\/play.google.com\/store\/apps\/details?id=com.companyname.MSP.Phone&amp;amp;pcampaignid=pcampaignidMKT-Other-global-all-co-prtnr-py-PartBadge-Mar2515-1\"><img loading=\"lazy\" class=\"alignnone size-medium\" src=\"http:\/\/www.mysaasplace.com\/images\/promos\/es\/es_googlex50.png\" width=\"166\" height=\"50\" \/><\/a> <a href=\"https:\/\/itunes.apple.com\/app\/mysaasplace\/id1547079117\"><img loading=\"lazy\" class=\"alignnone size-medium\" src=\"http:\/\/www.mysaasplace.com\/images\/promos\/es\/es_applex50.png\" width=\"149\" height=\"50\" \/><\/a><\/p><p class=\"align-center margin-bottom-minus-30\">\u00a0<\/p><div class=\"tabla_container\"><table summary=\"windows phone\"><tbody><tr><td><img loading=\"lazy\" class=\"alignnone size-medium\" src=\"http:\/\/www.mysaasplace.com\/images\/promos\/es\/es_applepromo0-100.png\" width=\"100\" height=\"177\" \/><\/td><td>Ahora ya es posible gestionar las tareas de los proyectos de nuestra <a href=\"http:\/\/www.mysaasplace.com\/es\/funciones\/gestion-integrada-de-proyectos\/\" target=\"_blank\" rel=\"noopener\"><strong>Gesti\u00f3n Integrada de Proyectos<\/strong> <\/a>desde tu SmartPhone . Cuando entras en <a href=\"http:\/\/www.mysaasplace.com\"><strong>MySaaSPlace<\/strong><\/a> desde tu Smart Phone la primera pantalla que te aparece es la de \u00abTareas para Hoy\u00bb. De esta forma no tienes que conectar tu PC a Internet, lo haces\u00a0desde tu\u00a0m\u00f3vil.<\/td><\/tr><\/tbody><\/table><table summary=\"windows phone\"><tbody><tr><td><img loading=\"lazy\" class=\"alignnone size-medium\" src=\"http:\/\/www.mysaasplace.com\/images\/promos\/es\/es_applepromo1-100.png\" width=\"100\" height=\"177\" \/><\/td><td>De la misma forma puedes gestionar las sesiones que tienes dentro de una tarea. Con <strong>MySaasPlace<\/strong> puedes iniciar la sesi\u00f3n de dicha tarea o darla por finalizada cuando acabe tu trabajo,\u00a0y tener\u00a0toda la informaci\u00f3n de dicha tarea en tiempo real y desde cualquier lugar.<\/td><\/tr><\/tbody><\/table><table summary=\"windows phone\"><tbody><tr><td><img loading=\"lazy\" class=\"alignnone size-medium\" src=\"http:\/\/www.mysaasplace.com\/images\/promos\/es\/es_applepromo2-100.png\" width=\"100\" height=\"177\" \/><\/td><td>Como no pod\u00eda ser de otra forma, en todo proyecto es necesario disponer de la documentaci\u00f3n del mismo siempre a mano, por ejemplo si est\u00e1s en una obra y\u00a0necesitas un documento que se encuentra cargado en el proyecto, podr\u00e1s acceder a \u00e9l desde tu Smart Phone con <a href=\"http:\/\/www.mysaasplace.com\"><strong>MySaaSPlace<\/strong><\/a>.<\/td><\/tr><\/tbody><\/table><\/div><p>No lo dudes m\u00e1s, si est\u00e1s buscando un <a href=\"http:\/\/www.mysaasplace.com\/es\/funciones\/gestion-integrada-de-proyectos\/\" target=\"_blank\" rel=\"noopener\"><strong>Programa de Gesti\u00f3n de Proyectos<\/strong><\/a> que cubra todas tus necesidades ,<strong> MySaaSPlace<\/strong> es tu mejor soluci\u00f3n. <a href=\"https:\/\/azure.mysaasplace.com\/Account\/Register.aspx\" target=\"_blank\" rel=\"noopener\"><strong>DATE DE ALTA<\/strong><\/a>\u00a0 y utiliza el mejor\u00a0<strong>Programa de Gesti\u00f3n de Proyectos<\/strong> ON LINE totalmente gratis para siempre.<\/p>","protected":false},"excerpt":{"rendered":"<p>SmartPhonesYa est\u00e1 disponible MySaaSPlace para SmartPhones.Desc\u00e1rgate GRATIS tu\u00a0APP de MySaaSPlace para SmartPhone aqu\u00ed. Tambi\u00e9n podr\u00e1s instalar el APP desde tu Smart Phone, si buscas en el la Tienda de Tu Smartphone \u00abMySaaSPlace\u00bb. \u00a0Ahora ya es posible gestionar las tareas de los proyectos de nuestra Gesti\u00f3n Integrada de Proyectos desde tu SmartPhone . Cuando entras en [&hellip;]<\/p>\n","protected":false},"author":1,"featured_media":491,"parent":0,"menu_order":0,"comment_status":"closed","ping_status":"closed","template":"","meta":[],"_links":{"self":[{"href":"https:\/\/www.mysaasplace.com\/es\/wp-json\/wp\/v2\/pages\/490"}],"collection":[{"href":"https:\/\/www.mysaasplace.com\/es\/wp-json\/wp\/v2\/pages"}],"about":[{"href":"https:\/\/www.mysaasplace.com\/es\/wp-json\/wp\/v2\/types\/page"}],"author":[{"embeddable":true,"href":"https:\/\/www.mysaasplace.com\/es\/wp-json\/wp\/v2\/users\/1"}],"replies":[{"embeddable":true,"href":"https:\/\/www.mysaasplace.com\/es\/wp-json\/wp\/v2\/comments?post=490"}],"version-history":[{"count":24,"href":"https:\/\/www.mysaasplace.com\/es\/wp-json\/wp\/v2\/pages\/490\/revisions"}],"predecessor-version":[{"id":2122,"href":"https:\/\/www.mysaasplace.com\/es\/wp-json\/wp\/v2\/pages\/490\/revisions\/2122"}],"wp:featuredmedia":[{"embeddable":true,"href":"https:\/\/www.mysaasplace.com\/es\/wp-json\/wp\/v2\/media\/491"}],"wp:attachment":[{"href":"https:\/\/www.mysaasplace.com\/es\/wp-json\/wp\/v2\/media?parent=490"}],"curies":[{"name":"wp","href":"https:\/\/api.w.org\/{rel}","templated":true}]}}