{"id":479,"date":"2013-01-21T11:17:00","date_gmt":"2013-01-21T11:17:00","guid":{"rendered":"http:\/\/www.mysaasplace.com\/?page_id=479"},"modified":"2013-04-10T07:58:44","modified_gmt":"2013-04-10T07:58:44","slug":"como-empezar","status":"publish","type":"page","link":"https:\/\/www.mysaasplace.com\/es\/como-empezar\/","title":{"rendered":"C\u00f3mo empezar"},"content":{"rendered":"<h2>C\u00f3mo empezar<\/h2>\r\n<p>En <a href=\"http:\/\/www.mysaasplace.com\"><strong>MySaaSPlace<\/strong><\/a> queremos pon\u00e9rtelo f\u00e1cil.<\/p>\r\n<p>En s\u00f3lo cuatro pasos podr\u00e1s disfrutar de tus <strong>Programas de Gesti\u00f3n<\/strong> ahorrando costes desde el primer d\u00eda y para toda la vida.<\/p>\r\n<p>En <strong>MySaaSPlace<\/strong> estamos convencidos de la potencia y eficacia de nuestro <strong>software de gesti\u00f3n. <\/strong>Sabemos que si nos pruebas no encontrar\u00e1s una forma major\u00a0para tener un completo paquete de programas de gesti\u00f3n al major precio\u00a0del mercado.<\/p>\r\n<p>Ese es nuestro compromiso. <br \/><a href=\"#subir\">Subir<\/a><\/p>\r\n<p><a id=\"informese\" name=\"informese\"><\/a><\/p>\r\n<h2>Inf\u00f3rmate sobre MySaaSPlace<\/h2>\r\n<p>Queremos\u00a0que\u00a0valores el servicio que <strong>MySaaSPlace<\/strong> te ofrecer\u00e1 antes de que decidas contratar cualquiera de nuestras aplicaciones. Para ello te recomendamos que te dirijas a nuestra <a href=\"http:\/\/www.mysaasplace.com\"><strong>p\u00e1gina principal<\/strong><\/a> y nos conozcas.<\/p>\r\n<p><img alt=\"screenshot home\" src=\"\/images\/screenshots\/es\/screenshot1.jpg\" \/><\/p>\r\n<p>En la barra superior de nuestra Web, dispones de un Men\u00fa que te dar\u00e1 acceso a toda la informaci\u00f3n sobre nuestras soluciones.<\/p>\r\n<p><br \/><a href=\"#subir\">Subir<\/a><\/p>\r\n<p><a id=\"servicios\" name=\"servicios\"><\/a><\/p>\r\n<h2>Inf\u00f3rmate de nuestra oferta de servicios<\/h2>\r\n<p>La <a href=\"http:\/\/www.mysaasplace.com\"><strong>p\u00e1gina principal<\/strong><\/a>\u00a0est\u00e1 el men\u00fa\u00a0de <a href=\"\/es\/soluciones\/\"><strong>Soluciones<\/strong><\/a> que muestra distintos tipos de empresa desglosados en base a sus necesidades concretas, para definir m\u00e1s claramente el producto<strong> MySaaSPlace<\/strong> que necesitas.<\/p>\r\n<p>Estos botones te llevan de forma inmediata a nuestros productos en base a las actividades de cada empresa: <strong>Servicios y Gremios, Servicios de Alquileres, Distribuci\u00f3n y Asesor\u00edas.<\/strong><\/p>\r\n<p><img alt=\"screenshot menu\" src=\"\/images\/screenshots\/es\/screenshot2.jpg\" \/><\/p>\r\n<p>Una vez seleccionada llegar\u00e1s a una pantalla donde se definen cada uno de los\u00a0Programas (<strong><a href=\"http:\/\/www.mysaasplace.com\/es\/funciones\/gestion-integrada-de-proyectos\/\" target=\"_blank\">Gesti\u00f3n Integrada de Proyectos<\/a>, <a href=\"http:\/\/www.mysaasplace.com\/es\/funciones\/contabilidad\/\" target=\"_blank\">Contabilidad <\/a>y <a href=\"http:\/\/www.mysaasplace.com\/es\/funciones\/facturacion\/\" target=\"_blank\">Facturaci\u00f3n<\/a><\/strong>) que forman <strong>MySaaSPlac<\/strong>e.<\/p>\r\n<p>Los hemos separado para que puedas escoger por cu\u00e1l quieres comenzar a informarte.<\/p>\r\n<p><img alt=\"screenshot funciones\" src=\"\/images\/screenshots\/es\/screenshot3.jpg\" \/><\/p>\r\n<p>De esta forma, si solamente te interesa contratar el servicio de uno de ellos, podr\u00e1 hacerlo directamente. Si lo que prefieres es contratarlos todos tambi\u00e9n te ser\u00e1 posible,\u00a0 todos se conectan entre s\u00ed, sacando todo el potencial a nuestro completo paquete de <strong>Programas de Gesti\u00f3n<\/strong>.<\/p>\r\n<p>Dentro de cada apartado, podr\u00e1s ver caracter\u00edsticas, funcionalidades, etc. Todo ello explicado con im\u00e1genes de las diferentes pantallas, v\u00eddeos y respuestas a tus posibles preguntas.<\/p>\r\n<p>El menu de planes y precios te mostrar\u00e1 los <a href=\"\/es\/planes-y-precios\/\"><strong>Planes y Precios<\/strong><\/a> que <strong>MySaaSPlace<\/strong> te ofrece.<\/p>\r\n<p>\u00a1No lo olvides! Darse de <a href=\"https:\/\/azure.mysaasplace.com\/Account\/Register.aspx\"><strong>ALTA<\/strong><\/a> en <strong>MySaaSPlace<\/strong> es totalmente gratuito y adem\u00e1s, te permite disfruta,r para toda la vida, de m\u00faltiples funcionalidades de cada programa, auque solo para un usuario y un proyecto, cinco facturas al mes. Si necesitas m\u00e1s usuarios o capacidad, ser\u00e1 entonces cuando\u00a0te interese\u00a0contratar servicios de forma mensual o anual, siempre acorde con las necesidades de tu empresa. <br \/><a href=\"#subir\">Subir<\/a><\/p>\r\n<p><a id=\"altagratuita\" name=\"altagratuita\"><\/a><\/p>\r\n<h2>Darte de ALTA Gratuitamente<\/h2>\r\n<p>Una vez visto el potencial de los <strong>Programas de Gesti\u00f3n de MySaaSPlace<\/strong> puedes darte de <a href=\"https:\/\/azure.mysaasplace.com\/Account\/Register.aspx\"><strong>ALTA<\/strong> <\/a>gratuitamente. Este proceso es sumamente sencillo: Pulsa sobre el bot\u00f3n <a href=\"https:\/\/azure.mysaasplace.com\/Account\/Register.aspx\"><strong>ALTA GRATUITA<\/strong><\/a> y rellena un breve formulario\u00a0con datos b\u00e1sicos de tu negocio que nos permitir\u00e1n crear en\u00a0<strong>MySaaSPlace<\/strong> todo lo necesario para que puedas comenzar a utilizar todos nuestros <strong>programas de gesti\u00f3n<\/strong>.<\/p>\r\n<p>Una vez rellenado el formulario de <a href=\"https:\/\/azure.mysaasplace.com\/Account\/Register.aspx\"><strong>ALTA GRATUITA<\/strong><\/a>, te enviaremos un correo electr\u00f3nico con un enlace para confirmar tu alta. Es a partir de este proceso cuando en <strong>MySaaSPlace<\/strong> crearemos tus bases de datos, perfiles y dem\u00e1s par\u00e1metros para que puedas disfrutar de nuestros programas de forma <strong>gratuita<\/strong>. <br \/><a href=\"#subir\">Subir<\/a><\/p>\r\n<p class=\"align-center\"><a href=\"https:\/\/azure.mysaasplace.com\/Account\/Register.aspx?lng=es\"> <img alt=\"promoci\u00f3n alta\" src=\"\/images\/promos\/es\/promoalta3.jpg\" \/> <\/a><\/p>\r\n<p><a id=\"comience\" name=\"comience\"><\/a><\/p>\r\n<h2>Comienza a utilizar MySaaSPlace<\/h2>\r\n<p>Si has llegado a este punto, ya eres un usuario de <strong>MySaaSPlace<\/strong>. \u00a1 Bienvenido! Solo tiene que ir a la <a href=\"http:\/\/www.mysaasplace.com\"><strong>p\u00e1gina principal de MySaaSPlace<\/strong><\/a> y, en la parte superior, podr\u00e1s ver en bot\u00f3n <a href=\"https:\/\/azure.mysaasplace.com\/Account\/Login.aspx\"><strong>Inicio Cliente<\/strong><\/a> que te lleva a la pantalla de acceso. Teclea tu usuario y contrase\u00f1a y pulsa el bot\u00f3n de \u201cInicio de Sesi\u00f3n\u00bb\u201d.<\/p>\r\n<p><img alt=\"screenshot inicio\" src=\"\/images\/screenshots\/es\/screenshot4.jpg\" \/><\/p>\r\n<p>En este punto has accedido al <strong>Portal de MySaaSPlace<\/strong>, desde el que podr\u00e1s llevar a cabo todas las funciones relacionadas con tu cuenta <strong>MySaaSPlace<\/strong>. Aqu\u00ed podr\u00e1s ver y completar tus datos, los servicios a los que tienes acceso, acceder a las distintas aplicaciones y, si lo deseas, podr\u00e1s <strong>suscribirte a los servicios<\/strong> de pago que necesites. \u00a1Recu\u00e9rdalo! No tienes ninguna obligaci\u00f3n de contratar ning\u00fan servicio adicional si no lo deseas.<\/p>\r\n<p>Como puedes ver, en <a href=\"http:\/\/www.mysaasplace.com\"><strong>MySaaSPlace <\/strong><\/a>te lo ponemos f\u00e1cil para que accedas a la informaci\u00f3n, te des de <a href=\"https:\/\/azure.mysaasplace.com\/Account\/Register.aspx\"><strong>ALTA<\/strong> <\/a>y puedas disfrutar de nuestros potentes <strong>programas de gesti\u00f3n<\/strong>. Cuatro pasos que te ayudar\u00e1n a ahorrar costes desde el primer momento. <br \/><a href=\"#subir\">Subir<\/a><\/p>\r\n","protected":false},"excerpt":{"rendered":"<p>C\u00f3mo empezar En MySaaSPlace queremos pon\u00e9rtelo f\u00e1cil. En s\u00f3lo cuatro pasos podr\u00e1s disfrutar de tus Programas de Gesti\u00f3n ahorrando costes desde el primer d\u00eda y para toda la vida. En MySaaSPlace estamos convencidos de la potencia y eficacia de nuestro software de gesti\u00f3n. Sabemos que si nos pruebas no encontrar\u00e1s una forma major\u00a0para tener un [&hellip;]<\/p>\n","protected":false},"author":1,"featured_media":149,"parent":0,"menu_order":0,"comment_status":"closed","ping_status":"closed","template":"","meta":[],"_links":{"self":[{"href":"https:\/\/www.mysaasplace.com\/es\/wp-json\/wp\/v2\/pages\/479"}],"collection":[{"href":"https:\/\/www.mysaasplace.com\/es\/wp-json\/wp\/v2\/pages"}],"about":[{"href":"https:\/\/www.mysaasplace.com\/es\/wp-json\/wp\/v2\/types\/page"}],"author":[{"embeddable":true,"href":"https:\/\/www.mysaasplace.com\/es\/wp-json\/wp\/v2\/users\/1"}],"replies":[{"embeddable":true,"href":"https:\/\/www.mysaasplace.com\/es\/wp-json\/wp\/v2\/comments?post=479"}],"version-history":[{"count":18,"href":"https:\/\/www.mysaasplace.com\/es\/wp-json\/wp\/v2\/pages\/479\/revisions"}],"predecessor-version":[{"id":1793,"href":"https:\/\/www.mysaasplace.com\/es\/wp-json\/wp\/v2\/pages\/479\/revisions\/1793"}],"wp:featuredmedia":[{"embeddable":true,"href":"https:\/\/www.mysaasplace.com\/es\/wp-json\/wp\/v2\/media\/149"}],"wp:attachment":[{"href":"https:\/\/www.mysaasplace.com\/es\/wp-json\/wp\/v2\/media?parent=479"}],"curies":[{"name":"wp","href":"https:\/\/api.w.org\/{rel}","templated":true}]}}