{"id":472,"date":"2013-01-21T10:20:26","date_gmt":"2013-01-21T10:20:26","guid":{"rendered":"http:\/\/www.mysaasplace.com\/?page_id=472"},"modified":"2013-02-26T17:39:23","modified_gmt":"2013-02-26T17:39:23","slug":"marca-blanca","status":"publish","type":"page","link":"https:\/\/www.mysaasplace.com\/es\/hazte-distribuidor\/marca-blanca\/","title":{"rendered":"Marca Blanca"},"content":{"rendered":"\r\n<h2>Marca Blanca<\/h2>\r\n<p>Si\u00a0tienes una empresa de inform\u00e1tica, <a href=\"http:\/\/www.mysaasplace.com\"><strong>MySaaSPlace<\/strong><\/a> te ofrece la oportunidad de ofrecer a tus clientes un completo paquete de programas de gesti\u00f3n en la modalidad de Software como Servicio (SaaS \u2013 Software as a Service).<\/p>\r\n<p>En <strong>MySaaSPlace<\/strong> hemos dise\u00f1ado una <strong>soluci\u00f3n\u00a0de\u00a0marca blanca\u00a0<\/strong>para que puedas\u00a0dise\u00f1ar y montar tu portal SaaS\u00a0sobre nuestra\u00a0potente arquitectura.<\/p>\r\n<h3>\u00bfCu\u00e1l es la idea?<\/h3>\r\n<ul>\r\n\t<li>Dise\u00f1a\u00a0el portal SaaS (una idea puede ser la Web de <strong>MySaaSPlace<\/strong>), con toda tu oferta comercial, los servicios a prestar y\u00a0los precios para tus\u00a0clientes de tus soluciones de gesti\u00f3n en la nube.<\/li>\r\n\t<li>Alojas tanto\u00a0el portal\u00a0como las herramientas de <strong>MySaaSPlace<\/strong>, en tus instalaciones o con tu proveedor de hosting.<\/li>\r\n\t<li>Sin inversiones en desarrollo, en pocos d\u00edas dispondr\u00e1s de las soluciones de gesti\u00f3n SaaS m\u00e1s avanzadas con tu propia marca.<\/li>\r\n<\/ul>\r\n<p>Comienza un negocio con futuro, \u00fanete a <strong>MySaaSPlace<\/strong> completando el siguiente formulario:<\/p>\r\n<div id=\"formulariodistribuidores\"><form id=\"form1\" action=\"\/es\/hazte-distribuidor\/marca-blanca\/\" method=\"post\" name=\"form1\">\r\n<p>Nombre y Apellidos*<br \/> <input class=\"campo\" type=\"text\" name=\"nombre\" value=\"\" \/><\/p>\r\n<p>Empresa*<br \/> <textarea class=\"com\" name=\"empresa\"><\/textarea><\/p>\r\n<p>Email*<br \/> <input class=\"campo\" type=\"text\" name=\"email\" value=\"\" \/><\/p>\r\n<p>Tel\u00e9fono*<br \/> <input class=\"campo\" type=\"text\" name=\"telefono\" value=\"\" \/><\/p>\r\n<div class=\"form_advisor\">Es necesario rellenar los campos marcados con * para poder enviar el formulario.<\/div>\r\n<input type=\"hidden\" name=\"idioma\" value=\"es\" \/> <input type=\"reset\" value=\"BORRAR\" \/> <input type=\"submit\" name=\"enviar\" value=\"ENVIAR\" \/><\/form><\/div>\r\n","protected":false},"excerpt":{"rendered":"<p>Marca Blanca Si\u00a0tienes una empresa de inform\u00e1tica, MySaaSPlace te ofrece la oportunidad de ofrecer a tus clientes un completo paquete de programas de gesti\u00f3n en la modalidad de Software como Servicio (SaaS \u2013 Software as a Service). En MySaaSPlace hemos dise\u00f1ado una soluci\u00f3n\u00a0de\u00a0marca blanca\u00a0para que puedas\u00a0dise\u00f1ar y montar tu portal SaaS\u00a0sobre nuestra\u00a0potente arquitectura. \u00bfCu\u00e1l es [&hellip;]<\/p>\n","protected":false},"author":1,"featured_media":148,"parent":453,"menu_order":2,"comment_status":"closed","ping_status":"closed","template":"","meta":[],"_links":{"self":[{"href":"https:\/\/www.mysaasplace.com\/es\/wp-json\/wp\/v2\/pages\/472"}],"collection":[{"href":"https:\/\/www.mysaasplace.com\/es\/wp-json\/wp\/v2\/pages"}],"about":[{"href":"https:\/\/www.mysaasplace.com\/es\/wp-json\/wp\/v2\/types\/page"}],"author":[{"embeddable":true,"href":"https:\/\/www.mysaasplace.com\/es\/wp-json\/wp\/v2\/users\/1"}],"replies":[{"embeddable":true,"href":"https:\/\/www.mysaasplace.com\/es\/wp-json\/wp\/v2\/comments?post=472"}],"version-history":[{"count":13,"href":"https:\/\/www.mysaasplace.com\/es\/wp-json\/wp\/v2\/pages\/472\/revisions"}],"predecessor-version":[{"id":1142,"href":"https:\/\/www.mysaasplace.com\/es\/wp-json\/wp\/v2\/pages\/472\/revisions\/1142"}],"up":[{"embeddable":true,"href":"https:\/\/www.mysaasplace.com\/es\/wp-json\/wp\/v2\/pages\/453"}],"wp:featuredmedia":[{"embeddable":true,"href":"https:\/\/www.mysaasplace.com\/es\/wp-json\/wp\/v2\/media\/148"}],"wp:attachment":[{"href":"https:\/\/www.mysaasplace.com\/es\/wp-json\/wp\/v2\/media?parent=472"}],"curies":[{"name":"wp","href":"https:\/\/api.w.org\/{rel}","templated":true}]}}