{"id":47,"date":"2013-01-15T12:41:57","date_gmt":"2013-01-15T12:41:57","guid":{"rendered":"http:\/\/www.mysaasplace.com\/?page_id=47"},"modified":"2013-03-03T01:41:02","modified_gmt":"2013-03-03T01:41:02","slug":"contabilidad","status":"publish","type":"page","link":"https:\/\/www.mysaasplace.com\/es\/funciones\/contabilidad\/","title":{"rendered":"Contabilidad"},"content":{"rendered":"\r\n<h2>Contabilidad<\/h2>\r\n<p>El <strong>Programa de Contabilidad<\/strong> de <a href=\"http:\/\/www.mysaasplace.com\"><strong>MySaaSPlace<\/strong><\/a> puede usarse de dos formas distintas.<\/p>\r\n<ul>\r\n\t<li>De forma aut\u00f3noma y solo como programa de <span>contabilidad. E<\/span>sto quiere decir que\u00a0solo usar\u00e1s\u00a0el <strong>Programa de Contabilidad de MySaaSPlace<\/strong> y no el resto de programas (<a href=\"http:\/\/www.mysaasplace.com\/es\/funciones\/facturacion\/\" target=\"_blank\"><strong>Facturaci\u00f3n<\/strong><\/a> o <a href=\"http:\/\/www.mysaasplace.com\/es\/funciones\/gestion-integrada-de-proyectos\/\" target=\"_blank\"><strong>Gesti\u00f3n Integrada de Proyectos<\/strong><\/a>), por lo tanto la operativa consistir\u00e1 en la introducci\u00f3n de asientos desde la Bandeja de Asientos para todas las operaciones de tu actividad. Esta soluci\u00f3n es perfecta y muy \u00fatil ya que se trata de un programa de suma sencillez de uso y\u00a0 grandes prestaciones.<\/li>\r\n\t<li>En conexi\u00f3n con alguno de los programas de <strong>MySaaSPlace<\/strong> (<strong>Facturaci\u00f3n o Gesti\u00f3n Integrada de Proyectos<\/strong>). En esta modalidad la <strong>gesti\u00f3n contable<\/strong> se simplifica a la m\u00e1xima expresi\u00f3n, ya que si realiza la operativa inicial desde cualquiera de los dos programas antes citados, aquellos movimientos susceptibles de ser contabilizados como facturas a clientes, pedidos a proveedores, etc&#8230; ya habr\u00e1n sido introducidos en cualquiera de estos dos programas, por lo que el sistema proceder\u00e1 a realizar los asientos de forma autom\u00e1tica a trav\u00e9s de los procesos de contabilizaci\u00f3n que ya tiene implementados el sistema, simplificando as\u00ed casi toda la operativa contable a excepci\u00f3n de la contabilizaci\u00f3n de los movimientos bancarios, los cuales podr\u00e1s introducirlos manualmente o importarlos desde el fichero CSB de tu banco.<\/li>\r\n<\/ul>\r\n<p><a href=\"https:\/\/azure.mysaasplace.com\/Account\/Register.aspx?lng=es\">Date de Alta <\/a>sin coste alguno y pru\u00e9balo.<\/p>\r\n","protected":false},"excerpt":{"rendered":"<p>Contabilidad El Programa de Contabilidad de MySaaSPlace puede usarse de dos formas distintas. De forma aut\u00f3noma y solo como programa de contabilidad. Esto quiere decir que\u00a0solo usar\u00e1s\u00a0el Programa de Contabilidad de MySaaSPlace y no el resto de programas (Facturaci\u00f3n o Gesti\u00f3n Integrada de Proyectos), por lo tanto la operativa consistir\u00e1 en la introducci\u00f3n de asientos [&hellip;]<\/p>\n","protected":false},"author":1,"featured_media":138,"parent":14,"menu_order":2,"comment_status":"closed","ping_status":"closed","template":"","meta":[],"_links":{"self":[{"href":"https:\/\/www.mysaasplace.com\/es\/wp-json\/wp\/v2\/pages\/47"}],"collection":[{"href":"https:\/\/www.mysaasplace.com\/es\/wp-json\/wp\/v2\/pages"}],"about":[{"href":"https:\/\/www.mysaasplace.com\/es\/wp-json\/wp\/v2\/types\/page"}],"author":[{"embeddable":true,"href":"https:\/\/www.mysaasplace.com\/es\/wp-json\/wp\/v2\/users\/1"}],"replies":[{"embeddable":true,"href":"https:\/\/www.mysaasplace.com\/es\/wp-json\/wp\/v2\/comments?post=47"}],"version-history":[{"count":19,"href":"https:\/\/www.mysaasplace.com\/es\/wp-json\/wp\/v2\/pages\/47\/revisions"}],"predecessor-version":[{"id":910,"href":"https:\/\/www.mysaasplace.com\/es\/wp-json\/wp\/v2\/pages\/47\/revisions\/910"}],"up":[{"embeddable":true,"href":"https:\/\/www.mysaasplace.com\/es\/wp-json\/wp\/v2\/pages\/14"}],"wp:featuredmedia":[{"embeddable":true,"href":"https:\/\/www.mysaasplace.com\/es\/wp-json\/wp\/v2\/media\/138"}],"wp:attachment":[{"href":"https:\/\/www.mysaasplace.com\/es\/wp-json\/wp\/v2\/media?parent=47"}],"curies":[{"name":"wp","href":"https:\/\/api.w.org\/{rel}","templated":true}]}}