{"id":463,"date":"2013-01-21T09:59:01","date_gmt":"2013-01-21T09:59:01","guid":{"rendered":"http:\/\/www.mysaasplace.com\/?page_id=463"},"modified":"2013-03-13T01:37:25","modified_gmt":"2013-03-13T01:37:25","slug":"distribuidores","status":"publish","type":"page","link":"https:\/\/www.mysaasplace.com\/es\/hazte-distribuidor\/distribuidores\/","title":{"rendered":"Distribuidores"},"content":{"rendered":"\r\n<h2>Distribuidores<\/h2>\r\n<p>Recibe\u00a0<strong>importantes comisiones<\/strong> referenciado tus clientes a <strong><a href=\"http:\/\/www.mysaasplace.com\">MySaaSPlace<\/a>. <\/strong>Nuestro programa de distribuidores est\u00e1 dirigido a:<\/p>\r\n<ul>\r\n\t<li><strong>Empresas de consultor\u00eda en inform\u00e1tica<\/strong> que quieren distribuir <strong>programas de gesti\u00f3n<\/strong> en la modalidad de SaaS (Software como Servicio) y no tienen la plataforma tecnol\u00f3gica. Con <strong>MySaaSPlace<\/strong> podr\u00e1s ofrecer la tecnolog\u00eda m\u00e1s econ\u00f3mica y rentable a tus clientes y conseguir ingresos por\u00a0tres vias :\r\n<ul>\r\n\t<li>Comisiones por\u00a0vender <strong>MySaaSPlace<\/strong> a tus\u00a0clientes.<\/li>\r\n\t<li>Ingresos de integraci\u00f3n y consultor\u00eda que realices a tus clientes para implementar\u00a0las soluciones\u00a0<strong>MySaaSPlace<\/strong>.<\/li>\r\n\t<li>De forma regular recibimos consultas y peticiones de servicios de consultor\u00eda e integraci\u00f3n por parte de nuestros\u00a0clientes que\u00a0compartimos con\u00a0nuestra <strong>Red de Partners<\/strong>.<\/li>\r\n<\/ul>\r\n<\/li>\r\n\t<li><strong>Empresas que suministran productos o servicios TIC<\/strong>,\u00a0y que\u00a0puedan referenciar a\u00a0sus clientes\u00a0las soluciones\u00a0de <strong>MySaaSPlace<\/strong>. Por ejemplo, si\u00a0eres un <strong>distribuidor de inform\u00e1tica<\/strong>\u00a0y quieres\u00a0complementar tus ofertas de productos\u00a0y servicios con <strong>MySaaSPlace, ll\u00e1manos<\/strong>. Podemos ofrecerte diversas alternativas que seguro te van a interesar.<\/li>\r\n<\/ul>\r\n<p>&nbsp;<\/p>\r\n<p>La forma de <strong>hacerte distribuidor es muy sencilla<\/strong>, ponte en contacto con nosotros <strong>rellenando el formulario<\/strong> que te mostramos m\u00e1s abajo, y r\u00e1pidamente nos pondremos en contacto contigo para establecer la relaci\u00f3n de distribuci\u00f3n mas adecuada a tu perfil.<\/p>\r\n<div id=\"formulariodistribuidores\"><form id=\"form1\" action=\"\/es\/hazte-distribuidor\/distribuidores\/\" method=\"post\" name=\"form1\">\r\n<p>Nombre y Apellidos*<br \/> <input class=\"campo\" type=\"text\" name=\"nombre\" value=\"\" \/><\/p>\r\n<p>Empresa*<br \/> <textarea class=\"com\" name=\"empresa\"><\/textarea><\/p>\r\n<p>Email*<br \/> <input class=\"campo\" type=\"text\" name=\"email\" value=\"\" \/><\/p>\r\n<p>Tel\u00e9fono*<br \/> <input class=\"campo\" type=\"text\" name=\"telefono\" value=\"\" \/><\/p>\r\n<div class=\"form_advisor\">Es necesario rellenar los campos marcados con * para poder enviar el formulario.<\/div>\r\n<input type=\"hidden\" name=\"idioma\" value=\"es\" \/> <input type=\"reset\" value=\"BORRAR\" \/> <input type=\"submit\" name=\"enviar\" value=\"ENVIAR\" \/><\/form><\/div>\r\n","protected":false},"excerpt":{"rendered":"<p>Distribuidores Recibe\u00a0importantes comisiones referenciado tus clientes a MySaaSPlace. Nuestro programa de distribuidores est\u00e1 dirigido a: Empresas de consultor\u00eda en inform\u00e1tica que quieren distribuir programas de gesti\u00f3n en la modalidad de SaaS (Software como Servicio) y no tienen la plataforma tecnol\u00f3gica. Con MySaaSPlace podr\u00e1s ofrecer la tecnolog\u00eda m\u00e1s econ\u00f3mica y rentable a tus clientes y conseguir [&hellip;]<\/p>\n","protected":false},"author":1,"featured_media":147,"parent":453,"menu_order":1,"comment_status":"closed","ping_status":"closed","template":"","meta":[],"_links":{"self":[{"href":"https:\/\/www.mysaasplace.com\/es\/wp-json\/wp\/v2\/pages\/463"}],"collection":[{"href":"https:\/\/www.mysaasplace.com\/es\/wp-json\/wp\/v2\/pages"}],"about":[{"href":"https:\/\/www.mysaasplace.com\/es\/wp-json\/wp\/v2\/types\/page"}],"author":[{"embeddable":true,"href":"https:\/\/www.mysaasplace.com\/es\/wp-json\/wp\/v2\/users\/1"}],"replies":[{"embeddable":true,"href":"https:\/\/www.mysaasplace.com\/es\/wp-json\/wp\/v2\/comments?post=463"}],"version-history":[{"count":16,"href":"https:\/\/www.mysaasplace.com\/es\/wp-json\/wp\/v2\/pages\/463\/revisions"}],"predecessor-version":[{"id":1064,"href":"https:\/\/www.mysaasplace.com\/es\/wp-json\/wp\/v2\/pages\/463\/revisions\/1064"}],"up":[{"embeddable":true,"href":"https:\/\/www.mysaasplace.com\/es\/wp-json\/wp\/v2\/pages\/453"}],"wp:featuredmedia":[{"embeddable":true,"href":"https:\/\/www.mysaasplace.com\/es\/wp-json\/wp\/v2\/media\/147"}],"wp:attachment":[{"href":"https:\/\/www.mysaasplace.com\/es\/wp-json\/wp\/v2\/media?parent=463"}],"curies":[{"name":"wp","href":"https:\/\/api.w.org\/{rel}","templated":true}]}}