{"id":453,"date":"2013-01-21T09:22:04","date_gmt":"2013-01-21T09:22:04","guid":{"rendered":"http:\/\/www.mysaasplace.com\/?page_id=453"},"modified":"2013-02-26T17:35:59","modified_gmt":"2013-02-26T17:35:59","slug":"hazte-distribuidor","status":"publish","type":"page","link":"https:\/\/www.mysaasplace.com\/es\/hazte-distribuidor\/","title":{"rendered":"Hazte Distribuidor"},"content":{"rendered":"\r\n<h2>Hazte Distribuidor<\/h2>\r\n<p>\u00bfTe dedicas a la <strong>consultor\u00eda de servicios inform\u00e1ticos<\/strong>, integras <strong>software de gesti\u00f3n\u00a0<\/strong> o suministras servicios de tecnolog\u00eda a empresas? <strong>Queremos conocerte,<\/strong> porque ahora puedes integrar <strong><a href=\"http:\/\/www.mysaasplace.com\">MySaaSPlace<\/a><\/strong> (SaaS \u2013 Software as a Service) en tu portafolio.<\/p>\r\n<p>Unete a nuestra <strong>Red de Partners<\/strong> y podr\u00e1s ver en poco tiempo c\u00f3mo <strong>crecen tus ingresos<\/strong> porque te ofrecemos <strong>interesantes comisiones<\/strong> por los clientes que aportes a <strong>MySaaSPlace.<\/strong><\/p>\r\n<p>Existen dos formas de colaborar con\u00a0<strong>MySaaSPlace<\/strong>:<\/p>\r\n<div class=\"tabla_container align-center\">\r\n<table summary=\"botonera superior\">\r\n<tbody>\r\n<tr>\r\n<td style=\"text-align: center;\">\r\n<p><strong>Distribuidor<\/strong><\/p><\/td>\r\n<td style=\"text-align: center;\">\r\n<p><strong>Marca Blanca<\/strong><\/p><\/td>\r\n<\/tr>\r\n<tr>\r\n<td style=\"text-align: center;\">\r\n<p style=\"text-align: justify;\">Si te dedicas a la consultor\u00eda e integraci\u00f3n de programas de gesti\u00f3n, o tienes un servicio, como Migraci\u00f3n de Datos, etc.,\u00a0que se puede empaquetar con los de <strong>MySaaSPlace<\/strong>, no lo dudes, esta es la soluci\u00f3n que m\u00e1s se ajusta a tu perfil.<\/p>\r\n<p class=\"ir\"><a href=\"\/es\/hazte-distribuidor\/distribuidores\/\">M\u00c1S INFORMACI\u00d3N<\/a><\/p><\/td>\r\n<td style=\"text-align: center;\">\r\n<p style=\"text-align: justify;\">Si lo que quieres es poner en marcha un portal de Software como Servicio (similar al de <strong>MySaaSPlace<\/strong>), tienes los clientes pero no tiene los programas, ahora puedes distribuir nuestras soluciones poni\u00e9ndoles tu nombre y marca.<\/p>\r\n<div class=\"ir\"><a href=\"\/es\/hazte-distribuidor\/marca-blanca\/\">M\u00c1S INFORMACI\u00d3N<\/a><\/div><\/td>\r\n<\/tr>\r\n<\/tbody><\/table>\r\n<\/div>\r\n","protected":false},"excerpt":{"rendered":"<p>Hazte Distribuidor \u00bfTe dedicas a la consultor\u00eda de servicios inform\u00e1ticos, integras software de gesti\u00f3n\u00a0 o suministras servicios de tecnolog\u00eda a empresas? Queremos conocerte, porque ahora puedes integrar MySaaSPlace (SaaS \u2013 Software as a Service) en tu portafolio. Unete a nuestra Red de Partners y podr\u00e1s ver en poco tiempo c\u00f3mo crecen tus ingresos porque te [&hellip;]<\/p>\n","protected":false},"author":1,"featured_media":0,"parent":0,"menu_order":0,"comment_status":"closed","ping_status":"closed","template":"","meta":[],"_links":{"self":[{"href":"https:\/\/www.mysaasplace.com\/es\/wp-json\/wp\/v2\/pages\/453"}],"collection":[{"href":"https:\/\/www.mysaasplace.com\/es\/wp-json\/wp\/v2\/pages"}],"about":[{"href":"https:\/\/www.mysaasplace.com\/es\/wp-json\/wp\/v2\/types\/page"}],"author":[{"embeddable":true,"href":"https:\/\/www.mysaasplace.com\/es\/wp-json\/wp\/v2\/users\/1"}],"replies":[{"embeddable":true,"href":"https:\/\/www.mysaasplace.com\/es\/wp-json\/wp\/v2\/comments?post=453"}],"version-history":[{"count":21,"href":"https:\/\/www.mysaasplace.com\/es\/wp-json\/wp\/v2\/pages\/453\/revisions"}],"predecessor-version":[{"id":1232,"href":"https:\/\/www.mysaasplace.com\/es\/wp-json\/wp\/v2\/pages\/453\/revisions\/1232"}],"wp:attachment":[{"href":"https:\/\/www.mysaasplace.com\/es\/wp-json\/wp\/v2\/media?parent=453"}],"curies":[{"name":"wp","href":"https:\/\/api.w.org\/{rel}","templated":true}]}}