{"id":435,"date":"2013-01-21T08:38:57","date_gmt":"2013-01-21T08:38:57","guid":{"rendered":"http:\/\/www.mysaasplace.com\/?page_id=435"},"modified":"2013-03-10T12:27:28","modified_gmt":"2013-03-10T12:27:28","slug":"acerca-de","status":"publish","type":"page","link":"https:\/\/www.mysaasplace.com\/es\/acerca-de\/","title":{"rendered":"Acerca de MySaaSPlace"},"content":{"rendered":"\r\n<h2>MySaaSPlace<\/h2>\r\n<p><a href=\"www.mysaasplace.com\"><strong>MySaaSPlace<\/strong><\/a> es el lugar en Internet en el que encontrar\u00e1s el <strong>Software de Gesti\u00f3n<\/strong> que tu empresa necesita para la <strong>gesti\u00f3n integrada<\/strong> del negocio\u00a0optimizando al m\u00e1ximo todos sus recursos.<\/p>\r\n<p>En <strong>MySaaSPlace<\/strong> estamos rompiendo moldes. Normalmente se est\u00e1 acostumbrado a elegir un software antes de probarlo, seguidamente comprarlo y luego comenzar a utilizarlo. Esto obliga a realizar fuertes inversiones con la incertidumbre de no saber si dichos programas de gesti\u00f3n cubrir\u00e1n las necesidades de tu empresa.<\/p>\r\n<p>Esta forma de adquirir estos programas de gesti\u00f3n (<strong>facturaci\u00f3n, contabilidad, gesti\u00f3n\u00a0de proyectos,<\/strong> CRM y otros muchos) es la que venimos utilizando hist\u00f3ricamente, pero esto no significa que sea la forma m\u00e1s eficiente de elegir un programa de gesti\u00f3n para tu empresa.<\/p>\r\n<p>En <strong>MySaaSPlace<\/strong> sabemos que lo mejor para seleccionar un Programa de Gesti\u00f3n es:<\/p>\r\n<ul>\r\n\t<li>Probarlo de forma <strong>gratuita.<\/strong><\/li>\r\n\t<li><strong>Conocer<\/strong> c\u00f3mo se utiliza mientras se utiliza.<\/li>\r\n\t<li>Estudiar las necesidades de tu empresa mientras funcionas con un programa concreto.<\/li>\r\n\t<li>Usarlo mientras este cumpla con sus prop\u00f3sitos sin hacer inversiones.<\/li>\r\n<\/ul>\r\n<p>Por todas estas razones, el Software como servicio (<strong>Software as a Service<\/strong>) es la mejor soluci\u00f3n.<\/p>\r\n<p>En <strong>MySaaSPlace<\/strong>, encontrar\u00e1s un amplio abanico de programas de gesti\u00f3n de la m\u00e1s alta calidad a disposici\u00f3n de tu empresa. Sin costes de implantaci\u00f3n, a\u00f1adiendo usuarios y funciones a medida que los necesites, o elimin\u00e1ndolos si no. En definitiva, un importante ahorro de costes y con una implantaci\u00f3n inmediata.<\/p>\r\n<p>Lo mejor de todo es que en M<strong>ySaaSPlace<\/strong> podr\u00e1s utilizar el software desde cualquier lugar de trabajo, sin elevados costes en telecomunicaciones como son, por ejemplo, una VPN (Virtual Private Network) y con total accesibilidad desde el primer d\u00eda.<\/p>\r\n<p>No lo dudes m\u00e1s, prueba M<strong>ySaaSPlace<\/strong>, prueba el <strong>SaaS (Software as a Service)<\/strong> y reduce tus problemas y preocupaciones sin inversi\u00f3n inicial desde el primer d\u00eda, aprovechando todo el potencial de la nube con el <strong>Cloud Computing de MySaaSPlace<\/strong>.<\/p>\r\n","protected":false},"excerpt":{"rendered":"<p>MySaaSPlace MySaaSPlace es el lugar en Internet en el que encontrar\u00e1s el Software de Gesti\u00f3n que tu empresa necesita para la gesti\u00f3n integrada del negocio\u00a0optimizando al m\u00e1ximo todos sus recursos. En MySaaSPlace estamos rompiendo moldes. Normalmente se est\u00e1 acostumbrado a elegir un software antes de probarlo, seguidamente comprarlo y luego comenzar a utilizarlo. Esto obliga [&hellip;]<\/p>\n","protected":false},"author":1,"featured_media":436,"parent":0,"menu_order":0,"comment_status":"closed","ping_status":"closed","template":"","meta":[],"_links":{"self":[{"href":"https:\/\/www.mysaasplace.com\/es\/wp-json\/wp\/v2\/pages\/435"}],"collection":[{"href":"https:\/\/www.mysaasplace.com\/es\/wp-json\/wp\/v2\/pages"}],"about":[{"href":"https:\/\/www.mysaasplace.com\/es\/wp-json\/wp\/v2\/types\/page"}],"author":[{"embeddable":true,"href":"https:\/\/www.mysaasplace.com\/es\/wp-json\/wp\/v2\/users\/1"}],"replies":[{"embeddable":true,"href":"https:\/\/www.mysaasplace.com\/es\/wp-json\/wp\/v2\/comments?post=435"}],"version-history":[{"count":11,"href":"https:\/\/www.mysaasplace.com\/es\/wp-json\/wp\/v2\/pages\/435\/revisions"}],"predecessor-version":[{"id":438,"href":"https:\/\/www.mysaasplace.com\/es\/wp-json\/wp\/v2\/pages\/435\/revisions\/438"}],"wp:featuredmedia":[{"embeddable":true,"href":"https:\/\/www.mysaasplace.com\/es\/wp-json\/wp\/v2\/media\/436"}],"wp:attachment":[{"href":"https:\/\/www.mysaasplace.com\/es\/wp-json\/wp\/v2\/media?parent=435"}],"curies":[{"name":"wp","href":"https:\/\/api.w.org\/{rel}","templated":true}]}}