{"id":43,"date":"2013-01-15T12:19:53","date_gmt":"2013-01-15T12:19:53","guid":{"rendered":"http:\/\/www.mysaasplace.com\/?page_id=43"},"modified":"2021-01-21T05:37:33","modified_gmt":"2021-01-21T05:37:33","slug":"preguntas-frecuentes-gip","status":"publish","type":"page","link":"https:\/\/www.mysaasplace.com\/es\/faqs\/preguntas-frecuentes-gip\/","title":{"rendered":"FAQs Gesti\u00f3n Integrada de Proyectos"},"content":{"rendered":"<p><a id=\"subir\" name=\"subir\"><\/a><\/p><h2>Preguntas Frecuentes sobre Gesti\u00f3n Integrada de Proyectos<\/h2><ul><li><a href=\"#paraque\">1. \u00bfPara qui\u00e9n sirve la Gesti\u00f3n Integrada de Proyectos&#8230;?<\/a><\/li><li><a href=\"#dividir\">2. \u00bfPuedo dividir un proyecto en Tareas?<\/a><\/li><li><a href=\"#tiempos\">3. \u00bfC\u00f3mo ficho los tiempos empleados?<\/a><\/li><li><a href=\"#viaje\">4. \u00bfPuedo introducir gastos de viaje?<\/a><\/li><li><a href=\"#articulos\">5. \u00bfPuedo gestionar art\u00edculos?<\/a><\/li><\/ul><p><a id=\"paraque\" name=\"paraque\"><\/a><\/p><p>&nbsp;<\/p><h2>1. \u00bfPara qui\u00e9n sirve la Gesti\u00f3n Integrada de Proyectos&#8230;?<\/h2><p><strong>GIP<\/strong> es la abreviatura de la\u00a0<strong><a href=\"http:\/\/www.mysaasplace.com\/es\/funciones\/gestion-integrada-de-proyectos\/\" target=\"_blank\" rel=\"noopener\">Gestor Integrada de Proyectos<\/a> de <a href=\"http:\/\/www.mysaasplace.com\" target=\"_blank\" rel=\"noopener\">MySaaSPlace<\/a><\/strong>. Su utilidad es muy amplia, ya que GIP es una potente herramienta que permite gestionar un proyecto (o varios a la vez) desde su comienzo hasta el final, controlando todos los aspectos que pueden suceder en el transcurso de dicho proyecto.<\/p><p><strong>GIP<\/strong> puede ser usado con total garant\u00eda por Arquitectos, Abogados, Ingenieros, Profesionales Aut\u00f3nomos y Departamentos de Empresas, donde su actividad se base en la ejecuci\u00f3n de proyectos, ya sean estos grandes proyectos que tienen una gran duraci\u00f3n en el tiempo o peque\u00f1os proyectos.<\/p><p>Dado\u00a0que <strong>GIP<\/strong> se encuentra unido con nuestros <a href=\"http:\/\/www.mysaasplace.com\/es\/funciones\/facturacion\/\" target=\"_blank\" rel=\"noopener\"><strong>Programas de Facturaci\u00f3n<\/strong><\/a> y <a href=\"http:\/\/www.mysaasplace.com\/es\/funciones\/contabilidad\/\" target=\"_blank\" rel=\"noopener\"><strong>Contabilidad<\/strong><\/a> (si se desea), por ejemplo, una peque\u00f1a reforma de un piso puede contener todos los aspectos del proyecto: planificar por tareas, gestionar la agenda de cada tarea, controlar gastos, recursos, etc. y facturar los diversos conceptos de la reforma desde <strong>GIP<\/strong>.<\/p><p><strong>GIP<\/strong> permite tener la informaci\u00f3n de tus actividades en un sistema de gesti\u00f3n espec\u00edfico para ello, controlar los recursos de tu negocio en todo momento y, muy importante, disponer de un hist\u00f3rico de lo sucedido en tus proyectos en todo momento.<br \/><a href=\"#subir\">Subir<\/a><\/p><p><a id=\"dividir\" name=\"dividir\"><\/a><\/p><p>&nbsp;<\/p><h2>2. \u00bfPuedo dividir un proyecto en Tareas?<\/h2><p>El programa de <a href=\"http:\/\/www.mysaasplace.com\/es\/funciones\/gestion-integrada-de-proyectos\/\" target=\"_blank\" rel=\"noopener\"><strong>Gesti\u00f3n Integrada de proyectos (GIP)<\/strong><\/a> de <a href=\"http:\/\/www.mysaasplace.com\"><strong>MySaaSPlace<\/strong><\/a> permite dividir cualquier proyecto en Tareas. Dichas tareas pueden ser asignadas a personas diferentes, de tal manera que cuando dispongas de las estad\u00edstica de un proyecto se pueda saber las horas previstas que ten\u00eda cada tarea o persona y las horas realmente empleadas al final o durante la ejecuci\u00f3n del proyecto. Aas\u00ed podremos saber en todo momento las desviaciones habidas y en donde se han producido, para poder tomar las medidas oportunas a tiempo.<\/p><p>Adem\u00e1s es posible no solo asignar tareas a personas, sino que tambi\u00e9n es posible que una tarea sea realizada por un recurso, por ejemplo una m\u00e1quina, la cual tiene un coste horario determinado\u00a0que ha de ser\u00a0tenido en cuenta a lo largo de la vida de todo el proyecto.<\/p><p>Todo el seguimiento del desarrollo y ejecuci\u00f3n de las tareas se puede realizar a trav\u00e9s de la informaci\u00f3n que brinda el\u00a0<strong>GIP<\/strong> y adicionalmente, de manera visual y gr\u00e1fica, a trav\u00e9s del diagrama de Gantt, el cual permite obtener una imagen actualizada del estado de desarrollo de un proyecto. <br \/><a href=\"#subir\">Subir<\/a><\/p><p><a id=\"tiempos\" name=\"tiempos\"><\/a><\/p><p>&nbsp;<\/p><h2>3. \u00bfC\u00f3mo ficho los tiempos empleados?<\/h2><p>Para disponer de la informaci\u00f3n en <strong>GIP<\/strong> del tiempo empleado en un proyecto, es necesario que se introduzcan los tiempos empleados dentro del <a href=\"http:\/\/www.mysaasplace.com\/es\/funciones\/gestion-integrada-de-proyectos\/\"><strong>Programa de Gesti\u00f3n Integrada de Proyectos<\/strong><\/a>\u00a0de <a href=\"http:\/\/www.mysaasplace.com\"><strong>MySaaSPlace<\/strong><\/a>.\u00a0 <strong>GIP<\/strong> dispone de diversas soluciones que simplifican este proceso. El sistema dispone de un calendario por persona o recurso de tal manera que, si una persona o recurso comienzan una tarea, por ejemplo, el lunes por la ma\u00f1ana y la termina el mi\u00e9rcoles a las 19h de la tarde, el fichado del bono de trabajo se realiza el lunes (inicio)\u00a0y el mi\u00e9rcoles (final).\u00a0<strong>GIP<\/strong> calcular\u00e1, en base al calendario definido,\u00a0el tiempo real empleado en dicha tarea. Este fichado se puede realizar de dos formas distintas:<\/p><p>A) Al ser <strong>GIP<\/strong> un programa ON LINE no es necesario estar f\u00edsicamente en las oficinas para realizar el fichado, ya que puede realizarse desde cualquier PC conectado a Internet y tambi\u00e9n puede realizarse a trav\u00e9s de un tel\u00e9fono m\u00f3vil . <strong>GIP<\/strong> est\u00e1 especialmente dise\u00f1ado para que se pueda interactuar sobre \u00e9l desde cualquier lugar del mundo.<\/p><p>B) Si no es posible fichar cuando se comienza o se termina el trabajo,\u00a0se puede\u00a0fichar despu\u00e9s. <strong>GIP<\/strong> permite definir la fecha y la hora de inicio y de fin de un bono de trabajo a\u00fan estando, por ejemplo, a finales del mes. <br \/><a href=\"#subir\">Subir<\/a><\/p><p><a id=\"viaje\" name=\"viaje\"><\/a><\/p><p>&nbsp;<\/p><h2>4. \u00bfPuedo introducir gastos de viaje?<\/h2><p>S\u00ed, <a href=\"http:\/\/www.mysaasplace.com\" target=\"_blank\" rel=\"noopener\"><strong>GIP<\/strong><\/a> permite\u00a0 la introducci\u00f3n de gastos de viaje e incorporarlos al proyecto que desee. GIP le permite definir los gastos de viaje dependiendo del tipo que quiera, unidades por Km, gasto concreto, por ejemplo, un viaje de avi\u00f3n, etc. <br \/><a href=\"#subir\">Subir<\/a><\/p><p><a id=\"articulos\" name=\"articulos\"><\/a><\/p><p>&nbsp;<\/p><h2>5. \u00bfPuedo gestionar art\u00edculos?<\/h2><p>S\u00ed, <strong>GIP<\/strong> permite la introducci\u00f3n de art\u00edculos en un proyecto. Hay que tener en cuenta que <strong>GIP<\/strong> se encuentra conectado con el <a href=\"http:\/\/www.mysaasplace.com\/es\/funciones\/facturacion\/\" target=\"_blank\" rel=\"noopener\"><strong>Programa de Facturaci\u00f3n<\/strong><\/a> de <strong><a href=\"http:\/\/www.mysaasplace.com\">MySaaSPlace<\/a>,\u00a0 <\/strong>lo que permite conectar los art\u00edculos en el <strong>Programa de Facturaci\u00f3n<\/strong> y venderlos en un proyecto gestionado por<strong>\u00a0GIP. <\/strong><br \/><a href=\"#subir\">Subir<\/a><\/p>","protected":false},"excerpt":{"rendered":"<p>Preguntas Frecuentes sobre Gesti\u00f3n Integrada de Proyectos1. \u00bfPara qui\u00e9n sirve la Gesti\u00f3n Integrada de Proyectos&#8230;?2. \u00bfPuedo dividir un proyecto en Tareas?3. \u00bfC\u00f3mo ficho los tiempos empleados?4. \u00bfPuedo introducir gastos de viaje?5. \u00bfPuedo gestionar art\u00edculos?&nbsp;1. \u00bfPara qui\u00e9n sirve la Gesti\u00f3n Integrada de Proyectos&#8230;?GIP es la abreviatura de la\u00a0Gestor Integrada de Proyectos de MySaaSPlace. Su utilidad es [&hellip;]<\/p>\n","protected":false},"author":1,"featured_media":158,"parent":563,"menu_order":3,"comment_status":"closed","ping_status":"closed","template":"","meta":[],"_links":{"self":[{"href":"https:\/\/www.mysaasplace.com\/es\/wp-json\/wp\/v2\/pages\/43"}],"collection":[{"href":"https:\/\/www.mysaasplace.com\/es\/wp-json\/wp\/v2\/pages"}],"about":[{"href":"https:\/\/www.mysaasplace.com\/es\/wp-json\/wp\/v2\/types\/page"}],"author":[{"embeddable":true,"href":"https:\/\/www.mysaasplace.com\/es\/wp-json\/wp\/v2\/users\/1"}],"replies":[{"embeddable":true,"href":"https:\/\/www.mysaasplace.com\/es\/wp-json\/wp\/v2\/comments?post=43"}],"version-history":[{"count":28,"href":"https:\/\/www.mysaasplace.com\/es\/wp-json\/wp\/v2\/pages\/43\/revisions"}],"predecessor-version":[{"id":2145,"href":"https:\/\/www.mysaasplace.com\/es\/wp-json\/wp\/v2\/pages\/43\/revisions\/2145"}],"up":[{"embeddable":true,"href":"https:\/\/www.mysaasplace.com\/es\/wp-json\/wp\/v2\/pages\/563"}],"wp:featuredmedia":[{"embeddable":true,"href":"https:\/\/www.mysaasplace.com\/es\/wp-json\/wp\/v2\/media\/158"}],"wp:attachment":[{"href":"https:\/\/www.mysaasplace.com\/es\/wp-json\/wp\/v2\/media?parent=43"}],"curies":[{"name":"wp","href":"https:\/\/api.w.org\/{rel}","templated":true}]}}