{"id":427,"date":"2013-01-21T08:23:21","date_gmt":"2013-01-21T08:23:21","guid":{"rendered":"http:\/\/www.mysaasplace.com\/?page_id=427"},"modified":"2013-03-10T19:24:26","modified_gmt":"2013-03-10T19:24:26","slug":"tecnologia","status":"publish","type":"page","link":"https:\/\/www.mysaasplace.com\/es\/tecnologia\/","title":{"rendered":"Tecnolog\u00eda"},"content":{"rendered":"\r\n<h2>Tecnolog\u00eda<\/h2>\r\n<p>En <strong>MySaaSPlace<\/strong> hace a\u00f1os que dimos con la clave: desarrollamos un completo ERP que serv\u00eda para todos nuestros clientes, dicho de otro modo, la versi\u00f3n que nuestros clientes tienen instalada es la misma en todos ellos. Esto marc\u00f3 un hecho diferenciador que los clientes han terminado por valorar de forma muy especial. Supone una important\u00edsima ventaja frente a otros productos ERP del mercado en los que, cuando un cliente solicita una funcionalidad espec\u00edfica, se requiere de una programaci\u00f3n ex profeso para dicho cliente, convirtiendo su versi\u00f3n del ERP en una \u00fanica y especial para ese cliente.<\/p>\r\n<p>La potencia de nuestro motor de WorkFlow, que es la base tecnol\u00f3gica sobre la que se sustenta todo el <strong>Software de MySaaSPlace,<\/strong> permite que con la misma versi\u00f3n de Software, cada cliente (e incluso cada usuario) disponga de un software personalizado a su medida. De esta forma poder cubrir todas las necesidades de nuestros clientes con una sola versi\u00f3n del Software.<\/p>\r\n<p>Sabemos, por experiencia, que esta particularidad reduce de forma dr\u00e1stica los costes de mantenimiento de versiones que repercute de forma positiva\u00a0en los costes de mantenimiento de nuestros clientes que tienen nuestros programas instalados en sus instalaciones (In Home).<\/p>\r\n<p>En <strong>MySaaSPlace<\/strong> este modo de funcionamiento es lo que ha marcado la diferencia con respecto a otros lugares de Internet que ofrecen Software como Servicio. Con los <strong>Programas de Gesti\u00f3n de MySaaSPlace<\/strong> tendr\u00e1s la misma herramienta de gesti\u00f3n que todos nuestros clientes ( m\u00e1s de 1.000 actualmente), pero podr\u00e1s personalizarla de tal manera que no se parezca en nada a los programas de otros usuarios.<\/p>\r\n<p>Esta es <strong>la potencia de MySaaSPlace<\/strong>, el mismo sistema e infraestructura para todos, pero adapt\u00e1ndose a las necesidades de cada cliente y de cada usuario en particular.<\/p>\r\n","protected":false},"excerpt":{"rendered":"<p>Tecnolog\u00eda En MySaaSPlace hace a\u00f1os que dimos con la clave: desarrollamos un completo ERP que serv\u00eda para todos nuestros clientes, dicho de otro modo, la versi\u00f3n que nuestros clientes tienen instalada es la misma en todos ellos. Esto marc\u00f3 un hecho diferenciador que los clientes han terminado por valorar de forma muy especial. Supone una [&hellip;]<\/p>\n","protected":false},"author":1,"featured_media":159,"parent":0,"menu_order":0,"comment_status":"closed","ping_status":"closed","template":"","meta":[],"_links":{"self":[{"href":"https:\/\/www.mysaasplace.com\/es\/wp-json\/wp\/v2\/pages\/427"}],"collection":[{"href":"https:\/\/www.mysaasplace.com\/es\/wp-json\/wp\/v2\/pages"}],"about":[{"href":"https:\/\/www.mysaasplace.com\/es\/wp-json\/wp\/v2\/types\/page"}],"author":[{"embeddable":true,"href":"https:\/\/www.mysaasplace.com\/es\/wp-json\/wp\/v2\/users\/1"}],"replies":[{"embeddable":true,"href":"https:\/\/www.mysaasplace.com\/es\/wp-json\/wp\/v2\/comments?post=427"}],"version-history":[{"count":4,"href":"https:\/\/www.mysaasplace.com\/es\/wp-json\/wp\/v2\/pages\/427\/revisions"}],"predecessor-version":[{"id":1340,"href":"https:\/\/www.mysaasplace.com\/es\/wp-json\/wp\/v2\/pages\/427\/revisions\/1340"}],"wp:featuredmedia":[{"embeddable":true,"href":"https:\/\/www.mysaasplace.com\/es\/wp-json\/wp\/v2\/media\/159"}],"wp:attachment":[{"href":"https:\/\/www.mysaasplace.com\/es\/wp-json\/wp\/v2\/media?parent=427"}],"curies":[{"name":"wp","href":"https:\/\/api.w.org\/{rel}","templated":true}]}}