{"id":419,"date":"2013-01-20T20:08:57","date_gmt":"2013-01-20T20:08:57","guid":{"rendered":"http:\/\/www.mysaasplace.com\/?page_id=419"},"modified":"2013-03-03T01:28:58","modified_gmt":"2013-03-03T01:28:58","slug":"compromisos","status":"publish","type":"page","link":"https:\/\/www.mysaasplace.com\/es\/avisos-legales\/compromisos\/","title":{"rendered":"Compromisos"},"content":{"rendered":"\r\n<p><a id=\"subir\" name=\"subir\"><\/a><\/p>\r\n<h2>Compromisos<\/h2>\r\n<p><a href=\"#publicidadenga\u00f1osa\">1. No realizar publicidad enga\u00f1osa<\/a><br \/> <a href=\"#comunicaciones\">2. No remitir comunicaciones comerciales sin identificarlas <\/a><br \/> <a href=\"#responsabilidades\">3. Responsabilidades<\/a><br \/> <a href=\"#cookies\">4. Cookies<\/a><br \/> <a href=\"#idioma\">5. Idioma y Contratos<\/a><br \/> <a href=\"#datoscliente\">6. Sobre los datos del cliente<\/a><\/p>\r\n<p><a id=\"publicidadenga\u00f1osa\" name=\"publicidadenga\u00f1osa\"><\/a><\/p>\r\n<h3>1. No realizar publicidad enga\u00f1osa<\/h3>\r\n<p><strong>MySaaSPlace<\/strong> se compromete a no realizar publicidad enga\u00f1osa.<\/p>\r\n<p>A estos efectos, no ser\u00e1n considerados como publicidad enga\u00f1osa los errores formales o num\u00e9ricos que puedan encontrarse a lo largo del contenido de las distintas secciones de la web producidos como consecuencia de un mantenimiento y\/o actualizaci\u00f3n incompleta o defectuosa de la informaci\u00f3n contenida es estas secciones.<\/p>\r\n<p>Como consecuencia de lo dispuesto en este apartado,<a href=\"http:\/\/www.mysaasplace.com\"> <strong>MySaaSPlace <\/strong><\/a>se compromete a corregirlo tan pronto como tenga conocimiento de dichos errores. <br \/><a href=\"#subir\">Subir<\/a><\/p>\r\n<p><a id=\"comunicaciones\" name=\"comunicaciones\"><\/a><\/p>\r\n<h3>2. No remitir comunicaciones comerciales sin identificarlas<\/h3>\r\n<p>Conforme a lo dispuesto en la Ley 34\/2002 de Servicios de la Sociedad de la Informaci\u00f3n y de comercio electr\u00f3nico, <strong>MySaaSPlace<\/strong> se compromete a no remitir comunicaciones publicitarias o promocionales por correo electr\u00f3nico u otro medio de comunicaci\u00f3n electr\u00f3nica equivalente, sin identificarlas como comunicaci\u00f3n comercial y sin que previamente no hubieran sido solicitadas o expresamente autorizadas por los destinatarios de las mismas.<\/p>\r\n<p>A estos efectos, no ser\u00e1 considerado como comunicaci\u00f3n comercial toda la informaci\u00f3n que se env\u00ede a los clientes de <strong>MySaaSPlace<\/strong> siempre que tenga por finalidad el mantenimiento de la relaci\u00f3n contractual existente, as\u00ed como el desempe\u00f1o de las tareas de informaci\u00f3n, formaci\u00f3n y otras actividades propias del servicio que el cliente tiene contratado con la empresa.<\/p>\r\n<p>Adem\u00e1s el destinatario podr\u00e1 revocar el consentimiento para el tratamiento de sus datos con fines promocionales de una manera directa, sencilla y gratuita desde su propia \u00e1rea de cliente. <br \/><a href=\"#subir\">Subir<\/a><\/p>\r\n<p><a id=\"responsabilidades\" name=\"responsabilidades\"><\/a><\/p>\r\n<h3>3. Responsabilidades<\/h3>\r\n<p><a href=\"http:\/\/www.mysaasplace.com\"><strong>MySaaSPlace<\/strong><\/a> no ser\u00e1 responsable de los da\u00f1os y perjuicios producidos o que puedan producirse, cualquiera que sea su naturaleza, que se deriven del uso de la informaci\u00f3n, de las materias contenidas en este sitio web y de los programas que incorpora. Los enlaces (links) e hipertexto que posibiliten, a trav\u00e9s del sitio web www.mysaasplace.com, o de cualquiera de los subdominios de mysaasplace.com, acceder al usuario a prestaciones y servicios ofrecidos por terceros, no pertenecen ni se encuentran bajo el control de <strong>MySaaSPlace<\/strong>.<\/p>\r\n<p><strong>MySaaSPlace<\/strong> no se responsabiliza del uso que el usuario de la web realice de los servicios, contenidos, enlaces (links) e hipertexto incluidos en el sitio web <a href=\"http:\/\/www.mysaasplace.com\">www.mysaasplace.com<\/a> o cualquiera de los subdominios de <a href=\"http:\/\/www.mysaasplace.com\">www.mysaasplace.com<\/a> . <strong>MySaaSPlace<\/strong> no se hace responsable del uso ileg\u00edtimo que terceras personas puedan hacer de los nombres de marca, nombres de producto, marcas comerciales que, no siendo propiedad de dicha entidad, aparezcan en <a href=\"http:\/\/www.mysaasplace.com\">www.mysaasplace.com<\/a> o de cualquiera de los subdominios de <a href=\"http:\/\/www.mysaasplace.com\">www.mysaasplace.com<\/a>. Tampoco se responsabiliza de la integridad, veracidad y licitud del contenido de los enlaces a las webs a las que pueda accederse desde <a href=\"http:\/\/www.mysaasplace.com\">www.mysaasplace.com<\/a> o de cualquiera de los subdominios de mysaasplace.com.<\/p>\r\n<p><strong>MySaaSPlace<\/strong> no se responsabiliza de los virus que tengan su origen en una transmisi\u00f3n telem\u00e1tica infiltrados por terceras partes (por ejemplo, los macros de procesadores de texto, los applets de Java y los programas ActiveX), generados con la finalidad de obtener resultados negativos para un sistema inform\u00e1tico. <br \/><a href=\"#subir\">Subir<\/a><\/p>\r\n<p><a id=\"cookies\" name=\"cookies\"><\/a><\/p>\r\n<h3>4. Cookies<\/h3>\r\n<p><strong>MySaaSPlace<\/strong> utiliza cookies que se quedar\u00e1n almacenadas en el ordenador. Las cookies son peque\u00f1os archivos que nuestros ordenadores env\u00edan al suyo, pero que no nos proporcionan informaci\u00f3n ni sobre su nombre, ni sobre cualquier dato de car\u00e1cter personal suyo.<\/p>\r\n<p>Las cookies que utilizamos no pueden leer datos de su ordenador ni leer las cookies que existan en su ordenador. Cuando el usuario se encuentre navegando por las p\u00e1ginas web de <strong>MySaaSPlace<\/strong> el servidor donde se encuentra alojada reconoce autom\u00e1ticamente la direcci\u00f3n IP de su ordenador, el d\u00eda y la hora en la que comience la visita, en la que abandona la visita, as\u00ed como informaci\u00f3n sobre las distintas secciones consultadas. Es necesario que el servidor conozca estos datos para poder comunicarse y enviarle la petici\u00f3n realizada y que a trav\u00e9s del navegador se pueda ver en la pantalla.<\/p>\r\n<p>Si usted lo desea puede configurar su navegador de manera que le avise en la pantalla si va a recibir una cookie. El usuario puede configurar su ordenador de manera que no reciba estas cookies, este hecho no impedir\u00e1 que se pueda acceder a la informaci\u00f3n del sitio web de <a href=\"http:\/\/www.mysaasplace.com\">www.mysaasplace.com<\/a>. <br \/><a href=\"#subir\">Subir<\/a><\/p>\r\n<p><a id=\"idioma\" name=\"idioma\"><\/a><\/p>\r\n<h3>5. Idioma y Contratos<\/h3>\r\n<p><strong>MySaaSPlace<\/strong> almacena en formato electr\u00f3nico, una copia del e-mail que recibe el cliente, en el que se le adjunta el contrato personalizado del producto, al finalizar la contrataci\u00f3n. <br \/><a href=\"#subir\">Subir<\/a><\/p>\r\n<p><a id=\"datoscliente\" name=\"datoscliente\"><\/a><\/p>\r\n<h3>6. Sobre los datos del cliente<\/h3>\r\n<p>En <strong>MySaaSPlace<\/strong> suministramos los servicios de Software como Servicio de los programas que aparecen en la oferta vigente en la p\u00e1gina Web <a href=\"http:\/\/www.mysaasplace.com\">www.mysaasplace.com<\/a> . Los datos que los clientes insertan en dichas aplicaciones son propiedad exclusiva de los clientes. <br \/><a href=\"#subir\">Subir<\/a><\/p>\r\n","protected":false},"excerpt":{"rendered":"<p>Compromisos 1. No realizar publicidad enga\u00f1osa 2. No remitir comunicaciones comerciales sin identificarlas 3. Responsabilidades 4. Cookies 5. Idioma y Contratos 6. Sobre los datos del cliente 1. No realizar publicidad enga\u00f1osa MySaaSPlace se compromete a no realizar publicidad enga\u00f1osa. A estos efectos, no ser\u00e1n considerados como publicidad enga\u00f1osa los errores formales o num\u00e9ricos que [&hellip;]<\/p>\n","protected":false},"author":1,"featured_media":0,"parent":382,"menu_order":5,"comment_status":"closed","ping_status":"closed","template":"","meta":[],"_links":{"self":[{"href":"https:\/\/www.mysaasplace.com\/es\/wp-json\/wp\/v2\/pages\/419"}],"collection":[{"href":"https:\/\/www.mysaasplace.com\/es\/wp-json\/wp\/v2\/pages"}],"about":[{"href":"https:\/\/www.mysaasplace.com\/es\/wp-json\/wp\/v2\/types\/page"}],"author":[{"embeddable":true,"href":"https:\/\/www.mysaasplace.com\/es\/wp-json\/wp\/v2\/users\/1"}],"replies":[{"embeddable":true,"href":"https:\/\/www.mysaasplace.com\/es\/wp-json\/wp\/v2\/comments?post=419"}],"version-history":[{"count":10,"href":"https:\/\/www.mysaasplace.com\/es\/wp-json\/wp\/v2\/pages\/419\/revisions"}],"predecessor-version":[{"id":974,"href":"https:\/\/www.mysaasplace.com\/es\/wp-json\/wp\/v2\/pages\/419\/revisions\/974"}],"up":[{"embeddable":true,"href":"https:\/\/www.mysaasplace.com\/es\/wp-json\/wp\/v2\/pages\/382"}],"wp:attachment":[{"href":"https:\/\/www.mysaasplace.com\/es\/wp-json\/wp\/v2\/media?parent=419"}],"curies":[{"name":"wp","href":"https:\/\/api.w.org\/{rel}","templated":true}]}}