{"id":412,"date":"2013-01-20T19:53:12","date_gmt":"2013-01-20T19:53:12","guid":{"rendered":"http:\/\/www.mysaasplace.com\/?page_id=412"},"modified":"2013-03-04T18:57:52","modified_gmt":"2013-03-04T18:57:52","slug":"copyright","status":"publish","type":"page","link":"https:\/\/www.mysaasplace.com\/es\/avisos-legales\/copyright\/","title":{"rendered":"Copyright"},"content":{"rendered":"\r\n<h2>Copyright<\/h2>\r\n<p>Todos los derechos derivados de la propiedad intelectual e industrial est\u00e1n expresamente reservados por <a href=\"http:\/\/www.mysaasplace.com\"><strong>MySaaSPlace<\/strong><\/a>.<\/p>\r\n<p>El c\u00f3digo fuente, los dise\u00f1os gr\u00e1ficos, las im\u00e1genes, las fotograf\u00edas, los sonidos, las animaciones, los videos, el software, los textos, los nombres de dominio, las marcas, as\u00ed como la informaci\u00f3n y los contenidos recogidos a lo largo de toda la web est\u00e1n protegidos por la legislaci\u00f3n espa\u00f1ola a favor de <strong>MySaaSPlace<\/strong>.<\/p>\r\n<p><strong>MySaaSPlace<\/strong> no permite, ni total ni parcialmente, la reproducci\u00f3n, publicaci\u00f3n, tratamiento inform\u00e1tico, distribuci\u00f3n difusi\u00f3n, modificaci\u00f3n, transformaci\u00f3n o descompilaci\u00f3n ni dem\u00e1s derechos reconocidos legalmente a su titular, sin el permiso previo y por escrito.<\/p>\r\n<p>El usuario, \u00fanica y exclusivamente, puede utilizar el material que aparezca en este sitio web o en las aplicaciones suministradas para su uso personal y privado, quedando prohibido su uso con fines comerciales o cualquier otro uso que no sea personal y privado.<\/p>\r\n<p><strong>MySaaSPlace<\/strong> velar\u00e1 por el cumplimiento de las anteriores condiciones y por la debida utilizaci\u00f3n de su propiedad intelectual e industrial ejercitando todas las acciones legales que le correspondan.<\/p>\r\n<p><strong>MySaaSPlace<\/strong> podr\u00e1 modificar, sin previo aviso, la informaci\u00f3n contenida en su sitio web o en las aplicaciones suministradas, as\u00ed como su configuraci\u00f3n y presentaci\u00f3n.<\/p>\r\n","protected":false},"excerpt":{"rendered":"<p>Copyright Todos los derechos derivados de la propiedad intelectual e industrial est\u00e1n expresamente reservados por MySaaSPlace. El c\u00f3digo fuente, los dise\u00f1os gr\u00e1ficos, las im\u00e1genes, las fotograf\u00edas, los sonidos, las animaciones, los videos, el software, los textos, los nombres de dominio, las marcas, as\u00ed como la informaci\u00f3n y los contenidos recogidos a lo largo de toda [&hellip;]<\/p>\n","protected":false},"author":1,"featured_media":140,"parent":382,"menu_order":4,"comment_status":"closed","ping_status":"closed","template":"","meta":[],"_links":{"self":[{"href":"https:\/\/www.mysaasplace.com\/es\/wp-json\/wp\/v2\/pages\/412"}],"collection":[{"href":"https:\/\/www.mysaasplace.com\/es\/wp-json\/wp\/v2\/pages"}],"about":[{"href":"https:\/\/www.mysaasplace.com\/es\/wp-json\/wp\/v2\/types\/page"}],"author":[{"embeddable":true,"href":"https:\/\/www.mysaasplace.com\/es\/wp-json\/wp\/v2\/users\/1"}],"replies":[{"embeddable":true,"href":"https:\/\/www.mysaasplace.com\/es\/wp-json\/wp\/v2\/comments?post=412"}],"version-history":[{"count":5,"href":"https:\/\/www.mysaasplace.com\/es\/wp-json\/wp\/v2\/pages\/412\/revisions"}],"predecessor-version":[{"id":1251,"href":"https:\/\/www.mysaasplace.com\/es\/wp-json\/wp\/v2\/pages\/412\/revisions\/1251"}],"up":[{"embeddable":true,"href":"https:\/\/www.mysaasplace.com\/es\/wp-json\/wp\/v2\/pages\/382"}],"wp:featuredmedia":[{"embeddable":true,"href":"https:\/\/www.mysaasplace.com\/es\/wp-json\/wp\/v2\/media\/140"}],"wp:attachment":[{"href":"https:\/\/www.mysaasplace.com\/es\/wp-json\/wp\/v2\/media?parent=412"}],"curies":[{"name":"wp","href":"https:\/\/api.w.org\/{rel}","templated":true}]}}