{"id":405,"date":"2013-01-20T19:43:18","date_gmt":"2013-01-20T19:43:18","guid":{"rendered":"http:\/\/www.mysaasplace.com\/?page_id=405"},"modified":"2013-03-04T18:57:22","modified_gmt":"2013-03-04T18:57:22","slug":"politica-de-uso","status":"publish","type":"page","link":"https:\/\/www.mysaasplace.com\/es\/avisos-legales\/politica-de-uso\/","title":{"rendered":"Pol\u00edtica de Uso"},"content":{"rendered":"\r\n<h2>Pol\u00edtica de Uso<\/h2>\r\n<p>El cliente es responsable del cumplimiento de las leyes y reglamentos en vigor y las reglas aplicables al uso que de los productos y aplicaciones realice. No obstante, se proh\u00edbe el uso de los servicios de <a href=\"http:\/\/www.mysaasplace.com\"><strong>MySaaSPlace<\/strong><\/a> contrario a la buena fe, en particular, de forma no exhaustiva:<\/p>\r\n<ul>\r\n\t<li>La utilizaci\u00f3n que resulte contraria a las leyes espa\u00f1olas y europeas o que infrinja los derechos de terceros.<\/li>\r\n\t<li>La publicaci\u00f3n o la transmisi\u00f3n de cualquier contenido que resulte violento, obsceno, abusivo, ilegal, racial, xen\u00f3fobo o difamatorio.<\/li>\r\n\t<li>Alterar o intervenir por medios fraudulentos sistemas de otros usuarios o terceros sin autorizaci\u00f3n de los mismos.<\/li>\r\n\t<li>Los cracks, n\u00fameros de serie de programas o cualquier otro contenido que vulnere derechos de la propiedad intelectual de terceros, haciendo uso de estas t\u00e9cnicas desde o hacia los sistemas y servicios de <strong>MySaaSPlace<\/strong>.<\/li>\r\n\t<li>La recogida y\/o utilizaci\u00f3n de datos personales de otros usuarios sin su consentimiento expreso o contraviniendo lo dispuesto en la Ley Org\u00e1nica 15\/1999, de 13 de diciembre, de Protecci\u00f3n de Datos de Car\u00e1cter Personal.<\/li>\r\n\t<li>La utilizaci\u00f3n de los sistemas con los fines de spam, mail bombing, phishing, escrow fraud, scam 419, pharming, difusi\u00f3n de virus (troyanos, gusanos, etc.), o cualquier otro tipo de actividad realizada con \u00e1nimo saboteador, fraudulento o delictivo.<\/li>\r\n<\/ul>\r\n<p>El cliente est\u00e1 obligado a mantener operativa, activa y actualizada la direcci\u00f3n todos sus datos y los de la empresa a la que pueda representar y en concreto el e-mail que se proporciona en el formulario de contrataci\u00f3n para las comunicaciones con <strong>MySaaSPlac<\/strong>e, ya que constituye el medio de comunicaci\u00f3n preferente de <strong>MySaaSPlace<\/strong>.<\/p>\r\n<p>El cliente es el \u00fanico responsable de la utilizaci\u00f3n y conservaci\u00f3n de los nombres de usuario y contrase\u00f1as facilitados por <strong>MySaaSPlac<\/strong>e o que \u00e9l mismo haya podido escoger para el uso de las herramientas que se ponen a su disposici\u00f3n para la gesti\u00f3n de los servicios contratados, ya que son los identificadores necesarios que permiten contrastar a <strong>MySaaSPlace<\/strong> la autentificaci\u00f3n del acceso del cliente y facilitar el permiso a las actuaciones que se soliciten desde estas herramientas. El uso de estos identificadores y la comunicaci\u00f3n, incluso a terceras personas, se produce bajo la \u00fanica responsabilidad del cliente.<\/p>\r\n<p>El cliente tiene la total responsabilidad del contenido que introduce en los sistemas de <strong>MySaaSPlace<\/strong>, de la informaci\u00f3n transmitida y almacenada de sus explotaciones, de los enlaces de hipertexto, de las reivindicaciones de terceros y de las acciones legales que pueden desencadenar en toda la referencia a propiedad intelectual, derechos de la personalidad y protecci\u00f3n de menores.<\/p>\r\n<p>Queda prohibido acceder, modificar, visualizar la configuraci\u00f3n, estructura, programaci\u00f3n y ficheros de los servidores de <strong>MySaaSPlace<\/strong>. Cualquier problema que se pudiera producir en los servidores y sistemas de seguridad de <strong>MySaaSPlace<\/strong> como consecuencia directa de una actuaci\u00f3n negligente del cliente, \u00e9ste responder\u00e1 por la responsabilidad civil y penal que le pudiera corresponder.<\/p>\r\n<p>El cliente respetar\u00e1 los est\u00e1ndares t\u00e9cnicos dispuestos por <strong>MySaaSPlace<\/strong> relaccionados con\u00a0la administraci\u00f3n y desarrollo de los productos contratados de forma que no se produzca uso abusivo que ralentice los servidores perjudicando la prestaci\u00f3n de los productos o derechos de otros clientes.<\/p>\r\n<p>Los usuarios que contraten a trav\u00e9s del sitio web\u00a0<strong><a href=\"http:\/\/www.mysaasplace.com\">www.mysaasplace.com<\/a> <\/strong>\u00a0reconocen ser mayores de edad. La contrataci\u00f3n llevada a cabo por menores de edad requiere la autorizaci\u00f3n previa de sus padres, tutores o representantes legales, los cuales ser\u00e1n considerados responsables de la contrataci\u00f3n llevada a cabo por los menores a su cargo. Ser\u00e1n los menores de edad quienes deben recabar el consentimiento necesario para proceder a la contrataci\u00f3n.<\/p>\r\n","protected":false},"excerpt":{"rendered":"<p>Pol\u00edtica de Uso El cliente es responsable del cumplimiento de las leyes y reglamentos en vigor y las reglas aplicables al uso que de los productos y aplicaciones realice. No obstante, se proh\u00edbe el uso de los servicios de MySaaSPlace contrario a la buena fe, en particular, de forma no exhaustiva: La utilizaci\u00f3n que resulte [&hellip;]<\/p>\n","protected":false},"author":1,"featured_media":154,"parent":382,"menu_order":3,"comment_status":"closed","ping_status":"closed","template":"","meta":[],"_links":{"self":[{"href":"https:\/\/www.mysaasplace.com\/es\/wp-json\/wp\/v2\/pages\/405"}],"collection":[{"href":"https:\/\/www.mysaasplace.com\/es\/wp-json\/wp\/v2\/pages"}],"about":[{"href":"https:\/\/www.mysaasplace.com\/es\/wp-json\/wp\/v2\/types\/page"}],"author":[{"embeddable":true,"href":"https:\/\/www.mysaasplace.com\/es\/wp-json\/wp\/v2\/users\/1"}],"replies":[{"embeddable":true,"href":"https:\/\/www.mysaasplace.com\/es\/wp-json\/wp\/v2\/comments?post=405"}],"version-history":[{"count":5,"href":"https:\/\/www.mysaasplace.com\/es\/wp-json\/wp\/v2\/pages\/405\/revisions"}],"predecessor-version":[{"id":1249,"href":"https:\/\/www.mysaasplace.com\/es\/wp-json\/wp\/v2\/pages\/405\/revisions\/1249"}],"up":[{"embeddable":true,"href":"https:\/\/www.mysaasplace.com\/es\/wp-json\/wp\/v2\/pages\/382"}],"wp:featuredmedia":[{"embeddable":true,"href":"https:\/\/www.mysaasplace.com\/es\/wp-json\/wp\/v2\/media\/154"}],"wp:attachment":[{"href":"https:\/\/www.mysaasplace.com\/es\/wp-json\/wp\/v2\/media?parent=405"}],"curies":[{"name":"wp","href":"https:\/\/api.w.org\/{rel}","templated":true}]}}