{"id":4,"date":"2013-01-14T17:20:17","date_gmt":"2013-01-14T17:20:17","guid":{"rendered":"http:\/\/www.mysaasplace.com\/?page_id=4"},"modified":"2021-01-21T05:07:14","modified_gmt":"2021-01-21T05:07:14","slug":"gestion-integrada-de-proyectos","status":"publish","type":"page","link":"https:\/\/www.mysaasplace.com\/es\/funciones\/gestion-integrada-de-proyectos\/","title":{"rendered":"Gesti\u00f3n Integrada de Proyectos"},"content":{"rendered":"<h2>Gesti\u00f3n\u00a0Integrada de\u00a0Proyectos<\/h2><p>Ya no necesitar\u00e1s realizar complejas instalaciones en tu PC o servidor, ni\u00a0pagar servicios de mantenimiento para obtener nuevas actualizaciones de tus programas\u00a0Software . Con <a href=\"http:\/\/www.mysaasplace.com\"><strong>MySaaSPlace<\/strong><\/a> podr\u00e1s contratar una completa <strong>Gesti\u00f3n Integrada de Proyectos (GIP)\u00a0<\/strong>mediante el pago de una cuota anual o mensual, sin instalar programas, ni mantener servidores,todo a trav\u00e9s de Internet, desde PCs, MACc o tel\u00e9fonos m\u00f3viles .<\/p><p>La <strong>Gestion Integrada de Proyectos (GIP) de MySaaSPlace<\/strong>\u00a0est\u00e1 dise\u00f1ada para obtener el m\u00e1ximo rendimiento de tu trabajo en:<\/p><ul><li>Empresas de servicios.<\/li><li>Departamentos de ingenier\u00eda o ingenieros integrados en empresas mayores.<\/li><li>Despachos de arquitectos o arquitectos individuales.<\/li><li>Despachos de abogados o abogados por cuenta propia.<\/li><li>Administradores de fincas o comunidades de vecinos.<\/li><li>Constructoras.<\/li><li>Empresas de desarrollo de software.<\/li><li>Gremios varios en el sector de la construcci\u00f3n.<\/li><\/ul><p><strong>GIP<\/strong> esta especialmente indicado para todos aquellos profesionales cuyo trabajo diario consiste en la creaci\u00f3n y ejecuci\u00f3n de proyectos de todo tipo.\u00a0<strong>MySaaSPlace <\/strong>te ofrece la posibilidad de disponer de una completa Gesti\u00f3n Integrada de Proyectos en un entorno Web, el cual te permitir\u00e1:<\/p><ul><li>Crear proyectos de forma sencilla.<\/li><li>Planificar el proyecto Base.<\/li><li>Gestionar el proyecto Real.<\/li><li>Incorporar Tareas, Recursos, Gastos, Bonos, etc.<\/li><li>Visualizar las desviaciones en tiempo real (costes y plazos).<\/li><li>Control de costes.<\/li><li>Un completo sistema de informes.<\/li><li>Integraci\u00f3n\u00a0con nuestros sistemas de contabilidad o facturaci\u00f3n, para que cuando hayas terminado un proyecto o quieras facturar parte del mismo, puedas hacerlo sin trabajo adicional, ya que<strong> GIP<\/strong> est\u00e1 conectado con nuestro programa de facturaci\u00f3n y \u00e9ste a su vez con el de contabilidad, para que el ciclo de trabajo y de gesti\u00f3n sea completo.<\/li><li>Gestionar los usuarios, sabiendo en todo momento los recursos planificados y reales que se est\u00e1n consumiendo para cada proyecto.<\/li><li>Administrable desde tu PC o MAC, s\u00f3lo se requiere una conexi\u00f3n a Internet ya que no hay que instalar ning\u00fan programa . Y si quieres acceder desde tu tel\u00e9fono, tambi\u00e9n podr\u00e1s hacerlo.<\/li><\/ul><p>El <strong>GIP en MySaaSPlace<\/strong> se adapta a las necesidades de tu negocio al 100%, tanto si quieres gestionar s\u00f3lo un proyecto como si quieres gestionar un completo departamento de ingenier\u00eda o arquitectura en multiproyecto, y todo ello con una puesta en marcha inmediata.Un completo sistema que te permitir\u00e1 gestionar tus proyectos tanto anal\u00edticamente como con diagramas de Gannt y todo ello en un entorno Web, algo que <strong>MySaaSPlace<\/strong> pone a tu disposici\u00f3n sin realizar inversiones, con una contrataci\u00f3n mensual o anual sin gastarte un solo Euro de m\u00e1s.<\/p>","protected":false},"excerpt":{"rendered":"<p>Gesti\u00f3n\u00a0Integrada de\u00a0ProyectosYa no necesitar\u00e1s realizar complejas instalaciones en tu PC o servidor, ni\u00a0pagar servicios de mantenimiento para obtener nuevas actualizaciones de tus programas\u00a0Software . Con MySaaSPlace podr\u00e1s contratar una completa Gesti\u00f3n Integrada de Proyectos (GIP)\u00a0mediante el pago de una cuota anual o mensual, sin instalar programas, ni mantener servidores,todo a trav\u00e9s de Internet, desde PCs, [&hellip;]<\/p>\n","protected":false},"author":1,"featured_media":158,"parent":14,"menu_order":1,"comment_status":"closed","ping_status":"closed","template":"","meta":[],"_links":{"self":[{"href":"https:\/\/www.mysaasplace.com\/es\/wp-json\/wp\/v2\/pages\/4"}],"collection":[{"href":"https:\/\/www.mysaasplace.com\/es\/wp-json\/wp\/v2\/pages"}],"about":[{"href":"https:\/\/www.mysaasplace.com\/es\/wp-json\/wp\/v2\/types\/page"}],"author":[{"embeddable":true,"href":"https:\/\/www.mysaasplace.com\/es\/wp-json\/wp\/v2\/users\/1"}],"replies":[{"embeddable":true,"href":"https:\/\/www.mysaasplace.com\/es\/wp-json\/wp\/v2\/comments?post=4"}],"version-history":[{"count":24,"href":"https:\/\/www.mysaasplace.com\/es\/wp-json\/wp\/v2\/pages\/4\/revisions"}],"predecessor-version":[{"id":2130,"href":"https:\/\/www.mysaasplace.com\/es\/wp-json\/wp\/v2\/pages\/4\/revisions\/2130"}],"up":[{"embeddable":true,"href":"https:\/\/www.mysaasplace.com\/es\/wp-json\/wp\/v2\/pages\/14"}],"wp:featuredmedia":[{"embeddable":true,"href":"https:\/\/www.mysaasplace.com\/es\/wp-json\/wp\/v2\/media\/158"}],"wp:attachment":[{"href":"https:\/\/www.mysaasplace.com\/es\/wp-json\/wp\/v2\/media?parent=4"}],"curies":[{"name":"wp","href":"https:\/\/api.w.org\/{rel}","templated":true}]}}