{"id":398,"date":"2013-01-20T19:32:21","date_gmt":"2013-01-20T19:32:21","guid":{"rendered":"http:\/\/www.mysaasplace.com\/?page_id=398"},"modified":"2013-03-04T18:56:31","modified_gmt":"2013-03-04T18:56:31","slug":"proteccion-de-datos","status":"publish","type":"page","link":"https:\/\/www.mysaasplace.com\/es\/avisos-legales\/proteccion-de-datos\/","title":{"rendered":"Protecci\u00f3n de Datos"},"content":{"rendered":"\r\n<h2>Pol\u00edtica de Protecci\u00f3n de Datos de Car\u00e1cter Personal<\/h2>\r\n<p>En cumplimiento de la Ley Org\u00e1nica 15\/1999, de 13 de diciembre, sobre protecci\u00f3n de Datos de Car\u00e1cter Personal (LOPD), <a href=\"http:\/\/www.mysaasplace.com\"><strong>MySaaSPlace<\/strong><\/a> informa a los usuarios de que:<\/p>\r\n<p><strong>MySaaSPlace<\/strong> ha adoptado las medidas t\u00e9cnicas y organizativas necesarias para el cumplimiento de la LOPD.<\/p>\r\n<p>Los Datos de Car\u00e1cter Personal que recoge <strong>MySaaSPlace<\/strong>\u00a0en su p\u00e1gina web, y en especial, los datos de clientes introducidos durante el procedimiento de contrataci\u00f3n son objeto de tratamiento automatizado y se incorporan en los ficheros correspondientes, denominados \u201cCLIENTES\u00bb, debidamente registrado en la Agencia Espa\u00f1ola de Protecci\u00f3n de Datos.<\/p>\r\n<p>En aquellos casos en los que la contrataci\u00f3n no sea realizada on-line por el propio cliente, <strong>MySaaSPlace<\/strong> \u00fanicamente conservar\u00e1 los datos de car\u00e1cter personal proporcionados por el mismo, por el tiempo imprescindible hasta que confirme dicha contrataci\u00f3n.<\/p>\r\n<p>La recogida y tratamiento automatizado de los Datos de Car\u00e1cter Personal tiene como finalidad el mantenimiento de la relaci\u00f3n contractual que en su caso se establezca con <strong>MySaaSPlace<\/strong>, as\u00ed como el desempe\u00f1o de las tareas de informaci\u00f3n, formaci\u00f3n, comercializaci\u00f3n (tarea esta \u00faltima siempre identificada como tal) y otras actividades propias del grupo.<\/p>\r\n<p>Los Datos de car\u00e1cter personal tratados en el fichero \u201cCLIENTES\u00bb \u00fanicamente ser\u00e1n cedidos a aquellas entidades que sean necesarias con el \u00fanico objetivo de dar cumplimiento a la\/s finalidad\/es anteriormente expuesta\/as.<\/p>\r\n<p>En aquellos casos en los que <strong>MySaaSPlace<\/strong> figure como encargado del tratamiento, asume las obligaciones establecidas en la LOPD y manifiesta que \u00fanicamente tratar\u00e1 los datos conforme a las instrucciones del responsable del tratamiento y que no los aplicar\u00e1 o utilizar\u00e1 con fines distintos a los que figuren en el contrato celebrado al efecto.<\/p>\r\n<p>El cliente podr\u00e1, en todo momento, ejercitar los derechos reconocidos en la LOPD, de acceso, rectificaci\u00f3n, cancelaci\u00f3n y oposici\u00f3n, a trav\u00e9s del \u00bb <a href=\"https:\/\/azure.mysaasplace.com\/Account\/Login.aspx\" target=\"_blank\"><strong>Portal SaaS<\/strong><\/a>\u00ab, herramienta desarrollada por <strong>MySaaSPlace<\/strong>, a la que se accede a trav\u00e9s de la <a href=\"http:\/\/www.mysaasplace.com\"><strong>p\u00e1gina principal del sitio web<\/strong><\/a>, por medio de la introducci\u00f3n de usuario y contrase\u00f1a personal propia del usuario. Tambi\u00e9n pueden ejercitarse estos derechos en los t\u00e9rminos que la normativa aplicable establece y que puede consultar en <a class=\"new-window\" href=\"http:\/\/www.agpd.es\/\" target=\"_blank\">http:\/\/www.agpd.es\/<\/a><\/p>\r\n","protected":false},"excerpt":{"rendered":"<p>Pol\u00edtica de Protecci\u00f3n de Datos de Car\u00e1cter Personal En cumplimiento de la Ley Org\u00e1nica 15\/1999, de 13 de diciembre, sobre protecci\u00f3n de Datos de Car\u00e1cter Personal (LOPD), MySaaSPlace informa a los usuarios de que: MySaaSPlace ha adoptado las medidas t\u00e9cnicas y organizativas necesarias para el cumplimiento de la LOPD. Los Datos de Car\u00e1cter Personal que [&hellip;]<\/p>\n","protected":false},"author":1,"featured_media":157,"parent":382,"menu_order":2,"comment_status":"closed","ping_status":"closed","template":"","meta":[],"_links":{"self":[{"href":"https:\/\/www.mysaasplace.com\/es\/wp-json\/wp\/v2\/pages\/398"}],"collection":[{"href":"https:\/\/www.mysaasplace.com\/es\/wp-json\/wp\/v2\/pages"}],"about":[{"href":"https:\/\/www.mysaasplace.com\/es\/wp-json\/wp\/v2\/types\/page"}],"author":[{"embeddable":true,"href":"https:\/\/www.mysaasplace.com\/es\/wp-json\/wp\/v2\/users\/1"}],"replies":[{"embeddable":true,"href":"https:\/\/www.mysaasplace.com\/es\/wp-json\/wp\/v2\/comments?post=398"}],"version-history":[{"count":7,"href":"https:\/\/www.mysaasplace.com\/es\/wp-json\/wp\/v2\/pages\/398\/revisions"}],"predecessor-version":[{"id":1245,"href":"https:\/\/www.mysaasplace.com\/es\/wp-json\/wp\/v2\/pages\/398\/revisions\/1245"}],"up":[{"embeddable":true,"href":"https:\/\/www.mysaasplace.com\/es\/wp-json\/wp\/v2\/pages\/382"}],"wp:featuredmedia":[{"embeddable":true,"href":"https:\/\/www.mysaasplace.com\/es\/wp-json\/wp\/v2\/media\/157"}],"wp:attachment":[{"href":"https:\/\/www.mysaasplace.com\/es\/wp-json\/wp\/v2\/media?parent=398"}],"curies":[{"name":"wp","href":"https:\/\/api.w.org\/{rel}","templated":true}]}}