{"id":382,"date":"2013-01-20T19:03:26","date_gmt":"2013-01-20T19:03:26","guid":{"rendered":"http:\/\/www.mysaasplace.com\/?page_id=382"},"modified":"2013-03-04T18:49:44","modified_gmt":"2013-03-04T18:49:44","slug":"avisos-legales","status":"publish","type":"page","link":"https:\/\/www.mysaasplace.com\/es\/avisos-legales\/","title":{"rendered":"Avisos Legales"},"content":{"rendered":"\r\n<h2>Avisos Legales<\/h2>\r\n<h3>Contrato<\/h3>\r\n<p>Acceda al <strong>contrato<\/strong> de los distintos productos proporcionados por <a href=\"http:\/\/www.myssasplace.com\"><strong>MySaaSPlace<\/strong><\/a>.<\/p>\r\n<div class=\"ir\"><a href=\"\/es\/avisos-legales\/contrato\/\">M\u00c1S INFORMACI\u00d3N<\/a><\/div>\r\n<h3>Protecci\u00f3n de datos<\/h3>\r\n<p><strong>MySaaSPlace<\/strong> cumple la Ley Org\u00e1nica de Protecci\u00f3n de Datos (LOPD).<\/p>\r\n<div class=\"ir\"><a href=\"\/es\/avisos-legales\/proteccion-de-datos\/\">M\u00c1S INFORMACI\u00d3N<\/a><\/div>\r\n<h3>Pol\u00edtica de uso<\/h3>\r\n<p>Principales <strong>pol\u00edticas y condiciones de uso<\/strong> que llevamos a cabo.<\/p>\r\n<div class=\"ir\"><a href=\"\/es\/avisos-legales\/politica-de-uso\/\">M\u00c1S INFORMACI\u00d3N<\/a><\/div>\r\n<h3>Copyright<\/h3>\r\n<p>Todo el contenido de esta web es <strong>propiedad intelectual<\/strong> de <a href=\"http:\/\/www.mysaasplace.com\"><strong>MySaaSPlace<\/strong><\/a>.<\/p>\r\n<div class=\"ir\"><a href=\"\/es\/avisos-legales\/copyright\/\">M\u00c1S INFORMACI\u00d3N<\/a><\/div>\r\n<h3>Compromisos<\/h3>\r\n<p>Razones para <strong>contratar MySaaSPlace<\/strong>.<\/p>\r\n<div class=\"ir\"><a href=\"\/es\/avisos-legales\/compromisos\/\">M\u00c1S INFORMACI\u00d3N<\/a><\/div>\r\n","protected":false},"excerpt":{"rendered":"<p>Avisos Legales Contrato Acceda al contrato de los distintos productos proporcionados por MySaaSPlace. M\u00c1S INFORMACI\u00d3N Protecci\u00f3n de datos MySaaSPlace cumple la Ley Org\u00e1nica de Protecci\u00f3n de Datos (LOPD). M\u00c1S INFORMACI\u00d3N Pol\u00edtica de uso Principales pol\u00edticas y condiciones de uso que llevamos a cabo. M\u00c1S INFORMACI\u00d3N Copyright Todo el contenido de esta web es propiedad intelectual [&hellip;]<\/p>\n","protected":false},"author":1,"featured_media":0,"parent":0,"menu_order":0,"comment_status":"closed","ping_status":"closed","template":"","meta":[],"_links":{"self":[{"href":"https:\/\/www.mysaasplace.com\/es\/wp-json\/wp\/v2\/pages\/382"}],"collection":[{"href":"https:\/\/www.mysaasplace.com\/es\/wp-json\/wp\/v2\/pages"}],"about":[{"href":"https:\/\/www.mysaasplace.com\/es\/wp-json\/wp\/v2\/types\/page"}],"author":[{"embeddable":true,"href":"https:\/\/www.mysaasplace.com\/es\/wp-json\/wp\/v2\/users\/1"}],"replies":[{"embeddable":true,"href":"https:\/\/www.mysaasplace.com\/es\/wp-json\/wp\/v2\/comments?post=382"}],"version-history":[{"count":15,"href":"https:\/\/www.mysaasplace.com\/es\/wp-json\/wp\/v2\/pages\/382\/revisions"}],"predecessor-version":[{"id":1266,"href":"https:\/\/www.mysaasplace.com\/es\/wp-json\/wp\/v2\/pages\/382\/revisions\/1266"}],"wp:attachment":[{"href":"https:\/\/www.mysaasplace.com\/es\/wp-json\/wp\/v2\/media?parent=382"}],"curies":[{"name":"wp","href":"https:\/\/api.w.org\/{rel}","templated":true}]}}