{"id":362,"date":"2013-01-20T14:16:42","date_gmt":"2013-01-20T14:16:42","guid":{"rendered":"http:\/\/www.mysaasplace.com\/?page_id=362"},"modified":"2013-07-06T12:59:57","modified_gmt":"2013-07-06T12:59:57","slug":"notas-de-prensa","status":"publish","type":"page","link":"https:\/\/www.mysaasplace.com\/es\/sala-de-prensa\/notas-de-prensa\/","title":{"rendered":"Notas de Prensa"},"content":{"rendered":"\r\n<p>&nbsp;<\/p>\r\n<h2>Noticias<\/h2>\r\n<p><strong>02.07.2013<\/strong>. <strong><span style=\"color: #0000ff;\">MySaaSPlace incorpora la factura electr\u00f3nica para facilitar la transici\u00f3n a la nueva normativa<\/span><\/strong> <strong><a href=\"http:\/\/www.mysaasplace.com\/images\/NdP-MySaaSPlace-factura-electr\u00f3nica.pdf\">NdP MySaaSPlace factura electr\u00f3nica<\/a><\/strong><\/p>\r\n<p style=\"text-align: left;\" align=\"center\"><strong>24.04.2013<\/strong>. <strong><span style=\"color: #0000ff;\">10 razones por las que empresas y profesionales necesitan herramientas de Gesti\u00f3n de Proyectos<\/span><\/strong> <strong><a href=\"http:\/\/www.mysaasplace.com\/images\/NdP-10-razones-gesti\u00f3n-de-proyectos.pdf\">NdP 10 razones gesti\u00f3n de proyectos<\/a><\/strong><\/p>\r\n<p style=\"text-align: left;\" align=\"center\"><strong>06.03.2013<\/strong>. <strong><span style=\"color: #0000ff;\">MySaaSPlace pone en marcha una red de servicios avanzados para empresas a trav\u00e9s de sus partners <a href=\"http:\/\/www.mysaasplace.com\/images\/NdP-servicios-MySaaSPlace-060313.pdf\">NdP servicios MySaaSPlace 060313<\/a><\/span><\/strong><\/p>\r\n<p style=\"text-align: left;\" align=\"center\"><strong>30.01.2013<\/strong>. <strong><span style=\"color: #0000ff;\">MySaaSPlace ofrece gesti\u00f3n integrada y online de proyectos y negocios<\/span> <a id=\"subir\" name=\"subir\"><\/a><a href=\"http:\/\/www.mysaasplace.com\/images\/NdP-MySaaSPlace-300113.pdf\">NdP MySaaSPlace 300113<\/a><\/strong><\/p>\r\n<p style=\"text-align: left;\" align=\"center\"><\/p>\r\n","protected":false},"excerpt":{"rendered":"<p>&nbsp; Noticias 02.07.2013. MySaaSPlace incorpora la factura electr\u00f3nica para facilitar la transici\u00f3n a la nueva normativa NdP MySaaSPlace factura electr\u00f3nica 24.04.2013. 10 razones por las que empresas y profesionales necesitan herramientas de Gesti\u00f3n de Proyectos NdP 10 razones gesti\u00f3n de proyectos 06.03.2013. MySaaSPlace pone en marcha una red de servicios avanzados para empresas a trav\u00e9s [&hellip;]<\/p>\n","protected":false},"author":1,"featured_media":0,"parent":354,"menu_order":1,"comment_status":"closed","ping_status":"closed","template":"","meta":[],"_links":{"self":[{"href":"https:\/\/www.mysaasplace.com\/es\/wp-json\/wp\/v2\/pages\/362"}],"collection":[{"href":"https:\/\/www.mysaasplace.com\/es\/wp-json\/wp\/v2\/pages"}],"about":[{"href":"https:\/\/www.mysaasplace.com\/es\/wp-json\/wp\/v2\/types\/page"}],"author":[{"embeddable":true,"href":"https:\/\/www.mysaasplace.com\/es\/wp-json\/wp\/v2\/users\/1"}],"replies":[{"embeddable":true,"href":"https:\/\/www.mysaasplace.com\/es\/wp-json\/wp\/v2\/comments?post=362"}],"version-history":[{"count":14,"href":"https:\/\/www.mysaasplace.com\/es\/wp-json\/wp\/v2\/pages\/362\/revisions"}],"predecessor-version":[{"id":1004,"href":"https:\/\/www.mysaasplace.com\/es\/wp-json\/wp\/v2\/pages\/362\/revisions\/1004"}],"up":[{"embeddable":true,"href":"https:\/\/www.mysaasplace.com\/es\/wp-json\/wp\/v2\/pages\/354"}],"wp:attachment":[{"href":"https:\/\/www.mysaasplace.com\/es\/wp-json\/wp\/v2\/media?parent=362"}],"curies":[{"name":"wp","href":"https:\/\/api.w.org\/{rel}","templated":true}]}}