{"id":347,"date":"2013-01-20T13:27:14","date_gmt":"2013-01-20T13:27:14","guid":{"rendered":"http:\/\/www.mysaasplace.com\/?page_id=347"},"modified":"2021-01-21T07:31:07","modified_gmt":"2021-01-21T07:31:07","slug":"acreditaciones-y-certificaciones","status":"publish","type":"page","link":"https:\/\/www.mysaasplace.com\/es\/informacion-corporativa\/acreditaciones-y-certificaciones\/","title":{"rendered":"Acreditaciones y Certificaciones"},"content":{"rendered":"<h2>Acreditaciones y Certificaciones<\/h2><p>En <a href=\"http:\/\/www.mysaasplace.com\"><strong>MySaaSPlace<\/strong><\/a> ya tenemos el aval de miles de usuarios que utilizan nuestros <strong>Programas de Gesti\u00f3n<\/strong> cada d\u00eda, y adem\u00e1s el reconocimiento de nuestras capacidades, formaci\u00f3n y resultados por empresas l\u00edderes en la industria.<\/p><div class=\"tabla_container\"><table summary=\"botonera principal\"><tbody><tr><td><a href=\"https:\/\/partner.microsoft.com\/spain\/partner\"> <img src=\"\/images\/certificaciones\/certificado_microsoft.png\" alt=\"certificaci\u00f3n microsoft\" \/> <\/a><\/td><td>Como <strong>Microsoft Certified Partner<\/strong>, <strong>MySaaSPlace<\/strong> ofrece a sus clientes soluciones de primer nivel basadas en productos <strong>Microsoft<\/strong> y pone a su disposici\u00f3n las \u00faltimas plataformas y soluciones de desarrollo creadas por esta compa\u00f1\u00eda.<\/td><\/tr><tr><td><img src=\"\/images\/certificaciones\/certificado_evolution.png\" alt=\"certificado evolution technologies\" \/><\/td><td>Con esta acreditaci\u00f3n, <strong>MySaaSPlace<\/strong> ofrece a sus clientes el acceso a las \u00faltimas plataformas de <strong>Evolution Technologies<\/strong> y las m\u00e1ximas garant\u00edas de funcionamiento.<\/td><\/tr><\/tbody><\/table><\/div><table summary=\"botonera principal\"><tbody><tr><td><a href=\"https:\/\/datamarket.azure.com\/application\/9446bfb2-f461-4dba-87b2-9e3ba5076a5f\"> <img class=\"logotiposwindows\" src=\"\/images\/certificaciones\/windows_azure.jpg\" alt=\"certificaci\u00f3n microsoft windows azure\" \/> <\/a><\/td><td>Las aplicaciones de <strong>MySaaSPlace<\/strong> est\u00e1n certificadas en la plataforma de <strong>Microsoft Windows Azure<\/strong>.<\/td><\/tr><tr><td><a href=\"\/es\/smartphones\/\"><img loading=\"lazy\" class=\"alignnone size-medium\" src=\"http:\/\/www.mysaasplace.com\/images\/promos\/es\/es_Microsoftx25.png\" width=\"69\" height=\"25\" \/><\/a><a href=\"\/es\/smartphones\/\"><img loading=\"lazy\" class=\"alignnone size-medium\" src=\"http:\/\/www.mysaasplace.com\/images\/promos\/es\/es_googlex25.png\" width=\"83\" height=\"25\" \/><\/a><a href=\"\/es\/smartphones\/\"><img loading=\"lazy\" class=\"alignnone size-medium\" src=\"http:\/\/www.mysaasplace.com\/images\/promos\/es\/es_applex25.png\" width=\"74\" height=\"25\" \/><\/a><\/td><td>Nuestra aplicaci\u00f3n para <strong>SmartPhones:<\/strong> se encuentra disponible y certificada para m\u00f3viles Android e IPhone y iPad.<\/td><\/tr><\/tbody><\/table><h2>Formamos parte del cat\u00e1logo de Microsoft<\/h2><p>Formamos parte de Microsoft Pinpoint, Software + Servicios de TI para empresas:<\/p><table summary=\"botonera principal\"><tbody><tr><td><a href=\"http:\/\/pinpoint.microsoft.com\/es-ES\/applications\/mysaasplace-12884934216\"> <img class=\"logotiposwindows\" src=\"\/images\/certificaciones\/pinpoint.png\" alt=\"certificaci\u00f3n microsoft pinpoint\" \/> <\/a><\/td><td><strong>Microsoft Pinpoint<\/strong> es un cat\u00e1logo de soluciones donde encontrar las mejores aplicaciones y servicios para empresas.<\/td><\/tr><\/tbody><\/table>","protected":false},"excerpt":{"rendered":"<p>Acreditaciones y CertificacionesEn MySaaSPlace ya tenemos el aval de miles de usuarios que utilizan nuestros Programas de Gesti\u00f3n cada d\u00eda, y adem\u00e1s el reconocimiento de nuestras capacidades, formaci\u00f3n y resultados por empresas l\u00edderes en la industria. Como Microsoft Certified Partner, MySaaSPlace ofrece a sus clientes soluciones de primer nivel basadas en productos Microsoft y pone [&hellip;]<\/p>\n","protected":false},"author":1,"featured_media":0,"parent":317,"menu_order":3,"comment_status":"closed","ping_status":"closed","template":"","meta":[],"_links":{"self":[{"href":"https:\/\/www.mysaasplace.com\/es\/wp-json\/wp\/v2\/pages\/347"}],"collection":[{"href":"https:\/\/www.mysaasplace.com\/es\/wp-json\/wp\/v2\/pages"}],"about":[{"href":"https:\/\/www.mysaasplace.com\/es\/wp-json\/wp\/v2\/types\/page"}],"author":[{"embeddable":true,"href":"https:\/\/www.mysaasplace.com\/es\/wp-json\/wp\/v2\/users\/1"}],"replies":[{"embeddable":true,"href":"https:\/\/www.mysaasplace.com\/es\/wp-json\/wp\/v2\/comments?post=347"}],"version-history":[{"count":17,"href":"https:\/\/www.mysaasplace.com\/es\/wp-json\/wp\/v2\/pages\/347\/revisions"}],"predecessor-version":[{"id":2136,"href":"https:\/\/www.mysaasplace.com\/es\/wp-json\/wp\/v2\/pages\/347\/revisions\/2136"}],"up":[{"embeddable":true,"href":"https:\/\/www.mysaasplace.com\/es\/wp-json\/wp\/v2\/pages\/317"}],"wp:attachment":[{"href":"https:\/\/www.mysaasplace.com\/es\/wp-json\/wp\/v2\/media?parent=347"}],"curies":[{"name":"wp","href":"https:\/\/api.w.org\/{rel}","templated":true}]}}