{"id":341,"date":"2013-01-20T13:01:33","date_gmt":"2013-01-20T13:01:33","guid":{"rendered":"http:\/\/www.mysaasplace.com\/?page_id=341"},"modified":"2013-03-10T18:20:16","modified_gmt":"2013-03-10T18:20:16","slug":"razones-de-peso","status":"publish","type":"page","link":"https:\/\/www.mysaasplace.com\/es\/informacion-corporativa\/razones-de-peso\/","title":{"rendered":"Razones de Peso"},"content":{"rendered":"\r\n<p><a id=\"subir\" name=\"subir\"><\/a><\/p>\r\n<h2>Razones de Peso<\/h2>\r\n<ul>\r\n\t<li><a href=\"#rapida\">1. La decisi\u00f3n es r\u00e1pida<\/a><\/li>\r\n\t<li><a href=\"#inversion\">2. La inversi\u00f3n inicial no existe<\/a><\/li>\r\n\t<li><a href=\"#tic\">3. Sin costes de personal inform\u00e1tico C<\/a><\/li>\r\n\t<li><a href=\"#implantacion\">4. La implantaci\u00f3n es inmediata<\/a><\/li>\r\n\t<li><a href=\"#gratuita\">5. Alta Gratuita<\/a><\/li>\r\n\t<li><a href=\"#mantenimiento\">6. Sin coste de mantenimiento<\/a><\/li>\r\n\t<li><a href=\"#accesibilidad\">7. Accesibilidad absoluta<\/a><\/li>\r\n\t<li><a href=\"#seguridad\">8. Seguridad de los datos<\/a><\/li>\r\n\t<li><a href=\"#copias\">9. Copias de Seguridad <\/a><\/li>\r\n\t<li><a href=\"#precio\">10. El mejor precio<\/a><\/li>\r\n\t<li><a href=\"#tambien\">11. Tambi\u00e9n es para tu empresad.<\/a><\/li>\r\n<\/ul>\r\n<p><br \/> <a id=\"rapida\" name=\"rapida\"><\/a><\/p>\r\n<h2>1. La decisi\u00f3n es r\u00e1pida<\/h2>\r\n<p>Con la soluci\u00f3n de <strong>Software como Servicio de <a href=\"http:\/\/www.mysaasplace.com\">MySaaSPlace<\/a><\/strong>\u00a0 podr\u00e1s comprobar si tus necesidades quedan cubiertas en cuesti\u00f3n de horas tras probar los <strong>Programas de Gesti\u00f3n de MySaaSPlace\u00a0<\/strong>mediante nuestro\u00a0<a href=\"http:\/\/www.mysaasplace.com\/es\/planes-y-precios\/\" target=\"_blank\"><strong>Plan Free\u00a0<\/strong><\/a>\u00a0de uso gratuito. <br \/><a href=\"#subir\">Subir<\/a><\/p>\r\n<p><a id=\"inversion\" name=\"inversion\"><\/a><\/p>\r\n<h2>2. La inversi\u00f3n inicial no existe<\/h2>\r\n<p>Con nuestras soiluciones <strong>SaaS ( Software como Servicio)<\/strong>\u00a0no tienes que invertir nada de dinero para la puesta en marcha de los <strong>Programas de Gesti\u00f3n<\/strong> de tu empresa. No hay costes ocultos, ni cuotas de alta, simplemente comienza a usarlo&#8230; <br \/><a href=\"#subir\">Subir<\/a><\/p>\r\n<p><a id=\"tic\" name=\"tic\"><\/a><\/p>\r\n<h2>3. Sin costes de personal inform\u00e1tico<\/h2>\r\n<p>Tu empresa no necesita contratar costosos servicios de Inform\u00e1tica ni personal especializado para usar el <strong>Software como Servicio de <a href=\"http:\/\/www.mysaasplace.com\">MySaaSPlace<\/a><\/strong>. Solo necesitas una conexi\u00f3n a Internet y nada m\u00e1s. <br \/><a href=\"#subir\">Subir<\/a><\/p>\r\n<p><a id=\"implantacion\" name=\"implantacion\"><\/a><\/p>\r\n<h2>4. La implantaci\u00f3n es inmediata<\/h2>\r\n<p>Que puedas empezar a usar el software que necesitas es una labor instant\u00e1nea,\u00a0con <strong>MySaaSPlace<\/strong> no vas a necesitar\u00a0largos y caros procesos de implantaci\u00f3n. <br \/><a href=\"#subir\">Subir<\/a><\/p>\r\n<p><a id=\"gratuita\" name=\"gratuita\"><\/a><\/p>\r\n<h2>5. Alta Gratuita<\/h2>\r\n<p>En <strong>MySaaSPlace<\/strong> no hacemos demostraciones, la mejor demostraci\u00f3n es que directamente utilices los <strong>Programas<\/strong> y todo ello sin que te cueste dinero. <br \/><a href=\"#subir\">Subir<\/a><\/p>\r\n<p><a id=\"mantenimiento\" name=\"mantenimiento\"><\/a><\/p>\r\n<h2>6. Sin coste de mantenimiento<\/h2>\r\n<p>Con <a href=\"http:\/\/www.mysaasplace.com\" target=\"_blank\"><strong>MySaaSPlace<\/strong><\/a>\u00a0no pagas por el mantenimiento de los servidores, discos o memorias. Tampoco pagas por el coste de las\u00a0telecomunicaciones,\u00a0 por el personal, alimentaci\u00f3n el\u00e9ctrica, aire acondicionado, etc. Despreoc\u00fapate de todo y\u00a0 empieza a gestionar tu empresa con una econ\u00f3mica\u00a0cuota mensual,\u00a0que tendr\u00e1s controlada en todo momento y que podras contabilizar como un coste. Solo pagar\u00e1s por lo que necesitas y utilizas. <br \/><a href=\"#subir\">Subir<\/a><\/p>\r\n<p><a id=\"accesibilidad\" name=\"accesibilidad\"><\/a><\/p>\r\n<h2>7. Accesibilidad absoluta<\/h2>\r\n<p>Con <strong>MySaaSPlace<\/strong> podr\u00e1s utilizar todo el software de gesti\u00f3n\u00a0tu empresa desde cualquier PC, o Mac. Desde cualquier parte del mundo podr\u00e1s acceder a\u00a0la misma informaci\u00f3n que tienes en tu oficina , en tiempo real, 24 horas al d\u00eda 365 al a\u00f1o. <br \/><a href=\"#subir\">Subir<\/a><\/p>\r\n<p><a id=\"seguridad\" name=\"seguridad\"><\/a><\/p>\r\n<h2>8. Seguridad de los datos<\/h2>\r\n<p>Tus datos se encuentran almacenados en los servidores de <strong>Microsoft Azure<\/strong>\u00a0de forma segura mediante complejos sistemas de encriptaci\u00f3n. La informaci\u00f3n es solo tuya y solo los usuarios de t\u00fa empresa pueden acceder a ella. <br \/><a href=\"#subir\">Subir<\/a><\/p>\r\n<p><a id=\"copias\" name=\"copias\"><\/a><\/p>\r\n<h2>9. Copias de Seguridad<\/h2>\r\n<p>Como parte del servicio, en <strong>MySaaSPlace<\/strong> realizamos las copias de seguridad para\u00a0tu empresa,\u00a0con los mas\u00a0avanzados sistemas de Backup. <br \/><a href=\"#subir\">Subir<\/a><\/p>\r\n<p><a id=\"precio\" name=\"precio\"><\/a><\/p>\r\n<h2>10. El mejor precio<\/h2>\r\n<p><a href=\"http:\/\/www.mysaasplace.com\" target=\"_blank\"><strong>MySaaSPlace<\/strong><\/a> utiliza el modelo de Software como Servicio, donde el coste no es comparable con un sistema de adquisici\u00f3n de software tradicional. Esto se debe a que muchos recursos son compartidos, al contrario que en el tradiciona. En <strong>MySaaSPlace<\/strong> compartimnos esos ahorros de coste con nuestros clientes ofreci\u00e9ndoles los mejores <a href=\"http:\/\/www.mysaasplace.com\/es\/planes-y-precios\/\" target=\"_blank\"><strong>Planes y Precios<\/strong><\/a>\u00a0del mercado.<br \/><a href=\"#subir\">Subir<\/a><\/p>\r\n<p><a id=\"tambien\" name=\"tambien\"><\/a><\/p>\r\n<h2>11. Tambi\u00e9n es para tu empresa.<\/h2>\r\n<p>Es posible que pienses que, despu\u00e9s de todo, esto no sirve en tu empresa porque tu empresa es distinta. No te quepa ninguna duda que tu empresa utilizar\u00e1 en breve, si no lo est\u00e1 haciendo ya,\u00a0<strong>Software como Servicio<\/strong> en multitud de operaciones (unas consciente y otras inconscientemente). Cuanto antes veas esta realidad, antes comenzar\u00e1s a optimizar los recursos de tu empresa, a ahorrar dinero y a destinar sus esfuerzos a lo que realmente le interesa a tu empresa , que , estamos seguros, no es la inform\u00e1tica. <br \/><a href=\"#subir\">Subir<\/a><\/p>\r\n","protected":false},"excerpt":{"rendered":"<p>Razones de Peso 1. La decisi\u00f3n es r\u00e1pida 2. La inversi\u00f3n inicial no existe 3. Sin costes de personal inform\u00e1tico C 4. La implantaci\u00f3n es inmediata 5. Alta Gratuita 6. Sin coste de mantenimiento 7. Accesibilidad absoluta 8. Seguridad de los datos 9. Copias de Seguridad 10. El mejor precio 11. Tambi\u00e9n es para tu [&hellip;]<\/p>\n","protected":false},"author":1,"featured_media":151,"parent":317,"menu_order":2,"comment_status":"closed","ping_status":"closed","template":"","meta":[],"_links":{"self":[{"href":"https:\/\/www.mysaasplace.com\/es\/wp-json\/wp\/v2\/pages\/341"}],"collection":[{"href":"https:\/\/www.mysaasplace.com\/es\/wp-json\/wp\/v2\/pages"}],"about":[{"href":"https:\/\/www.mysaasplace.com\/es\/wp-json\/wp\/v2\/types\/page"}],"author":[{"embeddable":true,"href":"https:\/\/www.mysaasplace.com\/es\/wp-json\/wp\/v2\/users\/1"}],"replies":[{"embeddable":true,"href":"https:\/\/www.mysaasplace.com\/es\/wp-json\/wp\/v2\/comments?post=341"}],"version-history":[{"count":15,"href":"https:\/\/www.mysaasplace.com\/es\/wp-json\/wp\/v2\/pages\/341\/revisions"}],"predecessor-version":[{"id":1311,"href":"https:\/\/www.mysaasplace.com\/es\/wp-json\/wp\/v2\/pages\/341\/revisions\/1311"}],"up":[{"embeddable":true,"href":"https:\/\/www.mysaasplace.com\/es\/wp-json\/wp\/v2\/pages\/317"}],"wp:featuredmedia":[{"embeddable":true,"href":"https:\/\/www.mysaasplace.com\/es\/wp-json\/wp\/v2\/media\/151"}],"wp:attachment":[{"href":"https:\/\/www.mysaasplace.com\/es\/wp-json\/wp\/v2\/media?parent=341"}],"curies":[{"name":"wp","href":"https:\/\/api.w.org\/{rel}","templated":true}]}}