{"id":336,"date":"2013-01-20T12:40:18","date_gmt":"2013-01-20T12:40:18","guid":{"rendered":"http:\/\/www.mysaasplace.com\/?page_id=336"},"modified":"2013-04-15T14:28:08","modified_gmt":"2013-04-15T14:28:08","slug":"la-empresa","status":"publish","type":"page","link":"https:\/\/www.mysaasplace.com\/es\/informacion-corporativa\/la-empresa\/","title":{"rendered":"La Empresa"},"content":{"rendered":"\r\n<h2>La Empresa<\/h2>\r\n<p>Desde su comienzo, <a href=\"http:\/\/www.mysaasplace.com\"><strong>MySaaSPlace<\/strong><\/a> ha tenido la misi\u00f3n de ofrecer toda la experiencia acumulada por <strong>Gabiges<\/strong> en el desarrollo e implantaci\u00f3n de <strong>Programas de Gesti\u00f3n ERP<\/strong> en la empresa, orient\u00e1ndola hacia un modelo de <strong>Software como Servicio<\/strong>. El uso\u00a0diario de las <strong>herramientas de gesti\u00f3n<\/strong> en una empresa supone un alto grado de exigencia por parte de nuestros clientes, que solo\u00a0quieren lo mejor y en <strong>MySaaSPlace<\/strong> se lo ofrecemos desde el primer servicio que adquieren que es nuestro<strong> servicio gratuito<\/strong>.<\/p>\r\n<h3>Historia<\/h3>\r\n<p><a href=\"http:\/\/www.gabiges.com\/\" target=\"_blank\"><strong>Gabinete de Gesti\u00f3n, S.L. (Gabiges)<\/strong><\/a> nace en 1994, cuando todav\u00eda no exist\u00edan programas de gesti\u00f3n en entorno gr\u00e1fico <strong>Microsoft Windows<\/strong>, para convertirse r\u00e1pidamente en\u00a0la primera empresa nacional en disponer de un <strong>Programa de Gesti\u00f3n ERP<\/strong> dise\u00f1ado completamente en un entorno amigable mediante ventanas, apoyado en el sistema operativo Microsoft Windows. Tras una\u00a0larga trayectoria de m\u00e1s 15 a\u00f1os implantando\u00a0la soluci\u00f3n Evolution Technologies de <strong>Gabiges<\/strong>\u00a0en cientos de clientes , la empresa decide desarrollar\u00a0en la misma\u00a0plataforma tecnol\u00f3gica un nuevo interface para Internet\u00a0sobre el que se basan las soluciones de <strong>MySaaSPlace<\/strong>, configurando as\u00ed\u00a0una plataforma estable, probada y basada en una satisfactoria experiencia de miles de usuarios.<\/p>\r\n<h3>Garant\u00edas<\/h3>\r\n<p>En <a href=\"http:\/\/www.mysaasplace.com\" target=\"_blank\"><strong>MySaaSPlace<\/strong><\/a> somos plenamente conscientes que el software de una empresa debe funcionar 24 horas al d\u00eda 365 d\u00edas al a\u00f1o. Por ello <strong>MySaaSPlace<\/strong>, dispone de sus sistemas ubicados en los m\u00e1s modernos Internet Data Centesr de <strong>Microsoft Azure<\/strong>. Esta infraestructura nos permite\u00a0replicar los\u00a0sistemas por zonas geogr\u00e1ficas\u00a0para ofrecer las mayores garant\u00edas de disponibilidad y seguridad de los datos de nuestros clientes.<\/p>\r\n<ul>\r\n\t<li><strong>Garant\u00eda<\/strong>: En <strong>MySaaSPlace<\/strong> estamos seguros de la calidad que ofrecemos en nuestros servicios. Por ello, nuestros clientes disponen de una oferta que les permite probar nuestros programas de forma totalmente gratuita. De esta forma, cuando decidan contratar un servicio, sabr\u00e1n cu\u00e1l es el que m\u00e1s se adapta a sus necesidades. De forma adicional, ofrecemos una <strong>garant\u00eda de reembolso de las cuotas de los servicios<\/strong>,\u00a0dentro de\u00a0los primeros treinta (30) d\u00edas naturales desde la contrataci\u00f3n, si es que no est\u00e1s satisfecho con el servicio recibido y quieres darte de baja..<\/li>\r\n\t<li><strong>Atenci\u00f3n al cliente<\/strong>: En <strong>MySaaSPlace<\/strong> somos conscientes de la atenci\u00f3n que nuestros clientes y los usuarios de nuestro software necesitan. Por ello, disponemos de un completo sistema de ayuda ON LINE y un servicio de atenci\u00f3n al cliente por correo electr\u00f3nico y por tel\u00e9fono\u00a0para resolver todas tus dudas.<\/li>\r\n\t<li><strong>Tecnolog\u00eda<\/strong>: En <strong>MySaaSPlace<\/strong> solo pensamos en la mejor y m\u00e1s moderna tecnolog\u00eda, ya que el servicio que ofrecemos requiere de un alto grado de disponibilidad y seguridad. Hardware, Software, equipos de conmutaci\u00f3n de Red y l\u00edneas de alta capacidad componen un complejo sistema que sirve a miles de usuarios, cada d\u00eda, \u00a0para que disfruten del servicio contratado.<\/li>\r\n\t<li><strong>Formaci\u00f3n<\/strong>:\u00a0En <strong>MySaaSPlace<\/strong> nos preocupamos por la formaci\u00f3n de los usuarios de tu empresa. Para ello, disponemos de los mejores <strong>Manuales, Tutoriales, Preguntas Frecuentes y V\u00eddeos<\/strong> de ense\u00f1anza del sector. Todos estos recursos para asegurar\u00a0que tu personal, en pocas horas, se encuentre formado para la utilizaci\u00f3n de las herramientas <strong>MySaaSPlace<\/strong>. Para las posibles dudas que surjan con el uso diario, nuestro departamento de <strong>Atenci\u00f3n al Cliente<\/strong> est\u00e1, por correo electr\u00f3nico o\u00a0por tel\u00e9fono, a tu disposici\u00f3n..<\/li>\r\n<\/ul>\r\n","protected":false},"excerpt":{"rendered":"<p>La Empresa Desde su comienzo, MySaaSPlace ha tenido la misi\u00f3n de ofrecer toda la experiencia acumulada por Gabiges en el desarrollo e implantaci\u00f3n de Programas de Gesti\u00f3n ERP en la empresa, orient\u00e1ndola hacia un modelo de Software como Servicio. El uso\u00a0diario de las herramientas de gesti\u00f3n en una empresa supone un alto grado de exigencia [&hellip;]<\/p>\n","protected":false},"author":1,"featured_media":143,"parent":317,"menu_order":1,"comment_status":"closed","ping_status":"closed","template":"","meta":[],"_links":{"self":[{"href":"https:\/\/www.mysaasplace.com\/es\/wp-json\/wp\/v2\/pages\/336"}],"collection":[{"href":"https:\/\/www.mysaasplace.com\/es\/wp-json\/wp\/v2\/pages"}],"about":[{"href":"https:\/\/www.mysaasplace.com\/es\/wp-json\/wp\/v2\/types\/page"}],"author":[{"embeddable":true,"href":"https:\/\/www.mysaasplace.com\/es\/wp-json\/wp\/v2\/users\/1"}],"replies":[{"embeddable":true,"href":"https:\/\/www.mysaasplace.com\/es\/wp-json\/wp\/v2\/comments?post=336"}],"version-history":[{"count":10,"href":"https:\/\/www.mysaasplace.com\/es\/wp-json\/wp\/v2\/pages\/336\/revisions"}],"predecessor-version":[{"id":1803,"href":"https:\/\/www.mysaasplace.com\/es\/wp-json\/wp\/v2\/pages\/336\/revisions\/1803"}],"up":[{"embeddable":true,"href":"https:\/\/www.mysaasplace.com\/es\/wp-json\/wp\/v2\/pages\/317"}],"wp:featuredmedia":[{"embeddable":true,"href":"https:\/\/www.mysaasplace.com\/es\/wp-json\/wp\/v2\/media\/143"}],"wp:attachment":[{"href":"https:\/\/www.mysaasplace.com\/es\/wp-json\/wp\/v2\/media?parent=336"}],"curies":[{"name":"wp","href":"https:\/\/api.w.org\/{rel}","templated":true}]}}