{"id":317,"date":"2013-01-20T11:45:37","date_gmt":"2013-01-20T11:45:37","guid":{"rendered":"http:\/\/www.mysaasplace.com\/?page_id=317"},"modified":"2013-04-15T14:25:32","modified_gmt":"2013-04-15T14:25:32","slug":"informacion-corporativa","status":"publish","type":"page","link":"https:\/\/www.mysaasplace.com\/es\/informacion-corporativa\/","title":{"rendered":"Informaci\u00f3n Corporativa"},"content":{"rendered":"\r\n<h2>Informaci\u00f3n Corporativa<\/h2>\r\n<p><a href=\"http:\/\/www.mysaasplace.com\"><strong>MySaaSPlace<\/strong><\/a> es\u00a0una empresa nacida para comercializar los servicios SaaS ( Software como Servicio) desarrollados por <a href=\"http:\/\/www.gabiges.com\/\" target=\"_blank\"><strong>Gabinete de Gesti\u00f3n, S.L. (Gabiges<\/strong><\/a>). La larga trayectoria de <strong>Gabiges<\/strong> desde su creaci\u00f3n en 1994, nos aporta una experiencia de la que pocas empresas pueden presumir. Conocemos las necesidades de los clientes y los m\u00e1s importante: Conocemos lo que los\u00a0usuarios de nuestro software requieren en su uso diario.<\/p>\r\n<p><strong>Gabiges<\/strong> ha desarrollado un completo paquete\u00a0de herramientas de gesti\u00f3n para la PYME como:<\/p>\r\n<ul>\r\n\t<li><strong>Software para Gesti\u00f3n Integrada de Proyectos<\/strong><\/li>\r\n\t<li><strong>Software de Contabilidad<\/strong><\/li>\r\n\t<li><strong>Software de Facturaci\u00f3n<\/strong><\/li>\r\n\t<li><strong>Software de Producci\u00f3n<\/strong><\/li>\r\n\t<li><strong>Software de Gesti\u00f3n de Almac\u00e9n<\/strong><\/li>\r\n\t<li><strong>Software de Gesti\u00f3n Comercial<\/strong><\/li>\r\n\t<li><strong>Software de Cuadro de Mandos<\/strong><\/li>\r\n\t<li><strong>Software de Gesti\u00f3n Documental<\/strong><\/li>\r\n<\/ul>\r\n<p>Todas las herramientas han sido desarrolladas para funcionar sobre <strong>Sistemas Operativos Windows<\/strong> y constituyen un completo paquete <strong>ERP denominado Evolution Technologies<\/strong> que cubre todas las necesidades de gesti\u00f3n, desde una empresa de reducido tama\u00f1o hasta empresas con una facturaci\u00f3n anual de 100 MM de Euros. Las soluciones y programas de <strong>Gabiges<\/strong> \u00a0est\u00e1 siendo usados por m\u00e1s de 12.000 usuarios cada d\u00eda y esta cifra sigue subiendo, lo que da una muestra de la calidad de los <strong>Programas de Gesti\u00f3n Empresarial<\/strong> que desarrolla, implanta y mantiene <strong>Gabiges<\/strong>.<\/p>\r\n<p>El desarrollo del conjunto de soluciones <a href=\"http:\/\/www.mysaasplace.com\"><strong>MySaaSPlace<\/strong><\/a>\u00a0 es una apuesta clara por el I+D+i propio de <strong>Gabiges<\/strong>, habiendo destinado en los dos \u00faltimos a\u00f1os m\u00e1s de 1,5 MM de Euros a la investigaci\u00f3n en\u00a0esta rama\u00a0de actividad, participando en programas de innovaci\u00f3n con CDTI.<\/p>\r\n<p>Esta apuesta\u00a0tecnol\u00f3gica orientada al desarrollo de nuevos servicios SaaS ( Software como Serviso) de alta calidad, nos permite disponer de un porfolio de\u00a0soluciones en la nube\u00a0que cubre la pr\u00e1ctica totalidad de necesidades de\u00a0los <strong>aut\u00f3nomos, los profesionales liberales y las peque\u00f1as empresas<\/strong>\u00a0en materia de P<strong>rogramas de Gesti\u00f3n Empresarial<\/strong>.<\/p>\r\n<h2>Datos de la empresa:<\/h2>\r\n<ul>\r\n\t<li>MySaaSPlace S.L<\/li>\r\n\t<li>Avenida de Zarautz 126<\/li>\r\n\t<li>San Sebasti\u00e1n, (20018)<\/li>\r\n\t<li>Gipuzkoa<\/li>\r\n\t<li>CIF: B75077958<\/li>\r\n\t<li>Empresa inscrita en el Registro Mercantil de Gipuzkoa, en el Tomo 2580 Hoja, SS-34972 Libro 0 Inscrip: 1\u00ba, Folio 140<\/li>\r\n<\/ul>\r\n","protected":false},"excerpt":{"rendered":"<p>Informaci\u00f3n Corporativa MySaaSPlace es\u00a0una empresa nacida para comercializar los servicios SaaS ( Software como Servicio) desarrollados por Gabinete de Gesti\u00f3n, S.L. (Gabiges). La larga trayectoria de Gabiges desde su creaci\u00f3n en 1994, nos aporta una experiencia de la que pocas empresas pueden presumir. Conocemos las necesidades de los clientes y los m\u00e1s importante: Conocemos lo [&hellip;]<\/p>\n","protected":false},"author":1,"featured_media":0,"parent":0,"menu_order":0,"comment_status":"closed","ping_status":"closed","template":"","meta":[],"_links":{"self":[{"href":"https:\/\/www.mysaasplace.com\/es\/wp-json\/wp\/v2\/pages\/317"}],"collection":[{"href":"https:\/\/www.mysaasplace.com\/es\/wp-json\/wp\/v2\/pages"}],"about":[{"href":"https:\/\/www.mysaasplace.com\/es\/wp-json\/wp\/v2\/types\/page"}],"author":[{"embeddable":true,"href":"https:\/\/www.mysaasplace.com\/es\/wp-json\/wp\/v2\/users\/1"}],"replies":[{"embeddable":true,"href":"https:\/\/www.mysaasplace.com\/es\/wp-json\/wp\/v2\/comments?post=317"}],"version-history":[{"count":14,"href":"https:\/\/www.mysaasplace.com\/es\/wp-json\/wp\/v2\/pages\/317\/revisions"}],"predecessor-version":[{"id":1801,"href":"https:\/\/www.mysaasplace.com\/es\/wp-json\/wp\/v2\/pages\/317\/revisions\/1801"}],"wp:attachment":[{"href":"https:\/\/www.mysaasplace.com\/es\/wp-json\/wp\/v2\/media?parent=317"}],"curies":[{"name":"wp","href":"https:\/\/api.w.org\/{rel}","templated":true}]}}