{"id":309,"date":"2013-01-20T10:52:17","date_gmt":"2013-01-20T10:52:17","guid":{"rendered":"http:\/\/www.mysaasplace.com\/?page_id=309"},"modified":"2013-03-11T15:51:10","modified_gmt":"2013-03-11T15:51:10","slug":"por-que-software-en-alquiler","status":"publish","type":"page","link":"https:\/\/www.mysaasplace.com\/es\/por-que-software-en-alquiler\/","title":{"rendered":"\u00bfPor qu\u00e9 Software en alquiler?"},"content":{"rendered":"<h2>\u00bfPor qu\u00e9 Software en alquiler?<\/h2>\r\n<p>Ya no hay duda de que comprar licencias de software es menos\u00a0econ\u00f3mico que alquilarlo en la nube. Esto no lo decimos solo en <a href=\"http:\/\/www.mysaasplace.com\" target=\"_blank\"><strong>MySaaSPlace<\/strong><\/a>, es algo que los expertos de todo el mundo, amparados por estudios de las m\u00e1s importantes y prestigiosas universidades y consultoras, lo tienen claro. \u00a1\u00a1El <strong>Software como Servicio<\/strong> ya es una realidad!!<\/p>\r\n<p>\u00bfHas calculado alguna vez la importante inversi\u00f3n que tu empresa ha tenido (o tendr\u00e1) que realizar a la hora de decidir la implantaci\u00f3n de un <strong>ERP o de un\u00a0Sistema de Gesti\u00f3n<\/strong> &#8230;? Y una vez realizado el proceso de selecci\u00f3n, \u00bfHas calculado el precio de la implantaci\u00f3n del mismo?<\/p>\r\n<p>En cualquier empresa\u00a0el precio es alto y, a medida que la empresa es mayor, el aumento de costes es exponencial. Veamos, por ejemplo, el c\u00e1lculo para una empresa mediana de 1 mill\u00f3n de euros de facturaci\u00f3n anual con 15 usuarios del <strong>Sistema\u00a0de Gesti\u00f3n<\/strong>:<\/p>\r\n<div class=\"tabla_container\"><span class=\"title\">INVERSI\u00d3N INICIAL<\/span>\r\n<table summary=\"INVERSI\u00d3N INICIAL\">\r\n<tbody>\r\n<tr>\r\n<td>Tiempo interno invertido en el proceso de selecci\u00f3n del ERP.<\/td>\r\n<td class=\"auto-style3\">1.000 \u20ac<\/td>\r\n<\/tr>\r\n<tr>\r\n<td>Compra de servidores y discos\u00a0que soporten el software escogido.<\/td>\r\n<td class=\"auto-style3\">6.500 \u20ac<\/td>\r\n<\/tr>\r\n<tr>\r\n<td>Compra de licencias para los servidores (S.O., BBDD).<\/td>\r\n<td class=\"auto-style3\">1.650 \u20ac<\/td>\r\n<\/tr>\r\n<tr>\r\n<td>Compra de las licencias del ERP escogido.<\/td>\r\n<td class=\"auto-style3\">20.000 \u20ac<\/td>\r\n<\/tr>\r\n<tr>\r\n<td>Tiempo de consultores que implementen el ERP.<\/td>\r\n<td class=\"auto-style3\">10.000 \u20ac<\/td>\r\n<\/tr>\r\n<tr>\r\n<td><strong>TOTAL INVERSION INICIAL<\/strong><\/td>\r\n<td class=\"auto-style4\">39.150 \u20ac<\/td>\r\n<\/tr>\r\n<\/tbody><\/table>\r\n<\/div>\r\n<div class=\"tabla_container\"><span class=\"title\">COSTES RECURRENTES<\/span>\r\n<table summary=\"costes recurrentes\">\r\n<tbody>\r\n<tr>\r\n<td>Horas de t\u00e9cnico interno para mantener los sistemas.<\/td>\r\n<td class=\"auto-style3\">4.500 \u20ac<\/td>\r\n<\/tr>\r\n<tr>\r\n<td>Servicio de mantenimiento del ERP, incluyendo actualizaci\u00f3n de versiones.<\/td>\r\n<td class=\"auto-style3\">3.000 \u20ac<\/td>\r\n<\/tr>\r\n<tr>\r\n<td>Horas internas incurridas para la realizaci\u00f3n de las copias de seguridad.<\/td>\r\n<td class=\"auto-style3\">1.050 \u20ac<\/td>\r\n<\/tr>\r\n<tr>\r\n<td>Total costes recurrentes anuales<\/td>\r\n<td class=\"auto-style3\">8.550 \u20ac<\/td>\r\n<\/tr>\r\n<tr>\r\n<td><strong>TOTAL COSTES RECURRENTES X 3 A\u00d1OS<\/strong><\/td>\r\n<td class=\"auto-style4\">25.650\u20ac<\/td>\r\n<\/tr>\r\n<\/tbody><\/table>\r\n<\/div>\r\n<p>Por tanto, a lo largo de 3 a\u00f1os de vida del ERP tu empresa gastar\u00e1:<\/p>\r\n<div class=\"tabla_container\"><span class=\"title\">RESUMEN MODALIDAD TRADICIONAL A 3 A\u00d1OS<\/span>\r\n<table summary=\"erp\">\r\n<tbody>\r\n<tr>\r\n<td>Inversi\u00f3n inicial<\/td>\r\n<td class=\"auto-style3\">39.150 \u20ac<\/td>\r\n<\/tr>\r\n<tr>\r\n<td>Costes recurrentes<\/td>\r\n<td class=\"auto-style3\">25.650 \u20ac<\/td>\r\n<\/tr>\r\n<tr>\r\n<td style=\"height: 32px;\"><strong>TOTAL MODALIDAD TRADICIONAL 3 A\u00d1OS<\/strong><\/td>\r\n<td class=\"auto-style4\" style=\"height: 32px;\">64.800 \u20ac<\/td>\r\n<\/tr>\r\n<\/tbody><\/table>\r\n<\/div>\r\n<p>Con un modelo de Software en alquiler como el de <a href=\"http:\/\/www.mysaasplace.com\" target=\"_blank\"><strong>MySaaSPlace<\/strong><\/a>\u00a0no pagar\u00e1s absolutamente nada en concepto de inversi\u00f3n inicial. Dispondr\u00e1s de las aplicaciones, desde el primer d\u00eda, a pleno rendimiento. Pagar\u00e1s \u00fanicamente por el coste del servicio mensual o anualmente. Para el ejemplo de la empresa anterior con la misma cantidad de usuarios en <strong>MySaaSPlace<\/strong> sus costes ser\u00e1n ( sin aplicar tarifas anuales ni\u00a0Packs de Soluciones o Usuarios\u00a0que son todav\u00eda <a href=\"http:\/\/www.mysaasplace.com\/es\/planes-y-precios\/\" target=\"_blank\"><strong>m\u00e1s econ\u00f3micos<\/strong><\/a>):<\/p>\r\n<div class=\"tabla_container\"><span class=\"title\">COSTES MYSAASPLACE<\/span>\r\n<table summary=\"costes\">\r\n<tbody>\r\n<tr>\r\n<td>CONCEPTO<\/td>\r\n<td class=\"auto-style3\">CANTIDAD<\/td>\r\n<td class=\"auto-style3\">COSTE<\/td>\r\n<td class=\"auto-style3\">TOTAL<\/td>\r\n<\/tr>\r\n<tr>\r\n<td>Coste por el servicio b\u00e1sico mensual de Contabilidad, <br \/>Facturaci\u00f3n y Gesti\u00f3n Integrada de Proyectos (20\u20ac x 3 = 60\u20ac)<\/td>\r\n<td class=\"auto-style3\" align=\"center\">3<\/td>\r\n<td class=\"auto-style3\">20 \u20ac<\/td>\r\n<td class=\"auto-style3\">60 \u20ac<\/td>\r\n<\/tr>\r\n<tr>\r\n<td>Coste por usuario b\u00e1sico mes<\/td>\r\n<td class=\"auto-style3\" align=\"center\">12<\/td>\r\n<td class=\"auto-style3\">10 \u20ac<\/td>\r\n<td class=\"auto-style3\">120 \u20ac<\/td>\r\n<\/tr>\r\n<tr>\r\n<td>Coste total mensual<\/td>\r\n<td><\/td>\r\n<td><\/td>\r\n<td class=\"auto-style3\">180 \u20ac<\/td>\r\n<\/tr>\r\n<tr>\r\n<td><strong>COSTE TOTAL EN TRES A\u00d1OS (36 MESES)<\/strong><\/td>\r\n<td><\/td>\r\n<td><\/td>\r\n<td class=\"auto-style4\">6.480\u20ac<\/td>\r\n<\/tr>\r\n<\/tbody><\/table>\r\n<p>\u00a1\u00a1Con <a href=\"http:\/\/www.mysaasplace.com\"><strong>MySaaSPlace\u00a0<\/strong><\/a>te ahorrar\u00e1s un 90%!!<\/p>\r\n<\/div>\r\n<p>Adem\u00e1s:<\/p>\r\n<ul>\r\n\t<li>Tendr\u00e1s disponibles todos los <strong>Programas de Gesti\u00f3n<\/strong> de forma inmediata.<\/li>\r\n\t<li>Dispondr\u00e1s de\u00a0las aplicaciones <strong>siempre actualizadas<\/strong> a la \u00faltima versi\u00f3n.<\/li>\r\n\t<li>Te\u00a0olvidar\u00e1s de las copias de seguridad de tus datos, porque sabes que <strong>MySaaSPlace<\/strong> las realizar\u00e1 por\u00a0t\u00ed y podr\u00e1s acceder a ellas en todo momento.<\/li>\r\n\t<li>No tendr\u00e1s sorpresas de costes ocultos porque toda la infraestructura est\u00e1 soportada por<strong> MySaaSPlace<\/strong>. Si un servidor se aver\u00eda, ni te enterar\u00e1s y\u00a0no tendr\u00e1s que volver a invertir en piezas ni en horas de t\u00e9cnicos.<\/li>\r\n\t<li><strong>Importante ahorro en comunicaciones<\/strong>, ya que no necesitar\u00e1s complejos sistemas de comunicaci\u00f3n, solo con un sencillo acceso a Internet tus aplicaciones funcionan en cualquier lugar del mundo.<\/li>\r\n<\/ul>\r\n<p>Y lo m\u00e1s importante de todo, si tus necesidades crecen, el servicio de <strong>MySaaSPlace<\/strong> crece contigo, en cantidad de usuarios y aplicaciones, porque con <strong>MySaaSPlace<\/strong> podr\u00e1s contratar los programas que necesites, cuando los necesites y pagar solo por dar respuesta a\u00a0las necesidades reales de tu empresa.<\/p>\r\n<p>\u00bfA qu\u00e9 esperas?, <a class=\"new-window\" href=\"https:\/\/azure.mysaasplace.com\/Account\/Register.aspx?lng=es\"><strong>DATE DE ALTA GRATUITA<\/strong><\/a> en <strong>MySaaSPlace<\/strong>, prueba nuestros <strong>Programas de Gesti\u00f3n<\/strong>\u00a0y escoje lo que necesites. \u00a1\u00a1Te sorprender\u00e1s!!<\/p>\r\n","protected":false},"excerpt":{"rendered":"<p>\u00bfPor qu\u00e9 Software en alquiler? Ya no hay duda de que comprar licencias de software es menos\u00a0econ\u00f3mico que alquilarlo en la nube. Esto no lo decimos solo en MySaaSPlace, es algo que los expertos de todo el mundo, amparados por estudios de las m\u00e1s importantes y prestigiosas universidades y consultoras, lo tienen claro. \u00a1\u00a1El Software [&hellip;]<\/p>\n","protected":false},"author":1,"featured_media":0,"parent":0,"menu_order":0,"comment_status":"closed","ping_status":"closed","template":"","meta":[],"_links":{"self":[{"href":"https:\/\/www.mysaasplace.com\/es\/wp-json\/wp\/v2\/pages\/309"}],"collection":[{"href":"https:\/\/www.mysaasplace.com\/es\/wp-json\/wp\/v2\/pages"}],"about":[{"href":"https:\/\/www.mysaasplace.com\/es\/wp-json\/wp\/v2\/types\/page"}],"author":[{"embeddable":true,"href":"https:\/\/www.mysaasplace.com\/es\/wp-json\/wp\/v2\/users\/1"}],"replies":[{"embeddable":true,"href":"https:\/\/www.mysaasplace.com\/es\/wp-json\/wp\/v2\/comments?post=309"}],"version-history":[{"count":17,"href":"https:\/\/www.mysaasplace.com\/es\/wp-json\/wp\/v2\/pages\/309\/revisions"}],"predecessor-version":[{"id":1399,"href":"https:\/\/www.mysaasplace.com\/es\/wp-json\/wp\/v2\/pages\/309\/revisions\/1399"}],"wp:attachment":[{"href":"https:\/\/www.mysaasplace.com\/es\/wp-json\/wp\/v2\/media?parent=309"}],"curies":[{"name":"wp","href":"https:\/\/api.w.org\/{rel}","templated":true}]}}