{"id":296,"date":"2013-01-19T18:33:25","date_gmt":"2013-01-19T18:33:25","guid":{"rendered":"http:\/\/www.mysaasplace.com\/?page_id=296"},"modified":"2013-03-12T23:49:43","modified_gmt":"2013-03-12T23:49:43","slug":"faqs-facturacion","status":"publish","type":"page","link":"https:\/\/www.mysaasplace.com\/es\/faqs\/faqs-facturacion\/","title":{"rendered":"FAQs Facturaci\u00f3n"},"content":{"rendered":"\r\n<h2><a id=\"subir\" name=\"subir\"><\/a>Preguntas Frecuentes sobre Facturaci\u00f3n<\/h2>\r\n<p><a href=\"#pagoogratuito\">1. Diferencia entre modo gratuito y de pago<\/a><br \/> <a href=\"#personalizar\">2. \u00bfPuedo personalizar mis documentos, facturas, etc&#8230;?<\/a><\/p>\r\n<h2><a id=\"pagoogratuito\" name=\"pagoogratuito\"><\/a>1. Diferencia entre modo gratuito y de pago<\/h2>\r\n<p>Las diferencias entre disponer del <a href=\"http:\/\/www.mysaasplace.com\/es\/funciones\/facturacion\/\" target=\"_blank\"><strong>Programa de Facturaci\u00f3n<\/strong><\/a> de <a href=\"http:\/\/www.mysaasplace.com\"><strong>MySaaSPlace<\/strong><\/a> en la modalidad gratuita y de pago son:<\/p>\r\n<p>A) La modalidad gratuita solo le permite realizar un total de 5 facturas al mes\u00a0aunque tienes\u00a0acceso a toda la funcionalidad del programa para que puedas\u00a0probarlo al completo. Con\u00a0cualquiera de los <a href=\"http:\/\/www.mysaasplace.com\/es\/planes-y-precios\/\" target=\"_blank\"><strong>Planes de Pago<\/strong><\/a>\u00a0podr\u00e1s realizar la cantidad de facturas que necesites y tener acceso a toda la funcionalidad del programa igual que en modalidad gratuita.<\/p>\r\n<p>B) Ninguno de los <a href=\"http:\/\/www.mysaasplace.com\"><strong>Programas de MySaaSPlace<\/strong><\/a> en su modalidad gratuita permiten crear usuarios adicionales al primer usuario (Administrador) que se\u00a0activa con dicha modalidad. En cualquiera de \u00a0las modalidades de pago es posible contratar usuarios adicionales y configurar su perfil de acceso.<\/p>\r\n<p>El resto de funciones se mantienen intactas\u00a0y puedes utilizar\u00a0un <a href=\"http:\/\/www.mysaasplace.com\/es\/funciones\/facturacion\/\" target=\"_blank\"><strong>Programa de Facturaci\u00f3n<\/strong><\/a> de altas prestaciones unido con el <a href=\"http:\/\/www.mysaasplace.com\/es\/funciones\/contabilidad\/\" target=\"_blank\"><strong>Programa de Contabilidad<\/strong><\/a> y el de <a href=\"http:\/\/www.mysaasplace.com\/es\/funciones\/gestion-integrada-de-proyectos\/\" target=\"_blank\"><strong>Gesti\u00f3n Integrada de Proyectos<\/strong><\/a>. <br \/><a href=\"#subir\">Subir<\/a><\/p>\r\n<h2><a id=\"personalizar\" name=\"personalizar\"><\/a>2. \u00bfPuedo personalizar mis documentos, facturas, etc&#8230;?<\/h2>\r\n<p>Si, <a href=\"http:\/\/www.mysaasplace.com\"><strong>MySaaSPlace<\/strong> <\/a>permite en cada tipo de documento (Facturas, Pedidos, etc.) escoger entre diversas plantillas y a\u00f1adir los datos de tu empresa, como son el logotipo, los datos fiscales y m\u00faltiples par\u00e1metros que convertir\u00e1n un documento est\u00e1ndar en un documento totalmente personalizado. <br \/><a href=\"#subir\">Subir<\/a><\/p>\r\n","protected":false},"excerpt":{"rendered":"<p>Preguntas Frecuentes sobre Facturaci\u00f3n 1. Diferencia entre modo gratuito y de pago 2. \u00bfPuedo personalizar mis documentos, facturas, etc&#8230;? 1. Diferencia entre modo gratuito y de pago Las diferencias entre disponer del Programa de Facturaci\u00f3n de MySaaSPlace en la modalidad gratuita y de pago son: A) La modalidad gratuita solo le permite realizar un total [&hellip;]<\/p>\n","protected":false},"author":1,"featured_media":144,"parent":563,"menu_order":5,"comment_status":"closed","ping_status":"closed","template":"","meta":[],"_links":{"self":[{"href":"https:\/\/www.mysaasplace.com\/es\/wp-json\/wp\/v2\/pages\/296"}],"collection":[{"href":"https:\/\/www.mysaasplace.com\/es\/wp-json\/wp\/v2\/pages"}],"about":[{"href":"https:\/\/www.mysaasplace.com\/es\/wp-json\/wp\/v2\/types\/page"}],"author":[{"embeddable":true,"href":"https:\/\/www.mysaasplace.com\/es\/wp-json\/wp\/v2\/users\/1"}],"replies":[{"embeddable":true,"href":"https:\/\/www.mysaasplace.com\/es\/wp-json\/wp\/v2\/comments?post=296"}],"version-history":[{"count":13,"href":"https:\/\/www.mysaasplace.com\/es\/wp-json\/wp\/v2\/pages\/296\/revisions"}],"predecessor-version":[{"id":1410,"href":"https:\/\/www.mysaasplace.com\/es\/wp-json\/wp\/v2\/pages\/296\/revisions\/1410"}],"up":[{"embeddable":true,"href":"https:\/\/www.mysaasplace.com\/es\/wp-json\/wp\/v2\/pages\/563"}],"wp:featuredmedia":[{"embeddable":true,"href":"https:\/\/www.mysaasplace.com\/es\/wp-json\/wp\/v2\/media\/144"}],"wp:attachment":[{"href":"https:\/\/www.mysaasplace.com\/es\/wp-json\/wp\/v2\/media?parent=296"}],"curies":[{"name":"wp","href":"https:\/\/api.w.org\/{rel}","templated":true}]}}