{"id":284,"date":"2013-01-19T18:20:08","date_gmt":"2013-01-19T18:20:08","guid":{"rendered":"http:\/\/www.mysaasplace.com\/?page_id=284"},"modified":"2013-03-13T12:25:48","modified_gmt":"2013-03-13T12:25:48","slug":"facturacion-en-2-minutos","status":"publish","type":"page","link":"https:\/\/www.mysaasplace.com\/es\/funciones\/facturacion\/facturacion-en-2-minutos\/","title":{"rendered":"Facturaci\u00f3n en 2 minutos"},"content":{"rendered":"\r\n<h2>Facturaci\u00f3n en 2 minutos<\/h2>\r\n<p>Para conocer lo que nuestro <strong>Programa de Facturaci\u00f3n de <a href=\"http:\/\/www.mysaasplace.com\">MySaaSPlace<\/a><\/strong> puede hacer, te recomendamos que visualices nuestro v\u00eddeo. Te ayudar\u00e1 a comprender en muy poco tiempo\u00a0 la idea y las ventajas del modelo de comercializaci\u00f3n SaaS \u2013 Software as a Service o Software como Servicio y las capacidades del <strong>Programa de Facturaci\u00f3n<\/strong>.<\/p>\r\n<h2>V\u00eddeo-Manual sobre Facturaci\u00f3n de MySaaSPlace<\/h2>\r\n<div class=\"vid\"><iframe src=\"http:\/\/www.youtube.com\/embed\/-LUsdCaiHeY?rel=0\" height=\"340\" width=\"580\" allowfullscreen=\"\" frameborder=\"0\"><\/iframe><\/div>\r\n","protected":false},"excerpt":{"rendered":"<p>Facturaci\u00f3n en 2 minutos Para conocer lo que nuestro Programa de Facturaci\u00f3n de MySaaSPlace puede hacer, te recomendamos que visualices nuestro v\u00eddeo. Te ayudar\u00e1 a comprender en muy poco tiempo\u00a0 la idea y las ventajas del modelo de comercializaci\u00f3n SaaS \u2013 Software as a Service o Software como Servicio y las capacidades del Programa de [&hellip;]<\/p>\n","protected":false},"author":1,"featured_media":142,"parent":67,"menu_order":2,"comment_status":"closed","ping_status":"closed","template":"","meta":[],"_links":{"self":[{"href":"https:\/\/www.mysaasplace.com\/es\/wp-json\/wp\/v2\/pages\/284"}],"collection":[{"href":"https:\/\/www.mysaasplace.com\/es\/wp-json\/wp\/v2\/pages"}],"about":[{"href":"https:\/\/www.mysaasplace.com\/es\/wp-json\/wp\/v2\/types\/page"}],"author":[{"embeddable":true,"href":"https:\/\/www.mysaasplace.com\/es\/wp-json\/wp\/v2\/users\/1"}],"replies":[{"embeddable":true,"href":"https:\/\/www.mysaasplace.com\/es\/wp-json\/wp\/v2\/comments?post=284"}],"version-history":[{"count":11,"href":"https:\/\/www.mysaasplace.com\/es\/wp-json\/wp\/v2\/pages\/284\/revisions"}],"predecessor-version":[{"id":1195,"href":"https:\/\/www.mysaasplace.com\/es\/wp-json\/wp\/v2\/pages\/284\/revisions\/1195"}],"up":[{"embeddable":true,"href":"https:\/\/www.mysaasplace.com\/es\/wp-json\/wp\/v2\/pages\/67"}],"wp:featuredmedia":[{"embeddable":true,"href":"https:\/\/www.mysaasplace.com\/es\/wp-json\/wp\/v2\/media\/142"}],"wp:attachment":[{"href":"https:\/\/www.mysaasplace.com\/es\/wp-json\/wp\/v2\/media?parent=284"}],"curies":[{"name":"wp","href":"https:\/\/api.w.org\/{rel}","templated":true}]}}