{"id":277,"date":"2013-01-19T13:21:14","date_gmt":"2013-01-19T13:21:14","guid":{"rendered":"http:\/\/www.mysaasplace.com\/?page_id=277"},"modified":"2013-02-25T18:13:52","modified_gmt":"2013-02-25T18:13:52","slug":"primeros-pasos-facturacion","status":"publish","type":"page","link":"https:\/\/www.mysaasplace.com\/es\/funciones\/facturacion\/primeros-pasos-facturacion\/","title":{"rendered":"Primeros Pasos Facturaci\u00f3n"},"content":{"rendered":"\r\n<h2>Primeros Pasos<\/h2>\r\n<p>El <strong>Programa de Facturaci\u00f3n de <a href=\"http:\/\/www.mysaasplace.com\">MySaaSPlace<\/a><\/strong> esta dise\u00f1ado para facilitar la gesti\u00f3n y ejecuci\u00f3n de todas las tareas de facturaci\u00f3n, sea cual sea el tama\u00f1o de tu empresa.<\/p>\r\n<p>Cuatro sencillos pasos para usar el <strong>Programa de Facturaci\u00f3n de MySaaSPlace<\/strong> de forma\u00a0totalmente gratuito, sin compromisos y con toda la potencia que necesitas para su actividad comercial si haces menos de 5 facturas al mes. Si haces m\u00e1s facturas o necesitas usuarios adicionales, tienes la opci\u00f3n de contratar alguno de nuestros <a href=\"http:\/\/www.mysaasplace.com\/es\/planes-y-precios\/\"><strong>Planes de Precios<\/strong><\/a>.<\/p>\r\n<table summary=\"primeros pasos\">\r\n<tbody>\r\n<tr>\r\n<td><img alt=\"icono paso 1\" src=\"\/images\/iconos\/paso1.png\" \/><\/td>\r\n<td><strong>Date de\u00a0<a href=\"https:\/\/azure.mysaasplace.com\/Account\/Register.aspx\">ALTA GRATIS en MySaaSPlace<\/a><\/strong>\u00a0. Rellena los datos de tu empresa, y tu programa de facturaci\u00f3n estar\u00e1 listo para ser usado.<\/td>\r\n<\/tr>\r\n<tr>\r\n<td><img alt=\"icono paso 2\" src=\"\/images\/iconos\/paso2.png\" \/><\/td>\r\n<td><strong>Inserta los datos b\u00e1sicos.<\/strong> Los Art\u00edculos o Servicios estandard que vende tu empresa, Clientes, Proveedores, Formas de Pago y el IVA con el que tu empresa emite y recibe facturas.<\/td>\r\n<\/tr>\r\n<tr>\r\n<td><img alt=\"icono paso 3\" src=\"\/images\/iconos\/paso3.png\" \/><\/td>\r\n<td><strong>Generaci\u00f3n de Pedidos y Facturas. <\/strong>Ya puedes\u00a0empezar a generar los pedidos a los proveedores, las facturas a los clientes (recurrentes o no recurrentes). Si vas a usar el <strong>Programa de Facturaci\u00f3n<\/strong> integrado\u00a0con nuestra <strong>Contabilidad<\/strong>, ya puedes\u00a0generar los asientos directamente de los datos ya insertados.<\/td>\r\n<\/tr>\r\n<tr>\r\n<td><img alt=\"icono paso 4\" src=\"\/images\/iconos\/paso4.png\" \/><\/td>\r\n<td><strong>Explota la informaci\u00f3n.<\/strong> Desde nuestro cuadro de mandos y mediante los\u00a0listados e informes estandard\u00a0dispondr\u00e1s de una completa informaci\u00f3n de lo que est\u00e1 sucediendo en tu empresa en tiempo real.<\/td>\r\n<\/tr>\r\n<\/tbody><\/table>\r\n<p>Cuando en <strong>MySaaSPlace<\/strong> hablamos de <strong>Facturaci\u00f3n<\/strong> nos referimos a un completo paquete de software que incluye:<\/p>\r\n<ul>\r\n\t<li>M\u00f3dulo de Facturaci\u00f3n.<\/li>\r\n\t<li>M\u00f3dulo de Gesti\u00f3n Comercial<\/li>\r\n\t<li>M\u00f3dulo de Ingenier\u00eda de Producto, Art\u00edculos.<\/li>\r\n\t<li>M\u00f3dulo de Compras.<\/li>\r\n\t<li>M\u00f3dulo de Gesti\u00f3n de Proveedores.<\/li>\r\n\t<li>M\u00f3dulo de Gesti\u00f3n de Pedidos.<\/li>\r\n\t<li>Integraci\u00f3n con el <strong>GIP y la Contabilidad de MySaaSPlace.<\/strong><\/li>\r\n<\/ul>\r\n<p>Nuestros clientes nos avalan y certifican que nuestro Programa de Facturaci\u00f3n es lo que los Aut\u00f3nomos y\u00a0las Empresas necesitan. Es as\u00ed de sencillo, prueba a hacer tu facturaci\u00f3n con <strong>MySaaSPlace<\/strong> y lo comprobar\u00e1s.<\/p>\r\n","protected":false},"excerpt":{"rendered":"<p>Primeros Pasos El Programa de Facturaci\u00f3n de MySaaSPlace esta dise\u00f1ado para facilitar la gesti\u00f3n y ejecuci\u00f3n de todas las tareas de facturaci\u00f3n, sea cual sea el tama\u00f1o de tu empresa. Cuatro sencillos pasos para usar el Programa de Facturaci\u00f3n de MySaaSPlace de forma\u00a0totalmente gratuito, sin compromisos y con toda la potencia que necesitas para su [&hellip;]<\/p>\n","protected":false},"author":1,"featured_media":156,"parent":67,"menu_order":1,"comment_status":"closed","ping_status":"closed","template":"","meta":[],"_links":{"self":[{"href":"https:\/\/www.mysaasplace.com\/es\/wp-json\/wp\/v2\/pages\/277"}],"collection":[{"href":"https:\/\/www.mysaasplace.com\/es\/wp-json\/wp\/v2\/pages"}],"about":[{"href":"https:\/\/www.mysaasplace.com\/es\/wp-json\/wp\/v2\/types\/page"}],"author":[{"embeddable":true,"href":"https:\/\/www.mysaasplace.com\/es\/wp-json\/wp\/v2\/users\/1"}],"replies":[{"embeddable":true,"href":"https:\/\/www.mysaasplace.com\/es\/wp-json\/wp\/v2\/comments?post=277"}],"version-history":[{"count":5,"href":"https:\/\/www.mysaasplace.com\/es\/wp-json\/wp\/v2\/pages\/277\/revisions"}],"predecessor-version":[{"id":1185,"href":"https:\/\/www.mysaasplace.com\/es\/wp-json\/wp\/v2\/pages\/277\/revisions\/1185"}],"up":[{"embeddable":true,"href":"https:\/\/www.mysaasplace.com\/es\/wp-json\/wp\/v2\/pages\/67"}],"wp:featuredmedia":[{"embeddable":true,"href":"https:\/\/www.mysaasplace.com\/es\/wp-json\/wp\/v2\/media\/156"}],"wp:attachment":[{"href":"https:\/\/www.mysaasplace.com\/es\/wp-json\/wp\/v2\/media?parent=277"}],"curies":[{"name":"wp","href":"https:\/\/api.w.org\/{rel}","templated":true}]}}