{"id":256,"date":"2013-01-19T12:44:54","date_gmt":"2013-01-19T12:44:54","guid":{"rendered":"http:\/\/www.mysaasplace.com\/?page_id=256"},"modified":"2013-03-10T12:06:19","modified_gmt":"2013-03-10T12:06:19","slug":"caracteristicas-contabilidad","status":"publish","type":"page","link":"https:\/\/www.mysaasplace.com\/es\/funciones\/contabilidad\/caracteristicas-contabilidad\/","title":{"rendered":"Caracter\u00edsticas Contabilidad"},"content":{"rendered":"\r\n<p><a id=\"inicio\" name=\"inicio\"><\/a><\/p>\r\n<h2>Caracter\u00edsticas Contabilidad<\/h2>\r\n<p>El <strong>Programa de Contabilidad<\/strong> de <a href=\"http:\/\/www.mysaasplace.com\" target=\"_blank\"><strong>MySaaSPlace<\/strong> <\/a>es\u00a0muy sencillo de manejar, a continuaci\u00f3n te mostramos los men\u00fas de acceso con los que podr\u00e1s trabajar.<\/p>\r\n<ul>\r\n\t<li><a href=\"#contables\">Men\u00fa de Asientos Contables<\/a><\/li>\r\n\t<li><a href=\"#ejercicios\">Men\u00fa de Ejercicios<\/a><\/li>\r\n\t<li><a href=\"#cuentas\">Plan de Cuentas (Plan General Contable)<\/a><\/li>\r\n\t<li><a href=\"#contabilidad\">Informes de Contabilidad<\/a><\/li>\r\n<\/ul>\r\n<p><a id=\"contables\" name=\"contables\"><\/a><\/p>\r\n<h2>Men\u00fa de Asientos Contables<\/h2>\r\n<p>El <strong>Men\u00fa de Asientos Contables<\/strong> te permite\u00a0introducir asientos de forma manual de todos los movimientos contables de tu empresa o actividad. <br \/><a href=\"#inicio\">Subir<\/a><\/p>\r\n<p><a id=\"ejercicios\" name=\"ejercicios\"><\/a><\/p>\r\n<h2>Men\u00fa de Ejercicios<\/h2>\r\n<p>A trav\u00e9s del <strong>Men\u00fa de Ejercicios<\/strong> podr\u00e1s configurar el ejercicio contable, \u00a0realizando la apertura y cierre de cada ejercicio. <br \/><a href=\"#inicio\">Subir<\/a><\/p>\r\n<p><a id=\"cuentas\" name=\"cuentas\"><\/a><\/p>\r\n<h2>Plan de Cuentas (Plan General Contable)<\/h2>\r\n<p>Mediante el \u00a0<strong>Men\u00fa Plan de Cuentas<\/strong> dispondr\u00e1s,\u00a0\u00a0cargado por defecto, de todo el <strong>Plan General Contable<\/strong> de tu Pa\u00eds. A\u00a0este <strong>Plan de Cuentas<\/strong>\u00a0 podr\u00e1s a\u00f1adirle nuevas cuentas, borrar aquellas que no utilices, o modificar\u00a0de acuerdo con tus necesidades\u00a0aquellas que desees. <br \/><a href=\"#inicio\">Subir<\/a><\/p>\r\n<p><a id=\"contabilidad\" name=\"contabilidad\"><\/a><\/p>\r\n<h2>Informes de Contabilidad<\/h2>\r\n<p>El <strong>Programa de Contabilidad de MySaaSPlace<\/strong> ofrece, por defecto, un completo conjunto de los <strong>Informes de Contabilidad<\/strong> mas usados : Cuenta de Perdidas y Ganancias, Balances periodificados, etc. Adicionalmente podr\u00e1s configurar y obtener, de forma muy sencilla,\u00a0informes \u00aba medida\u00bb de tus necesidades de control contable. Todos los informes pueden exportarse en varios formatos ( PDF, Excel, CSV, etc) para su utilizaci\u00f3n en otros <strong>Programas de Gesti\u00f3n<\/strong> de tu empresa.<br \/><a href=\"#inicio\">Subir<\/a><\/p>\r\n","protected":false},"excerpt":{"rendered":"<p>Caracter\u00edsticas Contabilidad El Programa de Contabilidad de MySaaSPlace es\u00a0muy sencillo de manejar, a continuaci\u00f3n te mostramos los men\u00fas de acceso con los que podr\u00e1s trabajar. Men\u00fa de Asientos Contables Men\u00fa de Ejercicios Plan de Cuentas (Plan General Contable) Informes de Contabilidad Men\u00fa de Asientos Contables El Men\u00fa de Asientos Contables te permite\u00a0introducir asientos de forma [&hellip;]<\/p>\n","protected":false},"author":1,"featured_media":138,"parent":47,"menu_order":3,"comment_status":"closed","ping_status":"closed","template":"","meta":[],"_links":{"self":[{"href":"https:\/\/www.mysaasplace.com\/es\/wp-json\/wp\/v2\/pages\/256"}],"collection":[{"href":"https:\/\/www.mysaasplace.com\/es\/wp-json\/wp\/v2\/pages"}],"about":[{"href":"https:\/\/www.mysaasplace.com\/es\/wp-json\/wp\/v2\/types\/page"}],"author":[{"embeddable":true,"href":"https:\/\/www.mysaasplace.com\/es\/wp-json\/wp\/v2\/users\/1"}],"replies":[{"embeddable":true,"href":"https:\/\/www.mysaasplace.com\/es\/wp-json\/wp\/v2\/comments?post=256"}],"version-history":[{"count":12,"href":"https:\/\/www.mysaasplace.com\/es\/wp-json\/wp\/v2\/pages\/256\/revisions"}],"predecessor-version":[{"id":1281,"href":"https:\/\/www.mysaasplace.com\/es\/wp-json\/wp\/v2\/pages\/256\/revisions\/1281"}],"up":[{"embeddable":true,"href":"https:\/\/www.mysaasplace.com\/es\/wp-json\/wp\/v2\/pages\/47"}],"wp:featuredmedia":[{"embeddable":true,"href":"https:\/\/www.mysaasplace.com\/es\/wp-json\/wp\/v2\/media\/138"}],"wp:attachment":[{"href":"https:\/\/www.mysaasplace.com\/es\/wp-json\/wp\/v2\/media?parent=256"}],"curies":[{"name":"wp","href":"https:\/\/api.w.org\/{rel}","templated":true}]}}