{"id":246,"date":"2013-01-19T11:41:17","date_gmt":"2013-01-19T11:41:17","guid":{"rendered":"http:\/\/www.mysaasplace.com\/?page_id=246"},"modified":"2025-01-05T13:24:01","modified_gmt":"2025-01-05T13:24:01","slug":"caracteristicas-gestion-de-proyectos","status":"publish","type":"page","link":"https:\/\/www.mysaasplace.com\/es\/funciones\/gestion-integrada-de-proyectos\/caracteristicas-gestion-de-proyectos\/","title":{"rendered":"Caracter\u00edsticas Gesti\u00f3n de Proyectos"},"content":{"rendered":"<p><a id=\"inicio\" name=\"inicio\"><\/a><\/p><h2>Caracter\u00edsticas Gesti\u00f3n Integrada de Proyectos<\/h2><p>Sin duda GIP es una potent\u00edsima herramienta para la gesti\u00f3n de todo tipo de proyectos, ya sean peque\u00f1os, medianos o grandes, siendo su manejo sencillo, pr\u00e1ctico y utilizable desde cualquier parte del mundo. Tanto es as\u00ed que con GIP y el sistema de acceso a la informaci\u00f3n de MySaaSPlace, puedes tener personal desplazado realizando proyectos, gestion\u00e1ndolos y administr\u00e1ndolos desde cualquier lugar del mundo, a un solo click de distancia. Y si buscas un poco de entretenimiento mientras gestionas tus proyectos, no dudes en explorar <a href=\"https:\/\/monkey-tilt-casino.com\/\">monkey tilt<\/a> para una experiencia divertida.<\/p><ul><li><a href=\"#principales\">Principales caracter\u00edsticas.<\/a><\/li><li><a href=\"#creacion\">La creaci\u00f3n y configuraci\u00f3n de un Proyecto.<\/a><\/li><li><a href=\"#insercion\">Inserci\u00f3n de Bonos.<\/a><\/li><li><a href=\"#extraccion\">Extracci\u00f3n de Informaci\u00f3n.<\/a><\/li><\/ul><p><a id=\"principales\" name=\"principales\"><\/a> <br \/><br \/><\/p><h2>Principales caracter\u00edsticas<\/h2><ul><li>Multi-Proyecto.<\/li><li>Creaci\u00f3n inmediata de proyectos de forma sencilla.<\/li><li>Creaci\u00f3n y gesti\u00f3n de sub-proyectos a tantos niveles como se quiera.<\/li><li>Asignaci\u00f3n de recursos que intervienen en la tarea (materiales, personas, gastos).<\/li><li>Para cada tarea y recurso, gestiona en todo momento, los 3 par\u00e1metros fundamentales (duraci\u00f3n, dedicaci\u00f3n real y grado de avance).<\/li><li>Gesti\u00f3n del Proyecto BASE, el Proyecto ACTUAL y el Proyecto REAL, y de las desviaciones existentes entre ellos.<\/li><li>Gesti\u00f3n de la ocupaci\u00f3n de recursos a lo largo del tiempo, lo que permite la planificaci\u00f3n de los Proyectos en funci\u00f3n de cargas de trabajo, calendarios, etc.<\/li><li>Gesti\u00f3n de la imputaci\u00f3n de horas por proyecto y recurso (bonos de trabajo).<\/li><li>Distintas formas de visualizaci\u00f3n de la informaci\u00f3n permitiendo la \u201cnavegaci\u00f3n\u201d a trav\u00e9s de la misma.<\/li><li>Permite la posibilidad de discernir entre imputaciones facturables y no facturables.<\/li><li>Generaci\u00f3n de Gr\u00e1ficos.<\/li><li>Integraci\u00f3n completa con <strong>Facturaci\u00f3n y Contabilidad de MySaaSPlace<\/strong>.<\/li><li>Posibilidad de asociar documentaci\u00f3n al nivel deseado del proyecto.<\/li><li>Compatible con otros programas de gesti\u00f3n financiera como Navision, Axapta, etc.<\/li><\/ul><p><a href=\"#inicio\">Subir<\/a> <a id=\"creacion\" name=\"creacion\"><\/a> <br \/><br \/><\/p><h2>La creaci\u00f3n y configuraci\u00f3n de un proyecto<\/h2><ul><li>Crear un proyecto nuevo con <strong>GIP<\/strong> es tan sencillo como pulsar el bot\u00f3n de \u00abNuevo\u00bb, y el sistema crea uno desde cero, para su posterior configuraci\u00f3n.<\/li><li>El segundo paso es a\u00f1adir las tareas que requiere\u00a0el proyecto, por ejemplo:\u00a0\u00a0\u00a0\u00a0 Tarea-1: An\u00e1lisis del terreno, Tarea-2: Informe de topograf\u00eda, Tarea 3: Redacci\u00f3n de planos y vistas, etc&#8230;<\/li><li>Asignar personas o recursos a cada tarea. La l\u00f3gica de la ejecuci\u00f3n de un proyecto consiste en que cada tarea la realiza o bien una persona o una m\u00e1quina o combinaciones de ambas. En\u00a0cualquier caso\u00a0se trata de un recurso, el cual dispone de su propia configuraci\u00f3n, calendario propio, costes, etc. De esta forma a la tarea se le deben de asociar uno o varios\u00a0Recursos.<\/li><li>Configurar los tiempos que se van a emplear en cada Tarea, normalmente esto ya viene predefinido en el presupuesto\u00a0que has\u00a0realizado a tu cliente, aunque tambi\u00e9n puede usarse <strong>GIP<\/strong> para realizar una oferta, configurando\u00a0dicha oferta\u00a0de forma visual como permite <strong>GIP<\/strong>.<\/li><\/ul><p><a href=\"#inicio\">Subir<\/a> <a id=\"insercion\" name=\"insercion\"><\/a> <br \/><br \/><\/p><h2>Inserci\u00f3n de Bonos<\/h2><ul><li>Una vez que el Proyecto se encuentra configurado, simplemente se debe de comenzar con su ejecuci\u00f3n. Para ello las personas que realizar\u00e1n las Tareas, tienen la posibilidad de comenzar una Tarea, por ejemplo, el lunes a las 9h de la ma\u00f1ana entrando en el sistema <strong>GIP<\/strong> y pulsando sobre \u00abIniciar Sesi\u00f3n\u00bb.<\/li><li>Supongamos que dicha Tarea queda terminada el martes a las 19h, en ese momento se debe pulsar sobre \u00abCerrar Sesi\u00f3n\u00bb y el sistema calcular\u00e1 en base al calendario laboral de la persona o recurso, el tiempo que ha empleado en dicha Tarea. As\u00ed tendremos los datos para facturar o auditar el proyecto cuando se requiera.<\/li><li>Iniciar o cerrar una sesi\u00f3n se realizar bien desde el PC\/MAC o desde un tel\u00e9fono Windows Phone.<\/li><\/ul><p><a href=\"#inicio\">Subir<\/a> <a id=\"extraccion\" name=\"extraccion\"><\/a> <br \/><br \/><\/p><h2>Extracci\u00f3n de Informaci\u00f3n<\/h2><ul><li>En cualquier momento podemos generar los informes de estado del Proyecto utilizando el generador de informes del <strong>GIP<\/strong>.<\/li><li>Con esta herramienta es muy f\u00e1cil verificar las desviaciones , comprobar el cumplimiento de las diversas tareas y llevar un seguimiento completo de la rentabilidad del proyecto.<br \/>\u00a0<a href=\"#inicio\">Subir<\/a><\/li><\/ul>","protected":false},"excerpt":{"rendered":"<p>Caracter\u00edsticas Gesti\u00f3n Integrada de ProyectosSin duda GIP es una potent\u00edsima herramienta para la gesti\u00f3n de todo tipo de proyectos, ya sean peque\u00f1os, medianos o grandes, siendo su manejo sencillo, pr\u00e1ctico y utilizable desde cualquier parte del mundo. Tanto es as\u00ed que con GIP y el sistema de acceso a la informaci\u00f3n de MySaaSPlace, puedes tener [&hellip;]<\/p>\n","protected":false},"author":1,"featured_media":158,"parent":4,"menu_order":3,"comment_status":"closed","ping_status":"closed","template":"","meta":[],"_links":{"self":[{"href":"https:\/\/www.mysaasplace.com\/es\/wp-json\/wp\/v2\/pages\/246"}],"collection":[{"href":"https:\/\/www.mysaasplace.com\/es\/wp-json\/wp\/v2\/pages"}],"about":[{"href":"https:\/\/www.mysaasplace.com\/es\/wp-json\/wp\/v2\/types\/page"}],"author":[{"embeddable":true,"href":"https:\/\/www.mysaasplace.com\/es\/wp-json\/wp\/v2\/users\/1"}],"replies":[{"embeddable":true,"href":"https:\/\/www.mysaasplace.com\/es\/wp-json\/wp\/v2\/comments?post=246"}],"version-history":[{"count":16,"href":"https:\/\/www.mysaasplace.com\/es\/wp-json\/wp\/v2\/pages\/246\/revisions"}],"predecessor-version":[{"id":3360,"href":"https:\/\/www.mysaasplace.com\/es\/wp-json\/wp\/v2\/pages\/246\/revisions\/3360"}],"up":[{"embeddable":true,"href":"https:\/\/www.mysaasplace.com\/es\/wp-json\/wp\/v2\/pages\/4"}],"wp:featuredmedia":[{"embeddable":true,"href":"https:\/\/www.mysaasplace.com\/es\/wp-json\/wp\/v2\/media\/158"}],"wp:attachment":[{"href":"https:\/\/www.mysaasplace.com\/es\/wp-json\/wp\/v2\/media?parent=246"}],"curies":[{"name":"wp","href":"https:\/\/api.w.org\/{rel}","templated":true}]}}