{"id":239,"date":"2013-01-19T11:22:14","date_gmt":"2013-01-19T11:22:14","guid":{"rendered":"http:\/\/www.mysaasplace.com\/?page_id=239"},"modified":"2021-01-21T05:08:53","modified_gmt":"2021-01-21T05:08:53","slug":"primeros-pasos-gip","status":"publish","type":"page","link":"https:\/\/www.mysaasplace.com\/es\/funciones\/gestion-integrada-de-proyectos\/primeros-pasos-gip\/","title":{"rendered":"Primeros Pasos GIP"},"content":{"rendered":"<h2>Primeros Pasos<\/h2><p>El<strong> GIP<\/strong> de <a href=\"http:\/\/www.mysaasplace.com\"><strong>MySaaSPlace<\/strong><\/a> est\u00e1 dise\u00f1ado para la gesti\u00f3n de proyectos de todo tipo y para facilitar y ordenar el trabajo de un Consultor, Arquitecto, Ingeniero, Abogado e incluso de despachos independientes o dependientes de empresas.<\/p><p>La\u00a0<strong>Gesti\u00f3n Integrada de Proyectos<\/strong> de MySaaSplace\u00a0es muy sencilla de usar. Una vez que te has dado de <a href=\"https:\/\/azure.mysaasplace.com\/Account\/Register.aspx\"><strong>ALTA GRATUITA<\/strong><\/a> y\u00a0has configurado los datos por defecto de tu empresa como son los calendarios, datos de personal, equipos, recursos, etc., <strong>GIP<\/strong> nos permite obtener el m\u00e1ximo rendimiento de un proyecto en menos de un minuto con 5 sencillos pasos:<\/p><table summary=\"primeros pasos\"><tbody><tr><td><img src=\"\/images\/iconos\/paso1.png\" alt=\"icono paso 1\" \/><\/td><td><strong>Crear un proyecto. <\/strong>Simplemente se hace pulsando en \u00abNuevo Proyecto\u00bb y el sistema lo crea autom\u00e1ticamente.<\/td><\/tr><tr><td><img src=\"\/images\/iconos\/paso2.png\" alt=\"icono paso 2\" \/><\/td><td><strong>A\u00f1adir tareas al proyecto.<\/strong> Pulsa en el bot\u00f3n \u00abTarea\u00bb tantas veces como tareas desees incorporar a tu proyecto y\u00a0se generar\u00e1n todas las tareas inmediatamente. Cada tarea tendr\u00e1 su gr\u00e1fico en el diagrama de Gantt que siempre tendr\u00e1s a la vista.<\/td><\/tr><tr><td><img src=\"\/images\/iconos\/paso3.png\" alt=\"icono paso 3\" \/><\/td><td><strong>Personalizar las tareas.<\/strong> Selecciona cada tarea y escribe el nombre y tiempos que quieres emplear, tambi\u00e9n\u00a0puedes asignar personal y cada persona sabr\u00e1 cual es su tarea cuando entre en el sistema.<\/td><\/tr><tr><td><img src=\"\/images\/iconos\/paso4.png\" alt=\"icono paso 4\" \/><\/td><td><strong>Recursos.<\/strong> Si tienes gastos, o quieres disponer de recursos como m\u00e1quinas, veh\u00edculos u otros medios que quieres controlarl a lo largo de toda la vida del proyecto, ins\u00e9rtalos a medida que los vayas necesitando.<\/td><\/tr><tr><td><img src=\"\/images\/iconos\/paso5.png\" alt=\"icono paso 5\" \/><\/td><td><strong>Informes.<\/strong> Extrae toda la informaci\u00f3n de tu proyecto en tiempo real, ya que una vez configurado el sistema ir\u00e1 acumulando los tiempos, gastos y recursos que se empleen en el proyecto, para que puedas agruparlos y \u00a0visualizarlos de acuerdo con tus necesidades.<\/td><\/tr><\/tbody><\/table><p>Con esta sencilla configuraci\u00f3n, dispondr\u00e1s de un proyecto\u00a0en el sistema\u00a0al que tendr\u00e1n acceso todas las personas que integran en el mismo. En todo momento <strong>GIP<\/strong> te proporciona la informaci\u00f3n de c\u00f3mo se desarrolla tu proyecto, el tiempo que se ha empleado en el mismo, las desviaciones y una larga lista de informaci\u00f3n de suma utilidad para que tu proyecto\u00a0siempre est\u00e9\u00a0perfectamente gestionado.<\/p><p>Adicionalmente, si quieres proceder a facturar parte o todo\u00a0el proyecto\u00a0a su finalizaci\u00f3n, puedes hacerlo a trav\u00e9s del <strong>Programa de Facturaci\u00f3n de MySaaSPlace<\/strong> , completamente integrado a GIP, y tambi\u00e9n puedes contabilizar tanto las facturas emitidas a los clientes como las facturas recibidas de los proveedores con el <strong>Programa de Contabilidad de MySaaSPlace<\/strong> sin duplicar facturas ni inserciones.<\/p><p>Es as\u00ed de sencillo, <strong>prueba a configurar un proyecto en GIP<\/strong> y a partir de ese momento no concebir\u00e1 gestionar cualquier trabajo en tu actividad diaria sin <strong>GIP<\/strong>. Recuerda que al acceso a <strong>GIP<\/strong> se realiza a trav\u00e9s de tu PC o MAC y el acceso a las tareas y la introducci\u00f3n de bonos lo puedes hacer desde el PC\/MAC o desde tu tel\u00e9fono m\u00f3vil .<\/p><p>Si quiere saber m\u00e1s sobre<strong> GIP<\/strong> podr\u00e1s\u00a0visualizar una demostraci\u00f3n con nuestro video en solo 2 minutos. Te recomendamos que antes del video, les detenidamente las caracter\u00edsticas de GIP, este apartado te acercar\u00e1 al completo a las funcionalidades de <strong>GIP<\/strong>.<\/p><p>Pero lo mejor es que puedes probar el <strong>GIP<\/strong> ahora mismo. <strong><a href=\"https:\/\/azure.mysaasplace.com\/Account\/Register.aspx?lng=es\">Date de alta<\/a> <\/strong>sin coste alguno y comprueba los beneficios de la <strong>Gestion Integrada de Proyectos de MySaaSPlace<\/strong>.<\/p>","protected":false},"excerpt":{"rendered":"<p>Primeros PasosEl GIP de MySaaSPlace est\u00e1 dise\u00f1ado para la gesti\u00f3n de proyectos de todo tipo y para facilitar y ordenar el trabajo de un Consultor, Arquitecto, Ingeniero, Abogado e incluso de despachos independientes o dependientes de empresas.La\u00a0Gesti\u00f3n Integrada de Proyectos de MySaaSplace\u00a0es muy sencilla de usar. Una vez que te has dado de ALTA GRATUITA [&hellip;]<\/p>\n","protected":false},"author":1,"featured_media":156,"parent":4,"menu_order":1,"comment_status":"closed","ping_status":"closed","template":"","meta":[],"_links":{"self":[{"href":"https:\/\/www.mysaasplace.com\/es\/wp-json\/wp\/v2\/pages\/239"}],"collection":[{"href":"https:\/\/www.mysaasplace.com\/es\/wp-json\/wp\/v2\/pages"}],"about":[{"href":"https:\/\/www.mysaasplace.com\/es\/wp-json\/wp\/v2\/types\/page"}],"author":[{"embeddable":true,"href":"https:\/\/www.mysaasplace.com\/es\/wp-json\/wp\/v2\/users\/1"}],"replies":[{"embeddable":true,"href":"https:\/\/www.mysaasplace.com\/es\/wp-json\/wp\/v2\/comments?post=239"}],"version-history":[{"count":10,"href":"https:\/\/www.mysaasplace.com\/es\/wp-json\/wp\/v2\/pages\/239\/revisions"}],"predecessor-version":[{"id":2132,"href":"https:\/\/www.mysaasplace.com\/es\/wp-json\/wp\/v2\/pages\/239\/revisions\/2132"}],"up":[{"embeddable":true,"href":"https:\/\/www.mysaasplace.com\/es\/wp-json\/wp\/v2\/pages\/4"}],"wp:featuredmedia":[{"embeddable":true,"href":"https:\/\/www.mysaasplace.com\/es\/wp-json\/wp\/v2\/media\/156"}],"wp:attachment":[{"href":"https:\/\/www.mysaasplace.com\/es\/wp-json\/wp\/v2\/media?parent=239"}],"curies":[{"name":"wp","href":"https:\/\/api.w.org\/{rel}","templated":true}]}}