{"id":19,"date":"2013-01-14T19:26:16","date_gmt":"2013-01-14T19:26:16","guid":{"rendered":"http:\/\/www.mysaasplace.com\/?page_id=19"},"modified":"2013-01-30T14:14:24","modified_gmt":"2013-01-30T14:14:24","slug":"servicios-y-gremios","status":"publish","type":"page","link":"https:\/\/www.mysaasplace.com\/es\/soluciones\/servicios-y-gremios\/","title":{"rendered":"Software para Gesti\u00f3n de Servicios y Gremios"},"content":{"rendered":"<!-- El texto y la estructura es igual en funciones.html -->\r\n<h2>Funciones<\/h2>\r\n<div id=\"divisiones\">\r\n<div class=\"primera\">\r\n<div class=\"titularinferiorcinco\">\r\n<div class=\"icono\"><a href=\"\/es\/funciones\/gestion-integrada-de-proyectos\/\"><img alt=\"icono proyectos\" src=\"\/images\/iconos\/proyectos.png\" \/><\/a><\/div>\r\n<div class=\"hache6\"><a href=\"\/es\/funciones\/gestion-integrada-de-proyectos\/\">GESTI\u00d3N INTEGRADA\u00a0DE PROYECTOS<\/a><\/div>\r\n<\/div>\r\n<div class=\"textoprimera\">El programa de <strong>Gesti\u00f3n Integrada de Proyectos<\/strong> (GIP)\u00a0de <strong>MySaaSPlace<\/strong> es s\u00famamente sencillo de manejar y puede usarse de dos formas bien distintas. Elija la que m\u00e1s le convenga.\r\n<div class=\"ir\"><a href=\"\/es\/funciones\/gestion-integrada-de-proyectos\/\">M\u00c1S INFORMACI\u00d3N<\/a><\/div>\r\n<\/div>\r\n<\/div>\r\n<div class=\"segunda\">\r\n<div class=\"titularinferiorcinco\">\r\n<div class=\"icono\"><a href=\"\/es\/funciones\/gestion-integrada-de-proyectos\/primeros-pasos-gip\/\"><img alt=\"icono pasos\" src=\"\/images\/iconos\/pies.png\" \/><\/a><\/div>\r\n<div class=\"hache6\"><a href=\"\/es\/funciones\/gestion-integrada-de-proyectos\/primeros-pasos-gip\/\">PRIMEROS PASOS<\/a><\/div>\r\n<\/div>\r\n<div class=\"textoprimera\">Primeros pasos para usar la herramienta <strong>GIP de MySaaSPlace<\/strong>. Aprende de manera f\u00e1cil el manejo de esta \u00fatil y sencilla herramienta.\r\n<div class=\"ir\"><a href=\"\/es\/funciones\/gestion-integrada-de-proyectos\/primeros-pasos-gip\/\">M\u00c1S INFORMACI\u00d3N<\/a><\/div>\r\n<\/div>\r\n<\/div>\r\n<div class=\"tercera\">\r\n<div class=\"titularinferiorcinco\">\r\n<div class=\"icono\"><a href=\"\/es\/funciones\/gestion-integrada-de-proyectos\/gestion-integral-de-proyectos-en-2-minutos\/\"><img alt=\"icono reloj\" src=\"\/images\/iconos\/reloj.png\" \/><\/a><\/div>\r\n<div class=\"hache5\"><a href=\"\/es\/funciones\/gestion-integrada-de-proyectos\/gestion-integral-de-proyectos-en-2-minutos\/\">GESTI\u00d3N INTEGRADA DE PROYECTOS EN 2 MINUTOS<\/a><\/div>\r\n<\/div>\r\n<div class=\"textoprimera\">En tan solo 2 minutos, podr\u00e1s aprender a <strong>gestionar\u00a0 los proyectos de tu empresa<\/strong> con la visualizaci\u00f3n de un video sobre nuestra herramienta de GIP.\r\n<div class=\"ir\"><a href=\"\/es\/funciones\/gestion-integrada-de-proyectos\/gestion-integral-de-proyectos-en-2-minutos\/\">M\u00c1S INFORMACI\u00d3N<\/a><\/div>\r\n<\/div>\r\n<\/div>\r\n<\/div>\r\n<div id=\"divisionesdos\">\r\n<div class=\"primera\">\r\n<div class=\"titularinferiorcinco\">\r\n<div class=\"icono\"><a href=\"\/es\/funciones\/contabilidad\/\"><img alt=\"icono contabilidad\" src=\"\/images\/iconos\/contabilidad.png\" \/><\/a><\/div>\r\n<div id=\"hache5\"><a href=\"\/es\/funciones\/contabilidad\/\">CONTABILIDAD<\/a><\/div>\r\n<\/div>\r\n<div class=\"textoprimera\">El programa de <strong>Contabilidad<\/strong> de <strong>MySaaSPlace<\/strong> es s\u00famamente sencillo de manejar y puede usarse de dos formas bien distintas. Elija la que m\u00e1s le convenga.\r\n<div class=\"ir\"><a href=\"\/es\/funciones\/contabilidad\/\">M\u00c1S INFORMACI\u00d3N<\/a><\/div>\r\n<\/div>\r\n<\/div>\r\n<div class=\"segunda\">\r\n<div class=\"titularinferiorcinco\">\r\n<div class=\"icono\"><a href=\"\/es\/funciones\/contabilidad\/sobre-contabilidad\/\"><img alt=\"icono pies\" src=\"\/images\/iconos\/pies.png\" \/><\/a><\/div>\r\n<div class=\"hache6\"><a href=\"\/es\/funciones\/contabilidad\/sobre-contabilidad\/\">PRIMEROS PASOS<\/a><\/div>\r\n<\/div>\r\n<div class=\"textoprimera\">Primeros pasos para usar la herramienta de <strong>Contabilidad de MySaaSPlace<\/strong>. Aprende de manera f\u00e1cil el manejo de esta \u00fatil y sencilla herramienta.\r\n<div class=\"ir\"><a href=\"\/es\/funciones\/contabilidad\/sobre-contabilidad\/\">M\u00c1S INFORMACI\u00d3N<\/a><\/div>\r\n<\/div>\r\n<\/div>\r\n<div class=\"tercera\">\r\n<div class=\"titularinferiorcinco\">\r\n<div class=\"icono\"><a href=\"\/es\/funciones\/contabilidad\/contabilidad-en-2-minutos\/\"><img alt=\"icono reloj\" src=\"\/images\/iconos\/reloj.png\" \/><\/a><\/div>\r\n<div class=\"hache6\"><a href=\"\/es\/funciones\/contabilidad\/contabilidad-en-2-minutos\/\">CONTABILIDAD EN 2 MINUTOS<\/a><\/div>\r\n<\/div>\r\n<div class=\"textoprimera\">En tan solo 2 minutos, podr\u00e1s aprender a gestionar\u00a0 <strong>la contabilidad de tu empresa<\/strong> con la visualizaci\u00f3n de un video sobre nuestra herramienta de contabilidad.\r\n<div class=\"ir\"><a href=\"\/es\/funciones\/contabilidad\/contabilidad-en-2-minutos\/\">M\u00c1S INFORMACI\u00d3N<\/a><\/div>\r\n<\/div>\r\n<\/div>\r\n<\/div>\r\n<div id=\"divisionestres\">\r\n<div class=\"primera\">\r\n<div class=\"titularinferiorcinco\">\r\n<div class=\"icono\"><a href=\"\/es\/funciones\/facturacion\/\"><img alt=\"icono gestion\" src=\"\/images\/iconos\/gestion.png\" \/><\/a><\/div>\r\n<div class=\"hache6\"><a href=\"\/es\/funciones\/facturacion\/\">FACTURACI\u00d3N<\/a><\/div>\r\n<\/div>\r\n<div class=\"textoprimera\">El programa de <strong>Facturaci\u00f3n<\/strong> de <strong>MySaaSPlace<\/strong> es un completo software que permite gestionar todas las actividades de facturaci\u00f3n de una empresa.\r\n<div class=\"irsiete\"><a href=\"\/es\/funciones\/facturacion\/\">M\u00c1S INFORMACI\u00d3N<\/a><\/div>\r\n<\/div>\r\n<\/div>\r\n<div class=\"tercera\">\r\n<div class=\"titularinferiorcinco\">\r\n<div class=\"icono\"><a href=\"\/es\/funciones\/facturacion\/primeros-pasos-facturacion\/\"><img alt=\"icono pies\" src=\"\/images\/iconos\/pies.png\" \/><\/a><\/div>\r\n<div id=\"hache10\"><a href=\"\/es\/funciones\/facturacion\/primeros-pasos-facturacion\/\">PRIMEROS PASOS<\/a><\/div>\r\n<\/div>\r\n<div class=\"textoprimera\">Primeros pasos para usar la herramienta de <strong>Facturaci\u00f3n de MySaaSPlace<\/strong>. Aprende de manera f\u00e1cil el manejo de esta \u00fatil y sencilla herramienta.\r\n<div class=\"ir\"><a href=\"\/es\/funciones\/facturacion\/primeros-pasos-facturacion\/\">M\u00c1S INFORMACI\u00d3N<\/a><\/div>\r\n<\/div>\r\n<\/div>\r\n<div class=\"segunda\">\r\n<div id=\"titularinferiorseis\">\r\n<div class=\"icono\"><a href=\"\/es\/funciones\/facturacion\/facturacion-en-2-minutos\/\"><img alt=\"icono reloj\" src=\"\/images\/iconos\/reloj.png\" \/><\/a><\/div>\r\n<div class=\"hache5\"><a href=\"\/es\/funciones\/facturacion\/facturacion-en-2-minutos\/\">FACTURACI\u00d3N EN 2 MINUTOS<\/a><\/div>\r\n<\/div>\r\n<div class=\"textoprimera\">En tan solo 2 minutos, podr\u00e1s gestionar totalmente <strong>la facturaci\u00f3n de tu empresa<\/strong> con nuestra herramienta de gesti\u00f3n\/facturaci\u00f3n.\r\n<div class=\"ir\"><a href=\"\/es\/funciones\/facturacion\/facturacion-en-2-minutos\/\">M\u00c1S INFORMACI\u00d3N<\/a><\/div>\r\n<\/div>\r\n<\/div>\r\n<\/div>\r\n","protected":false},"excerpt":{"rendered":"<p>Funciones GESTI\u00d3N INTEGRADA\u00a0DE PROYECTOS El programa de Gesti\u00f3n Integrada de Proyectos (GIP)\u00a0de MySaaSPlace es s\u00famamente sencillo de manejar y puede usarse de dos formas bien distintas. Elija la que m\u00e1s le convenga. M\u00c1S INFORMACI\u00d3N PRIMEROS PASOS Primeros pasos para usar la herramienta GIP de MySaaSPlace. Aprende de manera f\u00e1cil el manejo de esta \u00fatil y [&hellip;]<\/p>\n","protected":false},"author":1,"featured_media":150,"parent":943,"menu_order":1,"comment_status":"closed","ping_status":"closed","template":"","meta":[],"_links":{"self":[{"href":"https:\/\/www.mysaasplace.com\/es\/wp-json\/wp\/v2\/pages\/19"}],"collection":[{"href":"https:\/\/www.mysaasplace.com\/es\/wp-json\/wp\/v2\/pages"}],"about":[{"href":"https:\/\/www.mysaasplace.com\/es\/wp-json\/wp\/v2\/types\/page"}],"author":[{"embeddable":true,"href":"https:\/\/www.mysaasplace.com\/es\/wp-json\/wp\/v2\/users\/1"}],"replies":[{"embeddable":true,"href":"https:\/\/www.mysaasplace.com\/es\/wp-json\/wp\/v2\/comments?post=19"}],"version-history":[{"count":34,"href":"https:\/\/www.mysaasplace.com\/es\/wp-json\/wp\/v2\/pages\/19\/revisions"}],"predecessor-version":[{"id":997,"href":"https:\/\/www.mysaasplace.com\/es\/wp-json\/wp\/v2\/pages\/19\/revisions\/997"}],"up":[{"embeddable":true,"href":"https:\/\/www.mysaasplace.com\/es\/wp-json\/wp\/v2\/pages\/943"}],"wp:featuredmedia":[{"embeddable":true,"href":"https:\/\/www.mysaasplace.com\/es\/wp-json\/wp\/v2\/media\/150"}],"wp:attachment":[{"href":"https:\/\/www.mysaasplace.com\/es\/wp-json\/wp\/v2\/media?parent=19"}],"curies":[{"name":"wp","href":"https:\/\/api.w.org\/{rel}","templated":true}]}}