{"id":1879,"date":"2013-06-05T22:28:06","date_gmt":"2013-06-05T22:28:06","guid":{"rendered":"http:\/\/www.mysaasplace.com\/?page_id=1879"},"modified":"2013-06-05T22:35:13","modified_gmt":"2013-06-05T22:35:13","slug":"icam","status":"publish","type":"page","link":"https:\/\/www.mysaasplace.com\/es\/icam\/","title":{"rendered":"ICAM"},"content":{"rendered":"\r\n<h3 style=\"text-align: justify;\"><strong><a href=\"http:\/\/www.mysaasplace.com\" target=\"_blank\">MySaaSPlace <\/a><\/strong>es una empresa de tecnolog\u00eda de soluciones de gesti\u00f3n en la nube.<\/h3>\r\n<h3 style=\"text-align: justify;\">Olv\u00eddese de comprar y mantener servidores o pagar licencias de software y acceda a la informaci\u00f3n de sus clientes y casos desde cualquier lugar con una conexi\u00f3n Internet.<\/h3>\r\n<h3 style=\"text-align: justify;\">Nuestras avanzadas soluciones <strong>simplifican la gesti\u00f3n de despachos peque\u00f1os\/medianos y profesionales independientes.<\/strong><\/h3>\r\n<h3 style=\"text-align: justify;\"><strong>MySaaSPlace<\/strong> ofrece a los colegiados del ICAM el nivel m\u00e1ximo de descuento para la contrataci\u00f3n de Packs de Soluciones con subscripci\u00f3n anual:<\/h3>\r\n<ul style=\"text-align: justify;\">\r\n\t<li>\r\n<h3>Facturaci\u00f3n y Contabilidad *\u00a0: <strong>\u20ac175 + IVA<\/strong><\/h3>\r\n<\/li>\r\n\t<li>\r\n<h3>Facturaci\u00f3n y Gesti\u00f3n Integrada de Proyectos (Casos) * :\u00a0<strong>\u20ac175 + IVA<\/strong><\/h3>\r\n<\/li>\r\n\t<li>\r\n<h3>Facturaci\u00f3n, Contabilidad\u00a0 y GIP (Casos) **\u00a0: <strong>\u20ac210 + IVA<\/strong><\/h3>\r\n<\/li>\r\n<\/ul>\r\n<h3 style=\"text-align: justify;\">* El precio incluye 2 usuarios.<\/h3>\r\n<h3 style=\"text-align: justify;\">** El precio incluye 3 usuarios.<\/h3>\r\n<h3 style=\"text-align: justify;\">Pruebe nuestras soluciones con el Alta Gratuita ( 1 caso al mes y 5 facturas) ilimitada. <a href=\"https:\/\/azure.mysaasplace.com\/Account\/Register.aspx\" target=\"_blank\"><strong>Reg\u00edstrese aqu\u00ed<\/strong><\/a>\u00a0utilizando el C\u00f3digo Distribuidor <strong>ICAM2013<\/strong>.<\/h3>\r\n","protected":false},"excerpt":{"rendered":"<p>MySaaSPlace es una empresa de tecnolog\u00eda de soluciones de gesti\u00f3n en la nube. Olv\u00eddese de comprar y mantener servidores o pagar licencias de software y acceda a la informaci\u00f3n de sus clientes y casos desde cualquier lugar con una conexi\u00f3n Internet. Nuestras avanzadas soluciones simplifican la gesti\u00f3n de despachos peque\u00f1os\/medianos y profesionales independientes. MySaaSPlace ofrece [&hellip;]<\/p>\n","protected":false},"author":1,"featured_media":0,"parent":0,"menu_order":0,"comment_status":"closed","ping_status":"closed","template":"","meta":[],"_links":{"self":[{"href":"https:\/\/www.mysaasplace.com\/es\/wp-json\/wp\/v2\/pages\/1879"}],"collection":[{"href":"https:\/\/www.mysaasplace.com\/es\/wp-json\/wp\/v2\/pages"}],"about":[{"href":"https:\/\/www.mysaasplace.com\/es\/wp-json\/wp\/v2\/types\/page"}],"author":[{"embeddable":true,"href":"https:\/\/www.mysaasplace.com\/es\/wp-json\/wp\/v2\/users\/1"}],"replies":[{"embeddable":true,"href":"https:\/\/www.mysaasplace.com\/es\/wp-json\/wp\/v2\/comments?post=1879"}],"version-history":[{"count":6,"href":"https:\/\/www.mysaasplace.com\/es\/wp-json\/wp\/v2\/pages\/1879\/revisions"}],"predecessor-version":[{"id":1881,"href":"https:\/\/www.mysaasplace.com\/es\/wp-json\/wp\/v2\/pages\/1879\/revisions\/1881"}],"wp:attachment":[{"href":"https:\/\/www.mysaasplace.com\/es\/wp-json\/wp\/v2\/media?parent=1879"}],"curies":[{"name":"wp","href":"https:\/\/api.w.org\/{rel}","templated":true}]}}