{"id":14,"date":"2013-01-14T19:09:30","date_gmt":"2013-01-14T19:09:30","guid":{"rendered":"http:\/\/www.mysaasplace.com\/?page_id=14"},"modified":"2013-01-28T20:03:20","modified_gmt":"2013-01-28T20:03:20","slug":"funciones","status":"publish","type":"page","link":"https:\/\/www.mysaasplace.com\/es\/funciones\/","title":{"rendered":"Funciones"},"content":{"rendered":"<!-- El texto y la estructura es igual en funciones -->\r\n<h2>Funciones<\/h2>\r\n<div id=\"divisiones\">\r\n<div class=\"primera\">\r\n<div class=\"titularinferiorcinco\">\r\n<div class=\"icono\"><a href=\"\/es\/funciones\/gestion-integrada-de-proyectos\/\"><img alt=\"icono proyectos\" src=\"\/images\/iconos\/proyectos.png\" \/><\/a><\/div>\r\n<div class=\"hache6\"><a href=\"\/es\/funciones\/gestion-integrada-de-proyectos\/\">GESTI\u00d3N INTEGRADA DE PROYECTOS<\/a><\/div>\r\n<\/div>\r\n<div class=\"textoprimera\">El programa <strong>Gesti\u00f3n\u00a0Integrada de Proyectos (GIP)\u00a0de MySaaSPlace<\/strong> es s\u00famamente sencillo de manejar y puede usarse de dos formas bien distintas. Elije la que m\u00e1s le convenga.\r\n<div class=\"ir\"><a href=\"\/es\/funciones\/gestion-integrada-de-proyectos\/\">M\u00c1S INFORMACI\u00d3N<\/a><\/div>\r\n<\/div>\r\n<\/div>\r\n<div class=\"segunda\">\r\n<div class=\"titularinferiorcinco\">\r\n<div class=\"icono\"><a href=\"\/es\/funciones\/gestion-integrada-de-proyectos\/primeros-pasos-gip\/\"><img alt=\"icono pasos\" src=\"\/images\/iconos\/pies.png\" \/><\/a><\/div>\r\n<div class=\"hache6\"><a href=\"\/es\/funciones\/gestion-integrada-de-proyectos\/primeros-pasos-gip\/\">PRIMEROS PASOS<\/a><\/div>\r\n<\/div>\r\n<div class=\"textoprimera\">Primeros pasos para usar la herramienta <strong>GIP de MySaaSPlace<\/strong>. Aprende de manera f\u00e1cil el manejo de esta \u00fatil y sencilla herramienta.\r\n<div class=\"ir\"><a href=\"\/es\/funciones\/gestion-integrada-de-proyectos\/primeros-pasos-gip\/\">M\u00c1S INFORMACI\u00d3N<\/a><\/div>\r\n<\/div>\r\n<\/div>\r\n<div class=\"tercera\">\r\n<div class=\"titularinferiorcinco\">\r\n<div class=\"icono\"><a href=\"\/es\/funciones\/gestion-integrada-de-proyectos\/gestion-integral-de-proyectos-en-2-minutos\/\"><img alt=\"icono reloj\" src=\"\/images\/iconos\/reloj.png\" \/><\/a><\/div>\r\n<div class=\"hache5\"><a href=\"\/es\/funciones\/gestion-integrada-de-proyectos\/gestion-integral-de-proyectos-en-2-minutos\/\">GESTI\u00d3N DE PROYECTOS EN 2 MINUTOS<\/a><\/div>\r\n<\/div>\r\n<div class=\"textoprimera\">En tan solo 2 minutos, podr\u00e1s aprender a <strong>gestionar\u00a0 los proyectos de tu empresa<\/strong> con la visualizaci\u00f3n de un video sobre nuestra herramienta de <strong>GIP<\/strong>.\r\n<div class=\"ir\"><a href=\"\/es\/funciones\/gestion-integrada-de-proyectos\/gestion-integral-de-proyectos-en-2-minutos\/\">M\u00c1S INFORMACI\u00d3N<\/a><\/div>\r\n<\/div>\r\n<\/div>\r\n<\/div>\r\n<div id=\"divisionesdos\">\r\n<div class=\"primera\">\r\n<div class=\"titularinferiorcinco\">\r\n<div class=\"icono\"><a href=\"\/es\/funciones\/contabilidad\/\"><img alt=\"icono contabilidad\" src=\"\/images\/iconos\/contabilidad.png\" \/><\/a><\/div>\r\n<div id=\"hache5\"><a href=\"\/es\/funciones\/contabilidad\/\">CONTABILIDAD<\/a><\/div>\r\n<\/div>\r\n<div class=\"textoprimera\">El <strong>programa de Contabilidad <\/strong>de<strong> MySaaSPlace<\/strong> es s\u00famamente sencillo de manejar y puede usarse de dos formas bien distintas. Elije la que m\u00e1s le convenga.\r\n<div class=\"ir\"><a href=\"\/es\/funciones\/contabilidad\/\">M\u00c1S INFORMACI\u00d3N<\/a><\/div>\r\n<\/div>\r\n<\/div>\r\n<div class=\"segunda\">\r\n<div class=\"titularinferiorcinco\">\r\n<div class=\"icono\"><a href=\"\/es\/funciones\/contabilidad\/sobre-contabilidad\/\"><img alt=\"icono pies\" src=\"\/images\/iconos\/pies.png\" \/><\/a><\/div>\r\n<div class=\"hache6\"><a href=\"\/es\/funciones\/contabilidad\/sobre-contabilidad\/\">PRIMEROS PASOS<\/a><\/div>\r\n<\/div>\r\n<div class=\"textoprimera\">Primeros pasos para usar la herramienta de <strong>Contabilidad de MySaaSPlace<\/strong>. Aprende de manera f\u00e1cil el manejo de esta \u00fatil y sencilla herramienta.\r\n<div class=\"ir\"><a href=\"\/es\/funciones\/contabilidad\/sobre-contabilidad\/\">M\u00c1S INFORMACI\u00d3N<\/a><\/div>\r\n<\/div>\r\n<\/div>\r\n<div class=\"tercera\">\r\n<div class=\"titularinferiorcinco\">\r\n<div class=\"icono\"><a href=\"\/es\/funciones\/contabilidad\/contabilidad-en-2-minutos\/\"><img alt=\"icono reloj\" src=\"\/images\/iconos\/reloj.png\" \/><\/a><\/div>\r\n<div class=\"hache6\"><a href=\"\/es\/funciones\/contabilidad\/contabilidad-en-2-minutos\/\">CONTABILIDAD EN 2 MINUTOS<\/a><\/div>\r\n<\/div>\r\n<div class=\"textoprimera\">En tan solo 2 minutos, podr\u00e1s aprender a <strong>gestionar\u00a0 la contabilidad de tu empresa<\/strong> con la visualizaci\u00f3n de un video sobre nuestra herramienta de <strong>contabilidad<\/strong>.\r\n<div class=\"ir\"><a href=\"\/es\/funciones\/contabilidad\/contabilidad-en-2-minutos\/\">M\u00c1S INFORMACI\u00d3N<\/a><\/div>\r\n<\/div>\r\n<\/div>\r\n<\/div>\r\n<div id=\"divisionestres\">\r\n<div class=\"primera\">\r\n<div class=\"titularinferiorcinco\">\r\n<div class=\"icono\"><a href=\"\/es\/funciones\/facturacion\/\"><img alt=\"icono gestion\" src=\"\/images\/iconos\/gestion.png\" \/><\/a><\/div>\r\n<div class=\"hache6\"><a href=\"\/es\/funciones\/facturacion\/\">FACTURACI\u00d3N<\/a><\/div>\r\n<\/div>\r\n<div class=\"textoprimera\">El<strong> programa de Facturaci\u00f3n <\/strong>de<strong> MySaaSPlace<\/strong> es un completo software que permite gestionar todas las actividades de facturaci\u00f3n de\u00a0una empresa.\r\n<div class=\"irsiete\"><a href=\"\/es\/funciones\/facturacion\/\">M\u00c1S INFORMACI\u00d3N<\/a><\/div>\r\n<\/div>\r\n<\/div>\r\n<div class=\"tercera\">\r\n<div class=\"titularinferiorcinco\">\r\n<div class=\"icono\"><a href=\"\/es\/funciones\/facturacion\/primeros-pasos-facturacion\/\"><img alt=\"icono pies\" src=\"\/images\/iconos\/pies.png\" \/><\/a><\/div>\r\n<div id=\"hache10\"><a href=\"\/es\/funciones\/facturacion\/primeros-pasos-facturacion\/\">PRIMEROS PASOS<\/a><\/div>\r\n<\/div>\r\n<div class=\"textoprimera\">Primeros pasos para usar la herramienta de <strong>Facturaci\u00f3n de MySaaSPlace<\/strong>. Aprende de manera f\u00e1cil el manejo de esta \u00fatil y sencilla herramienta.\r\n<div class=\"ir\"><a href=\"\/es\/funciones\/facturacion\/primeros-pasos-facturacion\/\">M\u00c1S INFORMACI\u00d3N<\/a><\/div>\r\n<\/div>\r\n<\/div>\r\n<div class=\"segunda\">\r\n<div id=\"titularinferiorseis\">\r\n<div class=\"icono\"><a href=\"\/es\/funciones\/facturacion\/facturacion-en-2-minutos\/\"><img alt=\"icono reloj\" src=\"\/images\/iconos\/reloj.png\" \/><\/a><\/div>\r\n<div class=\"hache5\"><a href=\"\/es\/funciones\/facturacion\/facturacion-en-2-minutos\/\">FACTURACI\u00d3N EN 2 MINUTOS<\/a><\/div>\r\n<\/div>\r\n<div class=\"textoprimera\">En tan solo 2 minutos, podr\u00e1s gestionar totalmente la <strong>facturaci\u00f3n de tu empresa<\/strong> con \u00a0la visualizaci\u00f3n de un video sobre\u00a0nuestra herramienta de <strong>facturaci\u00f3n.<\/strong>\r\n<div class=\"ir\"><a href=\"\/es\/funciones\/facturacion\/facturacion-en-2-minutos\/\">M\u00c1S INFORMACI\u00d3N<\/a><\/div>\r\n<\/div>\r\n<\/div>\r\n<\/div>\r\n","protected":false},"excerpt":{"rendered":"<p>Funciones GESTI\u00d3N INTEGRADA DE PROYECTOS El programa Gesti\u00f3n\u00a0Integrada de Proyectos (GIP)\u00a0de MySaaSPlace es s\u00famamente sencillo de manejar y puede usarse de dos formas bien distintas. Elije la que m\u00e1s le convenga. M\u00c1S INFORMACI\u00d3N PRIMEROS PASOS Primeros pasos para usar la herramienta GIP de MySaaSPlace. Aprende de manera f\u00e1cil el manejo de esta \u00fatil y sencilla [&hellip;]<\/p>\n","protected":false},"author":1,"featured_media":0,"parent":0,"menu_order":0,"comment_status":"closed","ping_status":"closed","template":"","meta":[],"_links":{"self":[{"href":"https:\/\/www.mysaasplace.com\/es\/wp-json\/wp\/v2\/pages\/14"}],"collection":[{"href":"https:\/\/www.mysaasplace.com\/es\/wp-json\/wp\/v2\/pages"}],"about":[{"href":"https:\/\/www.mysaasplace.com\/es\/wp-json\/wp\/v2\/types\/page"}],"author":[{"embeddable":true,"href":"https:\/\/www.mysaasplace.com\/es\/wp-json\/wp\/v2\/users\/1"}],"replies":[{"embeddable":true,"href":"https:\/\/www.mysaasplace.com\/es\/wp-json\/wp\/v2\/comments?post=14"}],"version-history":[{"count":12,"href":"https:\/\/www.mysaasplace.com\/es\/wp-json\/wp\/v2\/pages\/14\/revisions"}],"predecessor-version":[{"id":973,"href":"https:\/\/www.mysaasplace.com\/es\/wp-json\/wp\/v2\/pages\/14\/revisions\/973"}],"wp:attachment":[{"href":"https:\/\/www.mysaasplace.com\/es\/wp-json\/wp\/v2\/media?parent=14"}],"curies":[{"name":"wp","href":"https:\/\/api.w.org\/{rel}","templated":true}]}}