{"id":1055,"date":"2013-02-19T10:44:49","date_gmt":"2013-02-19T10:44:49","guid":{"rendered":"http:\/\/www.mysaasplace.com\/?page_id=1055"},"modified":"2013-03-10T17:28:54","modified_gmt":"2013-03-10T17:28:54","slug":"nube-privada","status":"publish","type":"page","link":"https:\/\/www.mysaasplace.com\/es\/servicios\/nube-privada\/","title":{"rendered":"Nube Privada"},"content":{"rendered":"\r\n<h2>Nube Privada<\/h2>\r\n<p>La implantaci\u00f3n de un nuevo y potente <strong>Sistema de Gesti\u00f3n<\/strong> como <a href=\"http:\/\/www.mysaasplace.com\"><strong>MySaaSPlace<\/strong><\/a> puede requerir, dependiendo del tama\u00f1o y actividad de la empresa, de su despliegue en una <strong>Nube Privada<\/strong> dentro de la infraestructura de sistemas de\u00a0la organizaci\u00f3n. La tecnolog\u00eda de <strong>MySaaSPlace<\/strong>, que utiliza <strong>Microsoft Azure<\/strong> como plataforma de infraestructura, permite sin ning\u00fan problema, responder a este tipo de necesidades. La <strong>Red de Partners de MySaaSPlace<\/strong> dispone del conocimiento y las metodolog\u00edas para ayudar al cliente en todo el proyecto de despliegue\u00a0\u00a0y asegurar la r\u00e1pida consecuci\u00f3n de todos los beneficios de la soluci\u00f3n <strong>MySaaSPlace.<\/strong><\/p>\r\n<p>Para recibir m\u00e1s informaci\u00f3n de nuestro servicio de <strong>Nube Privada<\/strong> puedes rellenar el siguiente formulario y nos pondremos en contacto contigo con la mayor brevedad para analizar tus necesidades y recomendarte el mejor <strong>Partner MySaaSPlace<\/strong> para tu proyecto.<\/p>\r\n<div id=\"formularionubeprivada\"><form id=\"form1\" action=\"\/es\/servicios\/nube-privada\/\" method=\"post\" name=\"form1\">\r\n<p>Nombre y Apellidos*<br \/> <input class=\"campo\" type=\"text\" name=\"nombre\" value=\"\" \/><\/p>\r\n<p>Empresa*<br \/> <textarea class=\"com\" name=\"empresa\"><\/textarea><\/p>\r\n<p>Email*<br \/> <input class=\"campo\" type=\"text\" name=\"email\" value=\"\" \/><\/p>\r\n<p>Tel\u00e9fono*<br \/> <input class=\"campo\" type=\"text\" name=\"telefono\" value=\"\" \/><\/p>\r\n<div class=\"form_advisor\">Es necesario rellenar los campos marcados con * para poder enviar el formulario.<\/div>\r\n<input type=\"hidden\" name=\"idioma\" value=\"es\" \/> <input type=\"hidden\" name=\"tiposervicio\" value=\"nube-privada\" \/> <input type=\"reset\" value=\"BORRAR\" \/> <input type=\"submit\" name=\"enviar\" value=\"ENVIAR\" \/><\/form><\/div>\r\n","protected":false},"excerpt":{"rendered":"<p>Nube Privada La implantaci\u00f3n de un nuevo y potente Sistema de Gesti\u00f3n como MySaaSPlace puede requerir, dependiendo del tama\u00f1o y actividad de la empresa, de su despliegue en una Nube Privada dentro de la infraestructura de sistemas de\u00a0la organizaci\u00f3n. La tecnolog\u00eda de MySaaSPlace, que utiliza Microsoft Azure como plataforma de infraestructura, permite sin ning\u00fan problema, [&hellip;]<\/p>\n","protected":false},"author":1,"featured_media":137,"parent":1042,"menu_order":5,"comment_status":"closed","ping_status":"closed","template":"","meta":[],"_links":{"self":[{"href":"https:\/\/www.mysaasplace.com\/es\/wp-json\/wp\/v2\/pages\/1055"}],"collection":[{"href":"https:\/\/www.mysaasplace.com\/es\/wp-json\/wp\/v2\/pages"}],"about":[{"href":"https:\/\/www.mysaasplace.com\/es\/wp-json\/wp\/v2\/types\/page"}],"author":[{"embeddable":true,"href":"https:\/\/www.mysaasplace.com\/es\/wp-json\/wp\/v2\/users\/1"}],"replies":[{"embeddable":true,"href":"https:\/\/www.mysaasplace.com\/es\/wp-json\/wp\/v2\/comments?post=1055"}],"version-history":[{"count":9,"href":"https:\/\/www.mysaasplace.com\/es\/wp-json\/wp\/v2\/pages\/1055\/revisions"}],"predecessor-version":[{"id":1192,"href":"https:\/\/www.mysaasplace.com\/es\/wp-json\/wp\/v2\/pages\/1055\/revisions\/1192"}],"up":[{"embeddable":true,"href":"https:\/\/www.mysaasplace.com\/es\/wp-json\/wp\/v2\/pages\/1042"}],"wp:featuredmedia":[{"embeddable":true,"href":"https:\/\/www.mysaasplace.com\/es\/wp-json\/wp\/v2\/media\/137"}],"wp:attachment":[{"href":"https:\/\/www.mysaasplace.com\/es\/wp-json\/wp\/v2\/media?parent=1055"}],"curies":[{"name":"wp","href":"https:\/\/api.w.org\/{rel}","templated":true}]}}