{"id":1050,"date":"2013-02-19T10:46:06","date_gmt":"2013-02-19T10:46:06","guid":{"rendered":"http:\/\/www.mysaasplace.com\/?page_id=1050"},"modified":"2013-03-10T17:25:55","modified_gmt":"2013-03-10T17:25:55","slug":"exportacion-de-datos","status":"publish","type":"page","link":"https:\/\/www.mysaasplace.com\/es\/servicios\/exportacion-de-datos\/","title":{"rendered":"Exportaci\u00f3n de Datos"},"content":{"rendered":"\r\n<h2>Exportaci\u00f3n de Datos<\/h2>\r\n<p>Aunque <a href=\"http:\/\/www.mysaasplace.com\"><strong>MySaaSPlace<\/strong><\/a> ofrece una amplia variedad de m\u00e9todos de exportaci\u00f3n de datos de forma standard, hay determinados casos donde puede ser necesario personalizar <strong>MySaaSPlace<\/strong> para facilitar la exportaci\u00f3n de datos, por ejemplo del <strong>GIP<\/strong>, a otros sistemas en la organizaci\u00f3n. La experiencia y conocimientos de la <strong>Red de Partners de MySaaSPlace<\/strong> asegura una adecuada exportaci\u00f3n de datos para extender los beneficios de la soluci\u00f3n <strong>MySaaSPlace<\/strong> a otros sistemas\u00a0de la empresa.<\/p>\r\n<p>Para recibir m\u00e1s informaci\u00f3n puedes rellenar el siguiente formulario y nos pondremos en contacto contigo con la mayor brevedad para anlaizar tus necesidades y recomendarte el mejor Partner que te pueda ayudar en la e<strong>xportaci\u00f3n de datos<\/strong>.<\/p>\r\n<div id=\"formularioexportaciondatos\"><form id=\"form1\" action=\"\/es\/servicios\/exportacion-de-datos\/\" method=\"post\" name=\"form1\">\r\n<p>Nombre y Apellidos*<br \/> <input class=\"campo\" type=\"text\" name=\"nombre\" value=\"\" \/><\/p>\r\n<p>Empresa*<br \/> <textarea class=\"com\" name=\"empresa\"><\/textarea><\/p>\r\n<p>Email*<br \/> <input class=\"campo\" type=\"text\" name=\"email\" value=\"\" \/><\/p>\r\n<p>Tel\u00e9fono*<br \/> <input class=\"campo\" type=\"text\" name=\"telefono\" value=\"\" \/><\/p>\r\n<div class=\"form_advisor\">Es necesario rellenar los campos marcados con * para poder enviar el formulario.<\/div>\r\n<input type=\"hidden\" name=\"idioma\" value=\"es\" \/> <input type=\"hidden\" name=\"tiposervicio\" value=\"exportacion-de-datos\" \/> <input type=\"reset\" value=\"BORRAR\" \/> <input type=\"submit\" name=\"enviar\" value=\"ENVIAR\" \/><\/form><\/div>\r\n","protected":false},"excerpt":{"rendered":"<p>Exportaci\u00f3n de Datos Aunque MySaaSPlace ofrece una amplia variedad de m\u00e9todos de exportaci\u00f3n de datos de forma standard, hay determinados casos donde puede ser necesario personalizar MySaaSPlace para facilitar la exportaci\u00f3n de datos, por ejemplo del GIP, a otros sistemas en la organizaci\u00f3n. La experiencia y conocimientos de la Red de Partners de MySaaSPlace asegura [&hellip;]<\/p>\n","protected":false},"author":1,"featured_media":1051,"parent":1042,"menu_order":3,"comment_status":"closed","ping_status":"closed","template":"","meta":[],"_links":{"self":[{"href":"https:\/\/www.mysaasplace.com\/es\/wp-json\/wp\/v2\/pages\/1050"}],"collection":[{"href":"https:\/\/www.mysaasplace.com\/es\/wp-json\/wp\/v2\/pages"}],"about":[{"href":"https:\/\/www.mysaasplace.com\/es\/wp-json\/wp\/v2\/types\/page"}],"author":[{"embeddable":true,"href":"https:\/\/www.mysaasplace.com\/es\/wp-json\/wp\/v2\/users\/1"}],"replies":[{"embeddable":true,"href":"https:\/\/www.mysaasplace.com\/es\/wp-json\/wp\/v2\/comments?post=1050"}],"version-history":[{"count":11,"href":"https:\/\/www.mysaasplace.com\/es\/wp-json\/wp\/v2\/pages\/1050\/revisions"}],"predecessor-version":[{"id":1299,"href":"https:\/\/www.mysaasplace.com\/es\/wp-json\/wp\/v2\/pages\/1050\/revisions\/1299"}],"up":[{"embeddable":true,"href":"https:\/\/www.mysaasplace.com\/es\/wp-json\/wp\/v2\/pages\/1042"}],"wp:featuredmedia":[{"embeddable":true,"href":"https:\/\/www.mysaasplace.com\/es\/wp-json\/wp\/v2\/media\/1051"}],"wp:attachment":[{"href":"https:\/\/www.mysaasplace.com\/es\/wp-json\/wp\/v2\/media?parent=1050"}],"curies":[{"name":"wp","href":"https:\/\/api.w.org\/{rel}","templated":true}]}}