{"id":1048,"date":"2013-02-19T10:40:34","date_gmt":"2013-02-19T10:40:34","guid":{"rendered":"http:\/\/www.mysaasplace.com\/?page_id=1048"},"modified":"2013-03-10T17:16:20","modified_gmt":"2013-03-10T17:16:20","slug":"migracion-de-datos","status":"publish","type":"page","link":"https:\/\/www.mysaasplace.com\/es\/servicios\/migracion-de-datos\/","title":{"rendered":"Migraci\u00f3n de Datos"},"content":{"rendered":"\r\n<h2>Migraci\u00f3n de Datos<\/h2>\r\n<p>Una de las necesidades mas frecuentes en todo tipo y tama\u00f1o de organizaciones que implantan <a href=\"http:\/\/www.mysaasplace.com\"><strong>MySaaSPlace<\/strong> <\/a>es introducir los datos de proyectos o ejercicios anteriores en la soluci\u00f3n <strong>MySaasPlace<\/strong>. Los servicios de <strong>Migraci\u00f3n de Datos<\/strong> que ofrece la <strong>Red de Partners de MySaaSPlace<\/strong> aseguran una carga de datos r\u00e1pida y econ\u00f3mica para\u00a0 obtener lo antes posible todos los beneficios de la soluci\u00f3n MySaaSPlace.<\/p>\r\n<p>Si quieres contratar <strong>MySaaSPlace<\/strong> y necesitas\u00a0<strong>Migraci\u00f3n de Datos<\/strong> , por favor rellena el siguiente formulario y nos pondremos en contacto contigo para analizar tus necesidades y recomendarte el mejor Partner para tu perfil.<\/p>\r\n<div id=\"formulariomigraciondatos\"><form id=\"form1\" action=\"\/es\/servicios\/migracion-de-datos\/\" method=\"post\" name=\"form1\">\r\n<p>Nombre y Apellidos*<br \/> <input class=\"campo\" type=\"text\" name=\"nombre\" value=\"\" \/><\/p>\r\n<p>Empresa*<br \/> <textarea class=\"com\" name=\"empresa\"><\/textarea><\/p>\r\n<p>Email*<br \/> <input class=\"campo\" type=\"text\" name=\"email\" value=\"\" \/><\/p>\r\n<p>Tel\u00e9fono*<br \/> <input class=\"campo\" type=\"text\" name=\"telefono\" value=\"\" \/><\/p>\r\n<div class=\"form_advisor\">Es necesario rellenar los campos marcados con * para poder enviar el formulario.<\/div>\r\n<input type=\"hidden\" name=\"idioma\" value=\"es\" \/> <input type=\"hidden\" name=\"tiposervicio\" value=\"migracion-de-datos\" \/> <input type=\"reset\" value=\"BORRAR\" \/> <input type=\"submit\" name=\"enviar\" value=\"ENVIAR\" \/><\/form><\/div>\r\n","protected":false},"excerpt":{"rendered":"<p>Migraci\u00f3n de Datos Una de las necesidades mas frecuentes en todo tipo y tama\u00f1o de organizaciones que implantan MySaaSPlace es introducir los datos de proyectos o ejercicios anteriores en la soluci\u00f3n MySaasPlace. Los servicios de Migraci\u00f3n de Datos que ofrece la Red de Partners de MySaaSPlace aseguran una carga de datos r\u00e1pida y econ\u00f3mica para\u00a0 [&hellip;]<\/p>\n","protected":false},"author":1,"featured_media":159,"parent":1042,"menu_order":2,"comment_status":"closed","ping_status":"closed","template":"","meta":[],"_links":{"self":[{"href":"https:\/\/www.mysaasplace.com\/es\/wp-json\/wp\/v2\/pages\/1048"}],"collection":[{"href":"https:\/\/www.mysaasplace.com\/es\/wp-json\/wp\/v2\/pages"}],"about":[{"href":"https:\/\/www.mysaasplace.com\/es\/wp-json\/wp\/v2\/types\/page"}],"author":[{"embeddable":true,"href":"https:\/\/www.mysaasplace.com\/es\/wp-json\/wp\/v2\/users\/1"}],"replies":[{"embeddable":true,"href":"https:\/\/www.mysaasplace.com\/es\/wp-json\/wp\/v2\/comments?post=1048"}],"version-history":[{"count":10,"href":"https:\/\/www.mysaasplace.com\/es\/wp-json\/wp\/v2\/pages\/1048\/revisions"}],"predecessor-version":[{"id":1298,"href":"https:\/\/www.mysaasplace.com\/es\/wp-json\/wp\/v2\/pages\/1048\/revisions\/1298"}],"up":[{"embeddable":true,"href":"https:\/\/www.mysaasplace.com\/es\/wp-json\/wp\/v2\/pages\/1042"}],"wp:featuredmedia":[{"embeddable":true,"href":"https:\/\/www.mysaasplace.com\/es\/wp-json\/wp\/v2\/media\/159"}],"wp:attachment":[{"href":"https:\/\/www.mysaasplace.com\/es\/wp-json\/wp\/v2\/media?parent=1048"}],"curies":[{"name":"wp","href":"https:\/\/api.w.org\/{rel}","templated":true}]}}