{"id":1044,"date":"2013-02-19T10:38:07","date_gmt":"2013-02-19T10:38:07","guid":{"rendered":"http:\/\/www.mysaasplace.com\/?page_id=1044"},"modified":"2013-03-10T17:14:06","modified_gmt":"2013-03-10T17:14:06","slug":"consultoria-de-implantacion","status":"publish","type":"page","link":"https:\/\/www.mysaasplace.com\/es\/servicios\/consultoria-de-implantacion\/","title":{"rendered":"Consultor\u00eda de Implantaci\u00f3n"},"content":{"rendered":"\r\n<h2>Consultor\u00eda de Implantaci\u00f3n<\/h2>\r\n<p>Para organizaciones de tama\u00f1o mediano o grande la <strong>Consultor\u00eda de Implantaci\u00f3n<\/strong> de un nuevo y potente <strong>Sistema de Gesti\u00f3n<\/strong> como <a href=\"http:\/\/www.mysaasplace.com\"><strong>MySaaSPlace<\/strong><\/a> es el proceso mas eficaz, en t\u00e9rminos econ\u00f3micos, para llevarlo a cabo.<\/p>\r\n<p>La amplia <strong>Red de Partners de MySaaSPlace<\/strong> nos permite ofrecer <strong>Consultor\u00eda de Implantaci\u00f3n<\/strong> adaptada a la operativa de cada cliente. Nuestros Partners est\u00e1n especializados en diferentes sectores de actividad para asegurar una implantaci\u00f3n, en plazos y costes, eficaz y empezar a obtener lo antes posible todos los beneficios de la soluci\u00f3n <strong>MySaaSPlace<\/strong>.<\/p>\r\n<p>Para recibir m\u00e1s informaci\u00f3n puedes rellenar el siguiente formulario y nos pondremos en contacto contigo con la mayor brevedad para analizar tus necesidades y recomendarte en Partner m\u00e1s adecuado.<\/p>\r\n<div id=\"formularioconsultoriaimplantacion\"><form id=\"form1\" action=\"\/es\/servicios\/consultoria-de-implantacion\/\" method=\"post\" name=\"form1\">\r\n<p>Nombre y Apellidos*<br \/> <input class=\"campo\" type=\"text\" name=\"nombre\" value=\"\" \/><\/p>\r\n<p>Empresa*<br \/> <textarea class=\"com\" name=\"empresa\"><\/textarea><\/p>\r\n<p>Email*<br \/> <input class=\"campo\" type=\"text\" name=\"email\" value=\"\" \/><\/p>\r\n<p>Tel\u00e9fono*<br \/> <input class=\"campo\" type=\"text\" name=\"telefono\" value=\"\" \/><\/p>\r\n<div class=\"form_advisor\">Es necesario rellenar los campos marcados con * para poder enviar el formulario.<\/div>\r\n<input type=\"hidden\" name=\"idioma\" value=\"es\" \/> <input type=\"hidden\" name=\"tiposervicio\" value=\"consultoria-de-implantacion\" \/> <input type=\"reset\" value=\"BORRAR\" \/> <input type=\"submit\" name=\"enviar\" value=\"ENVIAR\" \/><\/form><\/div>\r\n","protected":false},"excerpt":{"rendered":"<p>Consultor\u00eda de Implantaci\u00f3n Para organizaciones de tama\u00f1o mediano o grande la Consultor\u00eda de Implantaci\u00f3n de un nuevo y potente Sistema de Gesti\u00f3n como MySaaSPlace es el proceso mas eficaz, en t\u00e9rminos econ\u00f3micos, para llevarlo a cabo. La amplia Red de Partners de MySaaSPlace nos permite ofrecer Consultor\u00eda de Implantaci\u00f3n adaptada a la operativa de cada [&hellip;]<\/p>\n","protected":false},"author":1,"featured_media":150,"parent":1042,"menu_order":1,"comment_status":"closed","ping_status":"closed","template":"","meta":[],"_links":{"self":[{"href":"https:\/\/www.mysaasplace.com\/es\/wp-json\/wp\/v2\/pages\/1044"}],"collection":[{"href":"https:\/\/www.mysaasplace.com\/es\/wp-json\/wp\/v2\/pages"}],"about":[{"href":"https:\/\/www.mysaasplace.com\/es\/wp-json\/wp\/v2\/types\/page"}],"author":[{"embeddable":true,"href":"https:\/\/www.mysaasplace.com\/es\/wp-json\/wp\/v2\/users\/1"}],"replies":[{"embeddable":true,"href":"https:\/\/www.mysaasplace.com\/es\/wp-json\/wp\/v2\/comments?post=1044"}],"version-history":[{"count":11,"href":"https:\/\/www.mysaasplace.com\/es\/wp-json\/wp\/v2\/pages\/1044\/revisions"}],"predecessor-version":[{"id":1297,"href":"https:\/\/www.mysaasplace.com\/es\/wp-json\/wp\/v2\/pages\/1044\/revisions\/1297"}],"up":[{"embeddable":true,"href":"https:\/\/www.mysaasplace.com\/es\/wp-json\/wp\/v2\/pages\/1042"}],"wp:featuredmedia":[{"embeddable":true,"href":"https:\/\/www.mysaasplace.com\/es\/wp-json\/wp\/v2\/media\/150"}],"wp:attachment":[{"href":"https:\/\/www.mysaasplace.com\/es\/wp-json\/wp\/v2\/media?parent=1044"}],"curies":[{"name":"wp","href":"https:\/\/api.w.org\/{rel}","templated":true}]}}